{"id":1491,"date":"2019-07-10T12:40:15","date_gmt":"2019-07-10T10:40:15","guid":{"rendered":"https:\/\/www.sibyllekaminski.de\/coaching-koeln\/?page_id=1491"},"modified":"2025-10-13T12:29:59","modified_gmt":"2025-10-13T10:29:59","slug":"seminare-workshops-nrw","status":"publish","type":"page","link":"https:\/\/www.sibyllekaminski.de\/coaching-koeln\/seminare-workshops-nrw","title":{"rendered":"Workshops in K\u00f6ln und NRW"},"content":{"rendered":"<div class=\"row\">\n<div class=\"small-12 columns\">\n<h3><a href=\"https:\/\/www.sibyllekaminski.de\/coaching-koeln\/seminare-workshops-nrw\/klosterauszeit-stressbewaeltiung-nrw\">Klosterauszeit<\/a><\/h3>\n<h3><span style=\"font-size: 12pt;\">Achtsamkeit Kloster Wochenende NRW, Wochenendseminar NRW, Achtsamkeits-Retreat NRW<\/span><\/h3>\n<ul>\n<li>13. bis 15. M\u00e4rz 2026<\/li>\n<li>9. bis 11. Oktober 2026<br \/>\njeweils von Freitagabend 18.00 Uhr bis Sonntagmittag 13.00 Uhr <a href=\"https:\/\/www.sibyllekaminski.de\/coaching-koeln\/wp-content\/uploads\/Auszeit-Kloster-Ehrenstein-2026.pdf\">Auszeit Kloster Ehrenstein 2026<\/a><\/li>\n<\/ul>\n<p>Anmeldung bitte mit vollst\u00e4ndiger Anschrift an: <a href=\"&#109;&#x61;i&#108;&#x74;&#111;&#x3a;c&#111;&#x6e;t&#x61;&#x63;&#116;&#x40;s&#105;&#x62;y&#x6c;&#x6c;&#101;&#x6b;a&#109;&#x69;&#110;&#x73;k&#105;&#x2e;d&#101;\">c&#111;&#x6e;&#x74;a&#99;&#116;&#x40;&#x73;i&#98;&#x79;&#x6c;l&#101;&#107;&#x61;&#x6d;i&#110;&#x73;&#x6b;i&#46;&#100;&#x65;<\/a><\/p>\n<p>&nbsp;<\/p>\n<\/div>\n<h3><a href=\"https:\/\/www.sibyllekaminski.de\/coaching-koeln\/seminare-workshops-nrw\/klosterauszeit-stressbewaeltiung-nrw\">Genderfair Workshops<\/a><\/h3>\n<div class=\"small-12\">\n<p>Das <a href=\"https:\/\/www.sibyllekaminski.de\/coaching-koeln\/seminare-workshops-nrw\/mehr-souveraenitaet-fuer-frauen\">Souver\u00e4nit\u00e4tstraining<\/a> sowie die <a href=\"https:\/\/www.sibyllekaminski.de\/coaching-koeln\/genderfair-angebote-fuer-eine-gerechte-arbeitswelt.html\">Angebote_genderfair<\/a>, sexualisierte Bel\u00e4stigung in Unternehmen finden dort statt, wo wir eingeladen werden: in Ihrem Unternehmen, Institution, Gastst\u00e4tte, Kultureinrichtung, Hochschule&#8230;<\/p>\n<div class=\"row nopadding\"><div class=\"small-12 columns\" id=\"buchungsdiv\"><a href=\"https:\/\/www.terminland.de\/sibyllekaminski\/\"  target=\"_blank\" id=\"buchungsbutton\"  title=\"Hier geht\u2019s zu meinem Terminkalender\" style=\"line-height:42px;margin-left:auto;margin-right:10px;margin-bottom:10px;float:left;\">Klarheit buchen<\/a><\/div><\/div>\n<\/div>\n<\/div>\n<div class=\"row\">\n<div class=\"small-12 medium-4 columns noright\">\n<p><img loading=\"lazy\" decoding=\"async\" width=\"1024\" height=\"651\" class=\"size-full wp-image-1559\" src=\"https:\/\/www.sibyllekaminski.de\/coaching-koeln\/wp-content\/uploads\/Kloster_Ehrenstein.jpg\" srcset=\"https:\/\/www.sibyllekaminski.de\/coaching-koeln\/wp-content\/uploads\/Kloster_Ehrenstein.jpg 1024w, https:\/\/www.sibyllekaminski.de\/coaching-koeln\/wp-content\/uploads\/Kloster_Ehrenstein-768x488.jpg 768w, https:\/\/www.sibyllekaminski.de\/coaching-koeln\/wp-content\/uploads\/Kloster_Ehrenstein-680x432.jpg 680w, https:\/\/www.sibyllekaminski.de\/coaching-koeln\/wp-content\/uploads\/Kloster_Ehrenstein-540x343.jpg 540w\" sizes=\"auto, (max-width: 1024px) 100vw, 1024px\" \/> Kloster Ehrenstein<\/p>\n<\/div>\n<\/div>\n<div class=\"row\" id=\"iconbar\"><div class=\"small-12 medium-6 large-3 columns text-center\"><h3><a href=\"https:\/\/www.sibyllekaminski.de\/coaching-koeln\/business-managment-coaching\">Business Coaching<\/a><\/h3><a href=\"https:\/\/www.sibyllekaminski.de\/coaching-koeln\/business-managment-coaching\"><img decoding=\"async\" src=\"https:\/\/www.sibyllekaminski.de\/coaching-koeln\/wp-content\/themes\/kaminski\/img\/icon-phone-business-coaching.png\"><\/a><br>Reflexion der beruflichen Rolle und Position, Komplexit\u00e4t l\u00f6sen, Klarheit gewinnen<\/div><div class=\"small-12 medium-6 large-3 columns text-center\"><h3><a href=\"https:\/\/www.sibyllekaminski.de\/coaching-koeln\/souveraen-auftreten\">Souver\u00e4nit\u00e4t<\/a><\/h3><a href=\"https:\/\/www.sibyllekaminski.de\/coaching-koeln\/souveraen-auftreten\"><img decoding=\"async\" src=\"https:\/\/www.sibyllekaminski.de\/coaching-koeln\/wp-content\/themes\/kaminski\/img\/icon-heart-pulse-life-coaching.png\"><\/a><br>Durchsetzungsstark, pr\u00e4sent, angstfrei in herausfordernden Situationen<\/div><div class=\"small-12 medium-6 large-3 columns text-center\"><h3><a href=\"https:\/\/www.sibyllekaminski.de\/coaching-koeln\/seminare-workshops-nrw\">Workshops<\/a><\/h3><a href=\"https:\/\/www.sibyllekaminski.de\/coaching-koeln\/seminare-workshops-nrw\"><img decoding=\"async\" src=\"https:\/\/www.sibyllekaminski.de\/coaching-koeln\/wp-content\/themes\/kaminski\/img\/icon-diamond-veranstaltungen.png\"><\/a><br>Souver\u00e4nit\u00e4tstraining, genderfair Vortr\u00e4ge und Workshops, Klosterauszeit<\/div><div class=\"small-12 medium-6 large-3 columns text-center\"><h3><a href=\"https:\/\/www.sibyllekaminski.de\/coaching-koeln\/referenzen\">Referenzen<\/a><\/h3><a href=\"https:\/\/www.sibyllekaminski.de\/coaching-koeln\/referenzen\"><img decoding=\"async\" src=\"https:\/\/www.sibyllekaminski.de\/coaching-koeln\/wp-content\/themes\/kaminski\/img\/icon-star-vita.png\"><\/a><br>Kund:innen-Feedback zu Coachings, Workshops, Trainings<\/div><\/div>\n","protected":false},"excerpt":{"rendered":"<p>Klosterauszeit Achtsamkeit Kloster Wochenende NRW, Wochenendseminar NRW, Achtsamkeits-Retreat NRW 13. bis 15. M\u00e4rz 2026 9. bis 11. Oktober 2026 jeweils von Freitagabend 18.00 Uhr bis Sonntagmittag 13.00 Uhr Auszeit Kloster Ehrenstein 2026 Anmeldung bitte mit vollst\u00e4ndiger Anschrift an: &#99;&#111;&#x6e;&#x74;&#97;&#99;&#x74;&#x40;&#115;&#105;&#x62;&#x79;&#108;&#108;&#x65;&#x6b;&#97;&#109;&#x69;&#x6e;&#115;&#107;&#x69;&#x2e;&#100;&#101; &nbsp; Genderfair Workshops Das Souver\u00e4nit\u00e4tstraining sowie die Angebote_genderfair, sexualisierte Bel\u00e4stigung in Unternehmen finden dort statt, wo [&hellip;]<\/p>\n","protected":false},"author":6,"featured_media":0,"parent":0,"menu_order":0,"comment_status":"closed","ping_status":"closed","template":"","meta":{"footnotes":""},"class_list":["post-1491","page","type-page","status-publish","hentry"],"yoast_head":"<!-- This site is optimized with the Yoast SEO plugin v27.4 - https:\/\/yoast.com\/product\/yoast-seo-wordpress\/ -->\n<title>Workshops in K\u00f6ln und NRW - Coaching K\u00f6ln<\/title>\n<meta name=\"description\" content=\"\u27a4 Aktuelle Veranstaltungen | Klosterauszeit | Achtsamkeitswochenende | Workshops in K\u00f6ln | Durchsetzungstraining f\u00fcr Frauen in NRW, K\u00f6ln|\" \/>\n<meta name=\"robots\" content=\"index, follow, max-snippet:-1, max-image-preview:large, max-video-preview:-1\" \/>\n<link rel=\"canonical\" href=\"https:\/\/www.sibyllekaminski.de\/coaching-koeln\/seminare-workshops-nrw\" \/>\n<meta property=\"og:locale\" content=\"de_DE\" \/>\n<meta property=\"og:type\" content=\"article\" \/>\n<meta property=\"og:title\" content=\"Workshops in K\u00f6ln und NRW - Coaching K\u00f6ln\" \/>\n<meta property=\"og:description\" content=\"\u27a4 Aktuelle Veranstaltungen | Klosterauszeit | Achtsamkeitswochenende | Workshops in K\u00f6ln | Durchsetzungstraining f\u00fcr Frauen in NRW, K\u00f6ln|\" \/>\n<meta property=\"og:url\" content=\"https:\/\/www.sibyllekaminski.de\/coaching-koeln\/seminare-workshops-nrw\" \/>\n<meta property=\"og:site_name\" content=\"Coaching K\u00f6ln. Sibylle Kaminski.\" \/>\n<meta property=\"article:publisher\" content=\"https:\/\/www.facebook.com\/relax.your.work\/\" \/>\n<meta property=\"article:modified_time\" content=\"2025-10-13T10:29:59+00:00\" \/>\n<meta property=\"og:image\" content=\"https:\/\/www.sibyllekaminski.de\/coaching-koeln\/wp-content\/uploads\/Kloster_Ehrenstein.jpg\" \/>\n\t<meta property=\"og:image:width\" content=\"1024\" \/>\n\t<meta property=\"og:image:height\" content=\"651\" \/>\n\t<meta property=\"og:image:type\" content=\"image\/jpeg\" \/>\n<meta name=\"twitter:card\" content=\"summary_large_image\" \/>\n<meta name=\"twitter:label1\" content=\"Gesch\u00e4tzte Lesezeit\" \/>\n\t<meta name=\"twitter:data1\" content=\"1\u00a0Minute\" \/>\n<script type=\"application\/ld+json\" class=\"yoast-schema-graph\">{\"@context\":\"https:\\\/\\\/schema.org\",\"@graph\":[{\"@type\":\"WebPage\",\"@id\":\"https:\\\/\\\/www.sibyllekaminski.de\\\/coaching-koeln\\\/seminare-workshops-nrw\",\"url\":\"https:\\\/\\\/www.sibyllekaminski.de\\\/coaching-koeln\\\/seminare-workshops-nrw\",\"name\":\"Workshops in K\u00f6ln und NRW - Coaching K\u00f6ln\",\"isPartOf\":{\"@id\":\"https:\\\/\\\/www.sibyllekaminski.de\\\/coaching-koeln\\\/#website\"},\"primaryImageOfPage\":{\"@id\":\"https:\\\/\\\/www.sibyllekaminski.de\\\/coaching-koeln\\\/seminare-workshops-nrw#primaryimage\"},\"image\":{\"@id\":\"https:\\\/\\\/www.sibyllekaminski.de\\\/coaching-koeln\\\/seminare-workshops-nrw#primaryimage\"},\"thumbnailUrl\":\"https:\\\/\\\/www.sibyllekaminski.de\\\/coaching-koeln\\\/wp-content\\\/uploads\\\/Kloster_Ehrenstein.jpg\",\"datePublished\":\"2019-07-10T10:40:15+00:00\",\"dateModified\":\"2025-10-13T10:29:59+00:00\",\"description\":\"\u27a4 Aktuelle Veranstaltungen | Klosterauszeit | Achtsamkeitswochenende | Workshops in K\u00f6ln | Durchsetzungstraining f\u00fcr Frauen in NRW, K\u00f6ln|\",\"breadcrumb\":{\"@id\":\"https:\\\/\\\/www.sibyllekaminski.de\\\/coaching-koeln\\\/seminare-workshops-nrw#breadcrumb\"},\"inLanguage\":\"de\",\"potentialAction\":[{\"@type\":\"ReadAction\",\"target\":[\"https:\\\/\\\/www.sibyllekaminski.de\\\/coaching-koeln\\\/seminare-workshops-nrw\"]}]},{\"@type\":\"ImageObject\",\"inLanguage\":\"de\",\"@id\":\"https:\\\/\\\/www.sibyllekaminski.de\\\/coaching-koeln\\\/seminare-workshops-nrw#primaryimage\",\"url\":\"https:\\\/\\\/www.sibyllekaminski.de\\\/coaching-koeln\\\/wp-content\\\/uploads\\\/Kloster_Ehrenstein.jpg\",\"contentUrl\":\"https:\\\/\\\/www.sibyllekaminski.de\\\/coaching-koeln\\\/wp-content\\\/uploads\\\/Kloster_Ehrenstein.jpg\",\"width\":1024,\"height\":651,\"caption\":\"Klosterauszeit im Kloster Ehrenstein\"},{\"@type\":\"BreadcrumbList\",\"@id\":\"https:\\\/\\\/www.sibyllekaminski.de\\\/coaching-koeln\\\/seminare-workshops-nrw#breadcrumb\",\"itemListElement\":[{\"@type\":\"ListItem\",\"position\":1,\"name\":\"Startseite\",\"item\":\"https:\\\/\\\/www.sibyllekaminski.de\\\/coaching-koeln\\\/\"},{\"@type\":\"ListItem\",\"position\":2,\"name\":\"Workshops in K\u00f6ln und NRW\"}]},{\"@type\":\"WebSite\",\"@id\":\"https:\\\/\\\/www.sibyllekaminski.de\\\/coaching-koeln\\\/#website\",\"url\":\"https:\\\/\\\/www.sibyllekaminski.de\\\/coaching-koeln\\\/\",\"name\":\"Coaching K\u00f6ln. Sibylle Kaminski.\",\"description\":\"Systemisches Business Coaching und Life Coaching in K\u00f6ln. Stressbew\u00e4ltigungsseminare. Achtsamkeitsseminar im Kloster. Durchsetzungstraining f\u00fcr Frauen.\",\"publisher\":{\"@id\":\"https:\\\/\\\/www.sibyllekaminski.de\\\/coaching-koeln\\\/#organization\"},\"potentialAction\":[{\"@type\":\"SearchAction\",\"target\":{\"@type\":\"EntryPoint\",\"urlTemplate\":\"https:\\\/\\\/www.sibyllekaminski.de\\\/coaching-koeln\\\/?s={search_term_string}\"},\"query-input\":{\"@type\":\"PropertyValueSpecification\",\"valueRequired\":true,\"valueName\":\"search_term_string\"}}],\"inLanguage\":\"de\"},{\"@type\":\"Organization\",\"@id\":\"https:\\\/\\\/www.sibyllekaminski.de\\\/coaching-koeln\\\/#organization\",\"name\":\"Erfolgswege f\u00fcr Menschen und Unternehmen\",\"url\":\"https:\\\/\\\/www.sibyllekaminski.de\\\/coaching-koeln\\\/\",\"logo\":{\"@type\":\"ImageObject\",\"inLanguage\":\"de\",\"@id\":\"https:\\\/\\\/www.sibyllekaminski.de\\\/coaching-koeln\\\/#\\\/schema\\\/logo\\\/image\\\/\",\"url\":\"https:\\\/\\\/www.sibyllekaminski.de\\\/coaching-koeln\\\/wp-content\\\/uploads\\\/2016\\\/10\\\/logo.png\",\"contentUrl\":\"https:\\\/\\\/www.sibyllekaminski.de\\\/coaching-koeln\\\/wp-content\\\/uploads\\\/2016\\\/10\\\/logo.png\",\"width\":534,\"height\":78,\"caption\":\"Erfolgswege f\u00fcr Menschen und Unternehmen\"},\"image\":{\"@id\":\"https:\\\/\\\/www.sibyllekaminski.de\\\/coaching-koeln\\\/#\\\/schema\\\/logo\\\/image\\\/\"},\"sameAs\":[\"https:\\\/\\\/www.facebook.com\\\/relax.your.work\\\/\"]}]}<\/script>\n<!-- \/ Yoast SEO plugin. -->","yoast_head_json":{"title":"Workshops in K\u00f6ln und NRW - Coaching K\u00f6ln","description":"\u27a4 Aktuelle Veranstaltungen | Klosterauszeit | Achtsamkeitswochenende | Workshops in K\u00f6ln | Durchsetzungstraining f\u00fcr Frauen in NRW, K\u00f6ln|","robots":{"index":"index","follow":"follow","max-snippet":"max-snippet:-1","max-image-preview":"max-image-preview:large","max-video-preview":"max-video-preview:-1"},"canonical":"https:\/\/www.sibyllekaminski.de\/coaching-koeln\/seminare-workshops-nrw","og_locale":"de_DE","og_type":"article","og_title":"Workshops in K\u00f6ln und NRW - Coaching K\u00f6ln","og_description":"\u27a4 Aktuelle Veranstaltungen | Klosterauszeit | Achtsamkeitswochenende | Workshops in K\u00f6ln | Durchsetzungstraining f\u00fcr Frauen in NRW, K\u00f6ln|","og_url":"https:\/\/www.sibyllekaminski.de\/coaching-koeln\/seminare-workshops-nrw","og_site_name":"Coaching K\u00f6ln. Sibylle Kaminski.","article_publisher":"https:\/\/www.facebook.com\/relax.your.work\/","article_modified_time":"2025-10-13T10:29:59+00:00","og_image":[{"width":1024,"height":651,"url":"https:\/\/www.sibyllekaminski.de\/coaching-koeln\/wp-content\/uploads\/Kloster_Ehrenstein.jpg","type":"image\/jpeg"}],"twitter_card":"summary_large_image","twitter_misc":{"Gesch\u00e4tzte Lesezeit":"1\u00a0Minute"},"schema":{"@context":"https:\/\/schema.org","@graph":[{"@type":"WebPage","@id":"https:\/\/www.sibyllekaminski.de\/coaching-koeln\/seminare-workshops-nrw","url":"https:\/\/www.sibyllekaminski.de\/coaching-koeln\/seminare-workshops-nrw","name":"Workshops in K\u00f6ln und NRW - Coaching K\u00f6ln","isPartOf":{"@id":"https:\/\/www.sibyllekaminski.de\/coaching-koeln\/#website"},"primaryImageOfPage":{"@id":"https:\/\/www.sibyllekaminski.de\/coaching-koeln\/seminare-workshops-nrw#primaryimage"},"image":{"@id":"https:\/\/www.sibyllekaminski.de\/coaching-koeln\/seminare-workshops-nrw#primaryimage"},"thumbnailUrl":"https:\/\/www.sibyllekaminski.de\/coaching-koeln\/wp-content\/uploads\/Kloster_Ehrenstein.jpg","datePublished":"2019-07-10T10:40:15+00:00","dateModified":"2025-10-13T10:29:59+00:00","description":"\u27a4 Aktuelle Veranstaltungen | Klosterauszeit | Achtsamkeitswochenende | Workshops in K\u00f6ln | Durchsetzungstraining f\u00fcr Frauen in NRW, K\u00f6ln|","breadcrumb":{"@id":"https:\/\/www.sibyllekaminski.de\/coaching-koeln\/seminare-workshops-nrw#breadcrumb"},"inLanguage":"de","potentialAction":[{"@type":"ReadAction","target":["https:\/\/www.sibyllekaminski.de\/coaching-koeln\/seminare-workshops-nrw"]}]},{"@type":"ImageObject","inLanguage":"de","@id":"https:\/\/www.sibyllekaminski.de\/coaching-koeln\/seminare-workshops-nrw#primaryimage","url":"https:\/\/www.sibyllekaminski.de\/coaching-koeln\/wp-content\/uploads\/Kloster_Ehrenstein.jpg","contentUrl":"https:\/\/www.sibyllekaminski.de\/coaching-koeln\/wp-content\/uploads\/Kloster_Ehrenstein.jpg","width":1024,"height":651,"caption":"Klosterauszeit im Kloster Ehrenstein"},{"@type":"BreadcrumbList","@id":"https:\/\/www.sibyllekaminski.de\/coaching-koeln\/seminare-workshops-nrw#breadcrumb","itemListElement":[{"@type":"ListItem","position":1,"name":"Startseite","item":"https:\/\/www.sibyllekaminski.de\/coaching-koeln\/"},{"@type":"ListItem","position":2,"name":"Workshops in K\u00f6ln und NRW"}]},{"@type":"WebSite","@id":"https:\/\/www.sibyllekaminski.de\/coaching-koeln\/#website","url":"https:\/\/www.sibyllekaminski.de\/coaching-koeln\/","name":"Coaching K\u00f6ln. Sibylle Kaminski.","description":"Systemisches Business Coaching und Life Coaching in K\u00f6ln. Stressbew\u00e4ltigungsseminare. Achtsamkeitsseminar im Kloster. Durchsetzungstraining f\u00fcr Frauen.","publisher":{"@id":"https:\/\/www.sibyllekaminski.de\/coaching-koeln\/#organization"},"potentialAction":[{"@type":"SearchAction","target":{"@type":"EntryPoint","urlTemplate":"https:\/\/www.sibyllekaminski.de\/coaching-koeln\/?s={search_term_string}"},"query-input":{"@type":"PropertyValueSpecification","valueRequired":true,"valueName":"search_term_string"}}],"inLanguage":"de"},{"@type":"Organization","@id":"https:\/\/www.sibyllekaminski.de\/coaching-koeln\/#organization","name":"Erfolgswege f\u00fcr Menschen und Unternehmen","url":"https:\/\/www.sibyllekaminski.de\/coaching-koeln\/","logo":{"@type":"ImageObject","inLanguage":"de","@id":"https:\/\/www.sibyllekaminski.de\/coaching-koeln\/#\/schema\/logo\/image\/","url":"https:\/\/www.sibyllekaminski.de\/coaching-koeln\/wp-content\/uploads\/2016\/10\/logo.png","contentUrl":"https:\/\/www.sibyllekaminski.de\/coaching-koeln\/wp-content\/uploads\/2016\/10\/logo.png","width":534,"height":78,"caption":"Erfolgswege f\u00fcr Menschen und Unternehmen"},"image":{"@id":"https:\/\/www.sibyllekaminski.de\/coaching-koeln\/#\/schema\/logo\/image\/"},"sameAs":["https:\/\/www.facebook.com\/relax.your.work\/"]}]}},"_links":{"self":[{"href":"https:\/\/www.sibyllekaminski.de\/coaching-koeln\/wp-json\/wp\/v2\/pages\/1491","targetHints":{"allow":["GET"]}}],"collection":[{"href":"https:\/\/www.sibyllekaminski.de\/coaching-koeln\/wp-json\/wp\/v2\/pages"}],"about":[{"href":"https:\/\/www.sibyllekaminski.de\/coaching-koeln\/wp-json\/wp\/v2\/types\/page"}],"author":[{"embeddable":true,"href":"https:\/\/www.sibyllekaminski.de\/coaching-koeln\/wp-json\/wp\/v2\/users\/6"}],"replies":[{"embeddable":true,"href":"https:\/\/www.sibyllekaminski.de\/coaching-koeln\/wp-json\/wp\/v2\/comments?post=1491"}],"version-history":[{"count":116,"href":"https:\/\/www.sibyllekaminski.de\/coaching-koeln\/wp-json\/wp\/v2\/pages\/1491\/revisions"}],"predecessor-version":[{"id":3533,"href":"https:\/\/www.sibyllekaminski.de\/coaching-koeln\/wp-json\/wp\/v2\/pages\/1491\/revisions\/3533"}],"wp:attachment":[{"href":"https:\/\/www.sibyllekaminski.de\/coaching-koeln\/wp-json\/wp\/v2\/media?parent=1491"}],"curies":[{"name":"wp","href":"https:\/\/api.w.org\/{rel}","templated":true}]}}