{"id":1497,"date":"2019-07-10T12:44:45","date_gmt":"2019-07-10T10:44:45","guid":{"rendered":"https:\/\/www.sibyllekaminski.de\/coaching-koeln\/?page_id=1497"},"modified":"2026-01-13T14:23:22","modified_gmt":"2026-01-13T13:23:22","slug":"klosterauszeit-stressbewaeltiung-nrw","status":"publish","type":"page","link":"https:\/\/www.sibyllekaminski.de\/coaching-koeln\/seminare-workshops-nrw\/klosterauszeit-stressbewaeltiung-nrw","title":{"rendered":"Klosterauszeit * Achtsamkeits-Retreat: Gelassen statt gestresst"},"content":{"rendered":"<div class=\"row noright\">\n<div class=\"small-12 medium-6 columns nopad\">\n<div style=\"border: 1px solid #a31515; padding: 10px; margin-bottom: 14px;\">\n<p><strong>Auszeit im Kloster \/ Achtsamkeits-Retreat<\/strong><\/p>\n<p>im Kloster Ehrenstein \/ Neustadt-Wied<\/p>\n<p><strong>&#8222;Zur Besinnung kommen&#8220;<\/strong><br \/>\n<strong>Auszeit im Kloster &#8211; Einf\u00fchrungskurs<\/strong><br \/>\nThemen: Achtsamkeit \/ Stressbew\u00e4ltigung \/ Umgang mit belastenden Gef\u00fchlen und Gedanken<br \/>\n13. bis 15. M\u00e4rz 2026<br \/>\n9, bis 11. Oktober 2026<\/p>\n<p>Beginn Freitag mit dem Abendessen um 18.00 Uhr &#8211; Ende Sonntag, ca. 13.00 Uhr nach dem Mittagessen<\/p>\n<p><a href=\"https:\/\/www.sibyllekaminski.de\/coaching-koeln\/wp-content\/uploads\/Auszeit-Kloster-Ehrenstein-2026.pdf\">Auszeit Kloster Ehrenstein 2026<\/a><\/p>\n<p><a href=\"https:\/\/www.sibyllekaminski.de\/coaching-koeln\/wp-content\/uploads\/Seminarhonorar.pdf\">Seminarhonorar<\/a><br \/>\n<a href=\"https:\/\/www.sibyllekaminski.de\/coaching-koeln\/wp-content\/uploads\/Teilnahmebedingungen-AGBs-1.pdf\">Teilnahmebedingungen AGBs<\/a><\/p>\n<p>&nbsp;<\/p>\n<\/div>\n<\/div>\n<div class=\"small-12 medium-6 columns nopad noright\">\n<div style=\"border: 1px solid #a31515; padding: 10px;\">\n<p>&nbsp;<\/p>\n<\/div>\n<\/div>\n<\/div>\n<p><img loading=\"lazy\" decoding=\"async\" class=\"alignnone size-full wp-image-2547\" src=\"https:\/\/www.sibyllekaminski.de\/coaching-koeln\/wp-content\/uploads\/postkarteRelax-Vorderseite.jpg\" alt=\"Achtsamkeit Postkarte\" width=\"900\" height=\"641\" srcset=\"https:\/\/www.sibyllekaminski.de\/coaching-koeln\/wp-content\/uploads\/postkarteRelax-Vorderseite.jpg 900w, https:\/\/www.sibyllekaminski.de\/coaching-koeln\/wp-content\/uploads\/postkarteRelax-Vorderseite-768x547.jpg 768w\" sizes=\"auto, (max-width: 900px) 100vw, 900px\" \/><\/p>\n","protected":false},"excerpt":{"rendered":"<p>Auszeit im Kloster \/ Achtsamkeits-Retreat im Kloster Ehrenstein \/ Neustadt-Wied &#8222;Zur Besinnung kommen&#8220; Auszeit im Kloster &#8211; Einf\u00fchrungskurs Themen: Achtsamkeit \/ Stressbew\u00e4ltigung \/ Umgang mit belastenden Gef\u00fchlen und Gedanken 13. bis 15. M\u00e4rz 2026 9, bis 11. Oktober 2026 Beginn Freitag mit dem Abendessen um 18.00 Uhr &#8211; Ende Sonntag, ca. 13.00 Uhr nach dem [&hellip;]<\/p>\n","protected":false},"author":6,"featured_media":0,"parent":1491,"menu_order":0,"comment_status":"closed","ping_status":"closed","template":"","meta":{"footnotes":""},"class_list":["post-1497","page","type-page","status-publish","hentry"],"yoast_head":"<!-- This site is optimized with the Yoast SEO plugin v27.4 - https:\/\/yoast.com\/product\/yoast-seo-wordpress\/ -->\n<title>Klosterauszeit * Achtsamkeits-Retreat: Gelassen statt gestresst -<\/title>\n<meta name=\"description\" content=\"\u27a4 Work-Life-Balance durch Achtsamkeit im Kloster. Alltagstaugliche Methoden der Entschleunigung, kleine Gruppen.\" \/>\n<meta name=\"robots\" content=\"index, follow, max-snippet:-1, max-image-preview:large, max-video-preview:-1\" \/>\n<link rel=\"canonical\" href=\"https:\/\/www.sibyllekaminski.de\/coaching-koeln\/seminare-workshops-nrw\/klosterauszeit-stressbewaeltiung-nrw\" \/>\n<meta property=\"og:locale\" content=\"de_DE\" \/>\n<meta property=\"og:type\" content=\"article\" \/>\n<meta property=\"og:title\" content=\"Klosterauszeit * Achtsamkeits-Retreat: Gelassen statt gestresst -\" \/>\n<meta property=\"og:description\" content=\"\u27a4 Work-Life-Balance durch Achtsamkeit im Kloster. Alltagstaugliche Methoden der Entschleunigung, kleine Gruppen.\" \/>\n<meta property=\"og:url\" content=\"https:\/\/www.sibyllekaminski.de\/coaching-koeln\/seminare-workshops-nrw\/klosterauszeit-stressbewaeltiung-nrw\" \/>\n<meta property=\"og:site_name\" content=\"Coaching K\u00f6ln. Sibylle Kaminski.\" \/>\n<meta property=\"article:publisher\" content=\"https:\/\/www.facebook.com\/relax.your.work\/\" \/>\n<meta property=\"article:modified_time\" content=\"2026-01-13T13:23:22+00:00\" \/>\n<meta property=\"og:image\" content=\"https:\/\/www.sibyllekaminski.de\/coaching-koeln\/wp-content\/uploads\/postkarteRelax-Vorderseite.jpg\" \/>\n\t<meta property=\"og:image:width\" content=\"900\" \/>\n\t<meta property=\"og:image:height\" content=\"641\" \/>\n\t<meta property=\"og:image:type\" content=\"image\/jpeg\" \/>\n<meta name=\"twitter:card\" content=\"summary_large_image\" \/>\n<meta name=\"twitter:label1\" content=\"Gesch\u00e4tzte Lesezeit\" \/>\n\t<meta name=\"twitter:data1\" content=\"1\u00a0Minute\" \/>\n<script type=\"application\/ld+json\" class=\"yoast-schema-graph\">{\"@context\":\"https:\\\/\\\/schema.org\",\"@graph\":[{\"@type\":\"WebPage\",\"@id\":\"https:\\\/\\\/www.sibyllekaminski.de\\\/coaching-koeln\\\/seminare-workshops-nrw\\\/klosterauszeit-stressbewaeltiung-nrw\",\"url\":\"https:\\\/\\\/www.sibyllekaminski.de\\\/coaching-koeln\\\/seminare-workshops-nrw\\\/klosterauszeit-stressbewaeltiung-nrw\",\"name\":\"Klosterauszeit * Achtsamkeits-Retreat: Gelassen statt gestresst -\",\"isPartOf\":{\"@id\":\"https:\\\/\\\/www.sibyllekaminski.de\\\/coaching-koeln\\\/#website\"},\"primaryImageOfPage\":{\"@id\":\"https:\\\/\\\/www.sibyllekaminski.de\\\/coaching-koeln\\\/seminare-workshops-nrw\\\/klosterauszeit-stressbewaeltiung-nrw#primaryimage\"},\"image\":{\"@id\":\"https:\\\/\\\/www.sibyllekaminski.de\\\/coaching-koeln\\\/seminare-workshops-nrw\\\/klosterauszeit-stressbewaeltiung-nrw#primaryimage\"},\"thumbnailUrl\":\"https:\\\/\\\/www.sibyllekaminski.de\\\/coaching-koeln\\\/wp-content\\\/uploads\\\/postkarteRelax-Vorderseite.jpg\",\"datePublished\":\"2019-07-10T10:44:45+00:00\",\"dateModified\":\"2026-01-13T13:23:22+00:00\",\"description\":\"\u27a4 Work-Life-Balance durch Achtsamkeit im Kloster. Alltagstaugliche Methoden der Entschleunigung, kleine Gruppen.\",\"breadcrumb\":{\"@id\":\"https:\\\/\\\/www.sibyllekaminski.de\\\/coaching-koeln\\\/seminare-workshops-nrw\\\/klosterauszeit-stressbewaeltiung-nrw#breadcrumb\"},\"inLanguage\":\"de\",\"potentialAction\":[{\"@type\":\"ReadAction\",\"target\":[\"https:\\\/\\\/www.sibyllekaminski.de\\\/coaching-koeln\\\/seminare-workshops-nrw\\\/klosterauszeit-stressbewaeltiung-nrw\"]}]},{\"@type\":\"ImageObject\",\"inLanguage\":\"de\",\"@id\":\"https:\\\/\\\/www.sibyllekaminski.de\\\/coaching-koeln\\\/seminare-workshops-nrw\\\/klosterauszeit-stressbewaeltiung-nrw#primaryimage\",\"url\":\"https:\\\/\\\/www.sibyllekaminski.de\\\/coaching-koeln\\\/wp-content\\\/uploads\\\/postkarteRelax-Vorderseite.jpg\",\"contentUrl\":\"https:\\\/\\\/www.sibyllekaminski.de\\\/coaching-koeln\\\/wp-content\\\/uploads\\\/postkarteRelax-Vorderseite.jpg\",\"width\":900,\"height\":641,\"caption\":\"Achtsamkeit Postkarte\"},{\"@type\":\"BreadcrumbList\",\"@id\":\"https:\\\/\\\/www.sibyllekaminski.de\\\/coaching-koeln\\\/seminare-workshops-nrw\\\/klosterauszeit-stressbewaeltiung-nrw#breadcrumb\",\"itemListElement\":[{\"@type\":\"ListItem\",\"position\":1,\"name\":\"Startseite\",\"item\":\"https:\\\/\\\/www.sibyllekaminski.de\\\/coaching-koeln\\\/\"},{\"@type\":\"ListItem\",\"position\":2,\"name\":\"Workshops in K\u00f6ln und NRW\",\"item\":\"https:\\\/\\\/www.sibyllekaminski.de\\\/coaching-koeln\\\/seminare-workshops-nrw\"},{\"@type\":\"ListItem\",\"position\":3,\"name\":\"Klosterauszeit * Achtsamkeits-Retreat: Gelassen statt gestresst\"}]},{\"@type\":\"WebSite\",\"@id\":\"https:\\\/\\\/www.sibyllekaminski.de\\\/coaching-koeln\\\/#website\",\"url\":\"https:\\\/\\\/www.sibyllekaminski.de\\\/coaching-koeln\\\/\",\"name\":\"Coaching K\u00f6ln. Sibylle Kaminski.\",\"description\":\"Systemisches Business Coaching und Life Coaching in K\u00f6ln. Stressbew\u00e4ltigungsseminare. Achtsamkeitsseminar im Kloster. Durchsetzungstraining f\u00fcr Frauen.\",\"publisher\":{\"@id\":\"https:\\\/\\\/www.sibyllekaminski.de\\\/coaching-koeln\\\/#organization\"},\"potentialAction\":[{\"@type\":\"SearchAction\",\"target\":{\"@type\":\"EntryPoint\",\"urlTemplate\":\"https:\\\/\\\/www.sibyllekaminski.de\\\/coaching-koeln\\\/?s={search_term_string}\"},\"query-input\":{\"@type\":\"PropertyValueSpecification\",\"valueRequired\":true,\"valueName\":\"search_term_string\"}}],\"inLanguage\":\"de\"},{\"@type\":\"Organization\",\"@id\":\"https:\\\/\\\/www.sibyllekaminski.de\\\/coaching-koeln\\\/#organization\",\"name\":\"Erfolgswege f\u00fcr Menschen und Unternehmen\",\"url\":\"https:\\\/\\\/www.sibyllekaminski.de\\\/coaching-koeln\\\/\",\"logo\":{\"@type\":\"ImageObject\",\"inLanguage\":\"de\",\"@id\":\"https:\\\/\\\/www.sibyllekaminski.de\\\/coaching-koeln\\\/#\\\/schema\\\/logo\\\/image\\\/\",\"url\":\"https:\\\/\\\/www.sibyllekaminski.de\\\/coaching-koeln\\\/wp-content\\\/uploads\\\/2016\\\/10\\\/logo.png\",\"contentUrl\":\"https:\\\/\\\/www.sibyllekaminski.de\\\/coaching-koeln\\\/wp-content\\\/uploads\\\/2016\\\/10\\\/logo.png\",\"width\":534,\"height\":78,\"caption\":\"Erfolgswege f\u00fcr Menschen und Unternehmen\"},\"image\":{\"@id\":\"https:\\\/\\\/www.sibyllekaminski.de\\\/coaching-koeln\\\/#\\\/schema\\\/logo\\\/image\\\/\"},\"sameAs\":[\"https:\\\/\\\/www.facebook.com\\\/relax.your.work\\\/\"]}]}<\/script>\n<!-- \/ Yoast SEO plugin. -->","yoast_head_json":{"title":"Klosterauszeit * Achtsamkeits-Retreat: Gelassen statt gestresst -","description":"\u27a4 Work-Life-Balance durch Achtsamkeit im Kloster. Alltagstaugliche Methoden der Entschleunigung, kleine Gruppen.","robots":{"index":"index","follow":"follow","max-snippet":"max-snippet:-1","max-image-preview":"max-image-preview:large","max-video-preview":"max-video-preview:-1"},"canonical":"https:\/\/www.sibyllekaminski.de\/coaching-koeln\/seminare-workshops-nrw\/klosterauszeit-stressbewaeltiung-nrw","og_locale":"de_DE","og_type":"article","og_title":"Klosterauszeit * Achtsamkeits-Retreat: Gelassen statt gestresst -","og_description":"\u27a4 Work-Life-Balance durch Achtsamkeit im Kloster. Alltagstaugliche Methoden der Entschleunigung, kleine Gruppen.","og_url":"https:\/\/www.sibyllekaminski.de\/coaching-koeln\/seminare-workshops-nrw\/klosterauszeit-stressbewaeltiung-nrw","og_site_name":"Coaching K\u00f6ln. Sibylle Kaminski.","article_publisher":"https:\/\/www.facebook.com\/relax.your.work\/","article_modified_time":"2026-01-13T13:23:22+00:00","og_image":[{"width":900,"height":641,"url":"https:\/\/www.sibyllekaminski.de\/coaching-koeln\/wp-content\/uploads\/postkarteRelax-Vorderseite.jpg","type":"image\/jpeg"}],"twitter_card":"summary_large_image","twitter_misc":{"Gesch\u00e4tzte Lesezeit":"1\u00a0Minute"},"schema":{"@context":"https:\/\/schema.org","@graph":[{"@type":"WebPage","@id":"https:\/\/www.sibyllekaminski.de\/coaching-koeln\/seminare-workshops-nrw\/klosterauszeit-stressbewaeltiung-nrw","url":"https:\/\/www.sibyllekaminski.de\/coaching-koeln\/seminare-workshops-nrw\/klosterauszeit-stressbewaeltiung-nrw","name":"Klosterauszeit * Achtsamkeits-Retreat: Gelassen statt gestresst -","isPartOf":{"@id":"https:\/\/www.sibyllekaminski.de\/coaching-koeln\/#website"},"primaryImageOfPage":{"@id":"https:\/\/www.sibyllekaminski.de\/coaching-koeln\/seminare-workshops-nrw\/klosterauszeit-stressbewaeltiung-nrw#primaryimage"},"image":{"@id":"https:\/\/www.sibyllekaminski.de\/coaching-koeln\/seminare-workshops-nrw\/klosterauszeit-stressbewaeltiung-nrw#primaryimage"},"thumbnailUrl":"https:\/\/www.sibyllekaminski.de\/coaching-koeln\/wp-content\/uploads\/postkarteRelax-Vorderseite.jpg","datePublished":"2019-07-10T10:44:45+00:00","dateModified":"2026-01-13T13:23:22+00:00","description":"\u27a4 Work-Life-Balance durch Achtsamkeit im Kloster. Alltagstaugliche Methoden der Entschleunigung, kleine Gruppen.","breadcrumb":{"@id":"https:\/\/www.sibyllekaminski.de\/coaching-koeln\/seminare-workshops-nrw\/klosterauszeit-stressbewaeltiung-nrw#breadcrumb"},"inLanguage":"de","potentialAction":[{"@type":"ReadAction","target":["https:\/\/www.sibyllekaminski.de\/coaching-koeln\/seminare-workshops-nrw\/klosterauszeit-stressbewaeltiung-nrw"]}]},{"@type":"ImageObject","inLanguage":"de","@id":"https:\/\/www.sibyllekaminski.de\/coaching-koeln\/seminare-workshops-nrw\/klosterauszeit-stressbewaeltiung-nrw#primaryimage","url":"https:\/\/www.sibyllekaminski.de\/coaching-koeln\/wp-content\/uploads\/postkarteRelax-Vorderseite.jpg","contentUrl":"https:\/\/www.sibyllekaminski.de\/coaching-koeln\/wp-content\/uploads\/postkarteRelax-Vorderseite.jpg","width":900,"height":641,"caption":"Achtsamkeit Postkarte"},{"@type":"BreadcrumbList","@id":"https:\/\/www.sibyllekaminski.de\/coaching-koeln\/seminare-workshops-nrw\/klosterauszeit-stressbewaeltiung-nrw#breadcrumb","itemListElement":[{"@type":"ListItem","position":1,"name":"Startseite","item":"https:\/\/www.sibyllekaminski.de\/coaching-koeln\/"},{"@type":"ListItem","position":2,"name":"Workshops in K\u00f6ln und NRW","item":"https:\/\/www.sibyllekaminski.de\/coaching-koeln\/seminare-workshops-nrw"},{"@type":"ListItem","position":3,"name":"Klosterauszeit * Achtsamkeits-Retreat: Gelassen statt gestresst"}]},{"@type":"WebSite","@id":"https:\/\/www.sibyllekaminski.de\/coaching-koeln\/#website","url":"https:\/\/www.sibyllekaminski.de\/coaching-koeln\/","name":"Coaching K\u00f6ln. Sibylle Kaminski.","description":"Systemisches Business Coaching und Life Coaching in K\u00f6ln. Stressbew\u00e4ltigungsseminare. Achtsamkeitsseminar im Kloster. Durchsetzungstraining f\u00fcr Frauen.","publisher":{"@id":"https:\/\/www.sibyllekaminski.de\/coaching-koeln\/#organization"},"potentialAction":[{"@type":"SearchAction","target":{"@type":"EntryPoint","urlTemplate":"https:\/\/www.sibyllekaminski.de\/coaching-koeln\/?s={search_term_string}"},"query-input":{"@type":"PropertyValueSpecification","valueRequired":true,"valueName":"search_term_string"}}],"inLanguage":"de"},{"@type":"Organization","@id":"https:\/\/www.sibyllekaminski.de\/coaching-koeln\/#organization","name":"Erfolgswege f\u00fcr Menschen und Unternehmen","url":"https:\/\/www.sibyllekaminski.de\/coaching-koeln\/","logo":{"@type":"ImageObject","inLanguage":"de","@id":"https:\/\/www.sibyllekaminski.de\/coaching-koeln\/#\/schema\/logo\/image\/","url":"https:\/\/www.sibyllekaminski.de\/coaching-koeln\/wp-content\/uploads\/2016\/10\/logo.png","contentUrl":"https:\/\/www.sibyllekaminski.de\/coaching-koeln\/wp-content\/uploads\/2016\/10\/logo.png","width":534,"height":78,"caption":"Erfolgswege f\u00fcr Menschen und Unternehmen"},"image":{"@id":"https:\/\/www.sibyllekaminski.de\/coaching-koeln\/#\/schema\/logo\/image\/"},"sameAs":["https:\/\/www.facebook.com\/relax.your.work\/"]}]}},"_links":{"self":[{"href":"https:\/\/www.sibyllekaminski.de\/coaching-koeln\/wp-json\/wp\/v2\/pages\/1497","targetHints":{"allow":["GET"]}}],"collection":[{"href":"https:\/\/www.sibyllekaminski.de\/coaching-koeln\/wp-json\/wp\/v2\/pages"}],"about":[{"href":"https:\/\/www.sibyllekaminski.de\/coaching-koeln\/wp-json\/wp\/v2\/types\/page"}],"author":[{"embeddable":true,"href":"https:\/\/www.sibyllekaminski.de\/coaching-koeln\/wp-json\/wp\/v2\/users\/6"}],"replies":[{"embeddable":true,"href":"https:\/\/www.sibyllekaminski.de\/coaching-koeln\/wp-json\/wp\/v2\/comments?post=1497"}],"version-history":[{"count":98,"href":"https:\/\/www.sibyllekaminski.de\/coaching-koeln\/wp-json\/wp\/v2\/pages\/1497\/revisions"}],"predecessor-version":[{"id":3609,"href":"https:\/\/www.sibyllekaminski.de\/coaching-koeln\/wp-json\/wp\/v2\/pages\/1497\/revisions\/3609"}],"up":[{"embeddable":true,"href":"https:\/\/www.sibyllekaminski.de\/coaching-koeln\/wp-json\/wp\/v2\/pages\/1491"}],"wp:attachment":[{"href":"https:\/\/www.sibyllekaminski.de\/coaching-koeln\/wp-json\/wp\/v2\/media?parent=1497"}],"curies":[{"name":"wp","href":"https:\/\/api.w.org\/{rel}","templated":true}]}}