{"id":163,"date":"2016-11-08T10:11:30","date_gmt":"2016-11-08T09:11:30","guid":{"rendered":"https:\/\/www.sibyllekaminski.de\/coaching-koeln\/?page_id=163"},"modified":"2025-11-11T11:49:23","modified_gmt":"2025-11-11T10:49:23","slug":"coaching-fuer-frauen-sibylle-kaminski","status":"publish","type":"page","link":"https:\/\/www.sibyllekaminski.de\/coaching-koeln\/coaching-fuer-frauen-sibylle-kaminski","title":{"rendered":"Souver\u00e4n im Job  &#8211; Coaching f\u00fcr Frauen &#8211; K\u00f6ln und online"},"content":{"rendered":"<div class=\"row\">\n<p>Meine Aufgabe als Empowerment-Coach sehe ich darin, Frauen &#8211; und M\u00e4nnern &#8211; zu einer authentischen, lebendigen Autorit\u00e4t zu verhelfen.<br \/>\nEs braucht Mut, die Rolle des <em>everybody darlings<\/em> zu verlassen, und dieser Mut lohnt sich!<\/p>\n<ul style=\"list-style-type: square;\">\n<li>Wenn Sie als weiblich sozialisierte Person innerhalb eines halben Jahres einen wirklichen Wandel erleben wollen, empfehle ich Ihnen ein\u00a0 <a href=\"https:\/\/www.sibyllekaminski.de\/coaching-koeln\/24-wochen-coaching-fuer-mehr-praesenz-mut-und-erfolg\">24 Wochen Coaching zu mehr Pr\u00e4senz, Mut, Erfolg.<\/a><\/li>\n<li><span style=\"font-size: 12pt;\">Auch f\u00fcr m\u00e4nnlich sozialisierte Personen, die mit der erlernten Rolle des &#8222;keine Schw\u00e4che zeigen&#8220; an ihre Grenzen sto\u00dfen, bin ich eine geeignete Gespr\u00e4chspartnerin.<br \/>\nSiehe <a href=\"https:\/\/www.sibyllekaminski.de\/coaching-koeln\/job-coaching\">\u00dcberblick<\/a> und\u00a0<a href=\"https:\/\/www.sibyllekaminski.de\/coaching-koeln\/wp-content\/uploads\/Newsletter.docx\">Empowerment f\u00fcr M\u00e4nner<\/a>.<\/span><\/li>\n<\/ul>\n<p><span style=\"color: #9c0b10;\"><strong>Ich verstehe mich als Ermutigerin und Weggef\u00e4hrtin auf Zeit.<\/strong><\/span><\/p>\n<\/div>\n<p>In meiner Coachingpraxis in K\u00f6ln sowie online er\u00f6ffne ich Ihnen den Raum zum Innehalten, zum Frei-Denken und zu mehr Pr\u00e4senz.<\/p>\n<p>Lassen Sie uns ein erstes (kostenfreies) Kennenlernen vereinbaren. Hier gelangen Sie zu meinem Terminkalender:<\/p>\n<div class=\"row nopadding\"><div class=\"small-12 columns\" id=\"buchungsdiv\"><a href=\"https:\/\/www.terminland.de\/sibyllekaminski\/\"  target=\"_blank\" id=\"buchungsbutton\"  title=\"Hier geht\u2019s zu meinem Terminkalender\" style=\"line-height:42px;margin-left:auto;margin-right:10px;margin-bottom:10px;float:left;\">Klarheit buchen<\/a><\/div><\/div>\n<p><strong>Ein Empowerment-Coaching unterst\u00fctzt Sie darin<\/strong><\/p>\n<div class=\"row\">\n<ul>\n<li>Klarheit \u00fcber Ihre momentane Situation zu gewinnen<\/li>\n<li>berufliche oder pers\u00f6nliche Konflikte wirksam zu l\u00f6sen<\/li>\n<li>sich besser gegen\u00fcber (m\u00e4nnlichen) Vorgesetzten oder Kollegen durchzusetzen<\/li>\n<li>selbstbewusster zu pr\u00e4sentieren<\/li>\n<li>vom &#8222;GetriebenSein&#8220; zum &#8222;Sein&#8220; zu wechseln<\/li>\n<li>souver\u00e4n und agil zu handeln<\/li>\n<li>eine Grundlage f\u00fcr Kraft, Pr\u00e4senz und Neuausrichtung zu schaffen.<\/li>\n<\/ul>\n<\/div>\n<div class=\"row nopadding\"><div class=\"small-12 columns\" id=\"buchungsdiv\"><a href=\"https:\/\/www.sibyllekaminski.de\/coaching-koeln\/wp-content\/uploads\/terminbuchung\/Gemeinsam_vorw\u00e4rts_denken.pdf\" target=\"_blank\" title=\"So gestaltet sich die Zusammenarbeit mit mir.\" style=\"line-height:42px;float:left\" id=\"hinweisbutton\">Gemeinsam vorw\u00e4rts denken<\/a><\/div><\/div>\n<p>&nbsp;<\/p>\n<p><span style=\"color: #800000;\"><strong>Souver\u00e4ne Frauen in F\u00fchrung<\/strong><\/span><\/p>\n<p><strong>H\u00e4ufige Gr\u00fcnde einer Fach- oder F\u00fchrungsfrau* f\u00fcr Unzufriedenheit und Gedanken an einen Jobwechsel\u00a0 sind, dass sie im im aktuellen Unternehmen zu wenig Chancen bekommt, sich weiterzuentwickeln.<\/strong> Ihre Beitr\u00e4ge werden nicht geh\u00f6rt oder abgewertet, ihre Leistungen nicht ausreichend anerkannt. Frauen beziehen diese mangelnde Wertsch\u00e4tzung oftmals auf sich pers\u00f6nlich und denken, dass sie sich &#8222;besser durchsetzen lernen&#8220; m\u00fcssten. Dies stimmt nur zum Teil, denn <strong>oftmals ist es die Unternehmenskultur, die noch zu sehr von m\u00e4nnlichen Denk- und Handlungsweisen gepr\u00e4gt ist<\/strong> und Frauen keine Chancen er\u00f6ffnet, sich weiterzuentwickeln oder aufzusteigen. (*Wenn ich von Frauen spreche, meine ich Menschen, die weiblich sozialisiert wurden, zudem bin ich mir dar\u00fcber bewusst, dass auch die m\u00e4nnliche Sozialisation viele Fallstricke enth\u00e4lt. Meine Auffassung von Empowerment ist also geschlechts\u00fcbergreifend und immer aufs Individium bezogen.)<\/p>\n<p>Dank des Umbruches, den 2020 die Corona-Krise ausgel\u00f6st hat, sind neben flexiblen M\u00f6glichkeiten Arbeitszeit und -orte zu gestalten auch Themen wie Vereinbarkeit von Beruf und Familie, Gender-Pay-Gap und Gender-Care-Gap ins allgemeine Bewusstsein gelangt. Hier entstehen neue M\u00f6glichkeiten der Gestaltung von Arbeit und Unternehmenskultur.<\/p>\n<p><strong>Unabh\u00e4ngig von dieser \u00e4u\u00dferen Entwicklung bleibt es weiterhin f\u00fcr Fach- wie F\u00fchrungsfrauen eine Aufgabe sich von ihrer weiblichen Sozialisation des &#8222;Gemocht-werden-wollens&#8220; abzul\u00f6sen und durch den Einsatz von K\u00f6rpersprache, Angstfreiheit und wirkungsvoller Kommunikation so zu zeigen, dass sie mehr Respekt und Wirkung erf\u00e4hrt.<\/strong><\/p>\n<div>\n<p><img loading=\"lazy\" decoding=\"async\" class=\"size-full wp-image-1624\" src=\"https:\/\/www.sibyllekaminski.de\/coaching-koeln\/wp-content\/uploads\/SELBSTERM\u00c4CHTIGUNG.jpg\" alt=\"Selbsterm\u00e4chtigung\" width=\"462\" height=\"353\" \/><br \/>\n<span style=\"font-size: 8pt;\">Copyright des Fotos \/ Mit freundlicher Genehmigung: Ronald Dorau<\/span><\/p>\n<p>&nbsp;<\/p>\n<p><a href=\"https:\/\/www.sibyllekaminski.de\/coaching-koeln\/workbook\"><strong>Kostenloses Workbook<\/strong><br \/>\nWie erfolgreiche Frauen sich durchsetzen und Respekt verschaffen &#8211; ohne sich selbst dabei verstellen zu m\u00fcssen.<\/a><\/p>\n<p><strong><a href=\"https:\/\/www.sibyllekaminski.de\/coaching-koeln\/wp-content\/uploads\/Empowerment-Angebot-2026.pdf\">Empowerment Angebot 2026<\/a><\/strong><\/p>\n<\/div>\n<div class=\"row\" id=\"iconbar\"><div class=\"small-12 medium-6 large-3 columns text-center\"><h3><a href=\"https:\/\/www.sibyllekaminski.de\/coaching-koeln\/business-managment-coaching\">Business Coaching<\/a><\/h3><a href=\"https:\/\/www.sibyllekaminski.de\/coaching-koeln\/business-managment-coaching\"><img decoding=\"async\" src=\"https:\/\/www.sibyllekaminski.de\/coaching-koeln\/wp-content\/themes\/kaminski\/img\/icon-phone-business-coaching.png\"><\/a><br>Reflexion der beruflichen Rolle und Position, Komplexit\u00e4t l\u00f6sen, Klarheit gewinnen<\/div><div class=\"small-12 medium-6 large-3 columns text-center\"><h3><a href=\"https:\/\/www.sibyllekaminski.de\/coaching-koeln\/souveraen-auftreten\">Souver\u00e4nit\u00e4t<\/a><\/h3><a href=\"https:\/\/www.sibyllekaminski.de\/coaching-koeln\/souveraen-auftreten\"><img decoding=\"async\" src=\"https:\/\/www.sibyllekaminski.de\/coaching-koeln\/wp-content\/themes\/kaminski\/img\/icon-heart-pulse-life-coaching.png\"><\/a><br>Durchsetzungsstark, pr\u00e4sent, angstfrei in herausfordernden Situationen<\/div><div class=\"small-12 medium-6 large-3 columns text-center\"><h3><a href=\"https:\/\/www.sibyllekaminski.de\/coaching-koeln\/seminare-workshops-nrw\">Workshops<\/a><\/h3><a href=\"https:\/\/www.sibyllekaminski.de\/coaching-koeln\/seminare-workshops-nrw\"><img decoding=\"async\" src=\"https:\/\/www.sibyllekaminski.de\/coaching-koeln\/wp-content\/themes\/kaminski\/img\/icon-diamond-veranstaltungen.png\"><\/a><br>Souver\u00e4nit\u00e4tstraining, genderfair Vortr\u00e4ge und Workshops, Klosterauszeit<\/div><div class=\"small-12 medium-6 large-3 columns text-center\"><h3><a href=\"https:\/\/www.sibyllekaminski.de\/coaching-koeln\/referenzen\">Referenzen<\/a><\/h3><a href=\"https:\/\/www.sibyllekaminski.de\/coaching-koeln\/referenzen\"><img decoding=\"async\" src=\"https:\/\/www.sibyllekaminski.de\/coaching-koeln\/wp-content\/themes\/kaminski\/img\/icon-star-vita.png\"><\/a><br>Kund:innen-Feedback zu Coachings, Workshops, Trainings<\/div><\/div>\n","protected":false},"excerpt":{"rendered":"<p>Meine Aufgabe als Empowerment-Coach sehe ich darin, Frauen &#8211; und M\u00e4nnern &#8211; zu einer authentischen, lebendigen Autorit\u00e4t zu verhelfen. Es braucht Mut, die Rolle des everybody darlings zu verlassen, und dieser Mut lohnt sich! Wenn Sie als weiblich sozialisierte Person innerhalb eines halben Jahres einen wirklichen Wandel erleben wollen, empfehle ich Ihnen ein\u00a0 24 Wochen [&hellip;]<\/p>\n","protected":false},"author":6,"featured_media":0,"parent":0,"menu_order":0,"comment_status":"closed","ping_status":"closed","template":"","meta":{"footnotes":""},"class_list":["post-163","page","type-page","status-publish","hentry"],"yoast_head":"<!-- This site is optimized with the Yoast SEO plugin v27.5 - https:\/\/yoast.com\/product\/yoast-seo-wordpress\/ -->\n<title>Souver\u00e4n im Job - Coaching f\u00fcr Frauen - K\u00f6ln und online -<\/title>\n<meta name=\"description\" content=\"Feministisches Coaching | Coaching Frauen K\u00f6ln | Empowerment | Selbstbewusstsein | Souver\u00e4nit\u00e4t | Angstfreiheit\" \/>\n<meta name=\"robots\" content=\"index, follow, max-snippet:-1, max-image-preview:large, max-video-preview:-1\" \/>\n<link rel=\"canonical\" href=\"https:\/\/www.sibyllekaminski.de\/coaching-koeln\/coaching-fuer-frauen-sibylle-kaminski\" \/>\n<meta property=\"og:locale\" content=\"de_DE\" \/>\n<meta property=\"og:type\" content=\"article\" \/>\n<meta property=\"og:title\" content=\"Souver\u00e4n im Job - Coaching f\u00fcr Frauen - K\u00f6ln und online -\" \/>\n<meta property=\"og:description\" content=\"Feministisches Coaching | Coaching Frauen K\u00f6ln | Empowerment | Selbstbewusstsein | Souver\u00e4nit\u00e4t | Angstfreiheit\" \/>\n<meta property=\"og:url\" content=\"https:\/\/www.sibyllekaminski.de\/coaching-koeln\/coaching-fuer-frauen-sibylle-kaminski\" \/>\n<meta property=\"og:site_name\" content=\"Coaching K\u00f6ln. Sibylle Kaminski.\" \/>\n<meta property=\"article:publisher\" content=\"https:\/\/www.facebook.com\/relax.your.work\/\" \/>\n<meta property=\"article:modified_time\" content=\"2025-11-11T10:49:23+00:00\" \/>\n<meta property=\"og:image\" content=\"https:\/\/www.sibyllekaminski.de\/coaching-koeln\/wp-content\/uploads\/Sibylle_Kaminski_OG.jpg\" \/>\n\t<meta property=\"og:image:width\" content=\"1200\" \/>\n\t<meta property=\"og:image:height\" content=\"675\" \/>\n\t<meta property=\"og:image:type\" content=\"image\/jpeg\" \/>\n<meta name=\"twitter:card\" content=\"summary_large_image\" \/>\n<meta name=\"twitter:label1\" content=\"Gesch\u00e4tzte Lesezeit\" \/>\n\t<meta name=\"twitter:data1\" content=\"3\u00a0Minuten\" \/>\n<script type=\"application\/ld+json\" class=\"yoast-schema-graph\">{\"@context\":\"https:\\\/\\\/schema.org\",\"@graph\":[{\"@type\":\"WebPage\",\"@id\":\"https:\\\/\\\/www.sibyllekaminski.de\\\/coaching-koeln\\\/coaching-fuer-frauen-sibylle-kaminski\",\"url\":\"https:\\\/\\\/www.sibyllekaminski.de\\\/coaching-koeln\\\/coaching-fuer-frauen-sibylle-kaminski\",\"name\":\"Souver\u00e4n im Job - Coaching f\u00fcr Frauen - K\u00f6ln und online -\",\"isPartOf\":{\"@id\":\"https:\\\/\\\/www.sibyllekaminski.de\\\/coaching-koeln\\\/#website\"},\"datePublished\":\"2016-11-08T09:11:30+00:00\",\"dateModified\":\"2025-11-11T10:49:23+00:00\",\"description\":\"Feministisches Coaching | Coaching Frauen K\u00f6ln | Empowerment | Selbstbewusstsein | Souver\u00e4nit\u00e4t | Angstfreiheit\",\"breadcrumb\":{\"@id\":\"https:\\\/\\\/www.sibyllekaminski.de\\\/coaching-koeln\\\/coaching-fuer-frauen-sibylle-kaminski#breadcrumb\"},\"inLanguage\":\"de\",\"potentialAction\":[{\"@type\":\"ReadAction\",\"target\":[\"https:\\\/\\\/www.sibyllekaminski.de\\\/coaching-koeln\\\/coaching-fuer-frauen-sibylle-kaminski\"]}]},{\"@type\":\"BreadcrumbList\",\"@id\":\"https:\\\/\\\/www.sibyllekaminski.de\\\/coaching-koeln\\\/coaching-fuer-frauen-sibylle-kaminski#breadcrumb\",\"itemListElement\":[{\"@type\":\"ListItem\",\"position\":1,\"name\":\"Startseite\",\"item\":\"https:\\\/\\\/www.sibyllekaminski.de\\\/coaching-koeln\\\/\"},{\"@type\":\"ListItem\",\"position\":2,\"name\":\"Souver\u00e4n im Job &#8211; Coaching f\u00fcr Frauen &#8211; K\u00f6ln und online\"}]},{\"@type\":\"WebSite\",\"@id\":\"https:\\\/\\\/www.sibyllekaminski.de\\\/coaching-koeln\\\/#website\",\"url\":\"https:\\\/\\\/www.sibyllekaminski.de\\\/coaching-koeln\\\/\",\"name\":\"Coaching K\u00f6ln. Sibylle Kaminski.\",\"description\":\"Systemisches Business Coaching und Life Coaching in K\u00f6ln. Stressbew\u00e4ltigungsseminare. Achtsamkeitsseminar im Kloster. Durchsetzungstraining f\u00fcr Frauen.\",\"publisher\":{\"@id\":\"https:\\\/\\\/www.sibyllekaminski.de\\\/coaching-koeln\\\/#organization\"},\"potentialAction\":[{\"@type\":\"SearchAction\",\"target\":{\"@type\":\"EntryPoint\",\"urlTemplate\":\"https:\\\/\\\/www.sibyllekaminski.de\\\/coaching-koeln\\\/?s={search_term_string}\"},\"query-input\":{\"@type\":\"PropertyValueSpecification\",\"valueRequired\":true,\"valueName\":\"search_term_string\"}}],\"inLanguage\":\"de\"},{\"@type\":\"Organization\",\"@id\":\"https:\\\/\\\/www.sibyllekaminski.de\\\/coaching-koeln\\\/#organization\",\"name\":\"Erfolgswege f\u00fcr Menschen und Unternehmen\",\"url\":\"https:\\\/\\\/www.sibyllekaminski.de\\\/coaching-koeln\\\/\",\"logo\":{\"@type\":\"ImageObject\",\"inLanguage\":\"de\",\"@id\":\"https:\\\/\\\/www.sibyllekaminski.de\\\/coaching-koeln\\\/#\\\/schema\\\/logo\\\/image\\\/\",\"url\":\"https:\\\/\\\/www.sibyllekaminski.de\\\/coaching-koeln\\\/wp-content\\\/uploads\\\/2016\\\/10\\\/logo.png\",\"contentUrl\":\"https:\\\/\\\/www.sibyllekaminski.de\\\/coaching-koeln\\\/wp-content\\\/uploads\\\/2016\\\/10\\\/logo.png\",\"width\":534,\"height\":78,\"caption\":\"Erfolgswege f\u00fcr Menschen und Unternehmen\"},\"image\":{\"@id\":\"https:\\\/\\\/www.sibyllekaminski.de\\\/coaching-koeln\\\/#\\\/schema\\\/logo\\\/image\\\/\"},\"sameAs\":[\"https:\\\/\\\/www.facebook.com\\\/relax.your.work\\\/\"]}]}<\/script>\n<!-- \/ Yoast SEO plugin. -->","yoast_head_json":{"title":"Souver\u00e4n im Job - Coaching f\u00fcr Frauen - K\u00f6ln und online -","description":"Feministisches Coaching | Coaching Frauen K\u00f6ln | Empowerment | Selbstbewusstsein | Souver\u00e4nit\u00e4t | Angstfreiheit","robots":{"index":"index","follow":"follow","max-snippet":"max-snippet:-1","max-image-preview":"max-image-preview:large","max-video-preview":"max-video-preview:-1"},"canonical":"https:\/\/www.sibyllekaminski.de\/coaching-koeln\/coaching-fuer-frauen-sibylle-kaminski","og_locale":"de_DE","og_type":"article","og_title":"Souver\u00e4n im Job - Coaching f\u00fcr Frauen - K\u00f6ln und online -","og_description":"Feministisches Coaching | Coaching Frauen K\u00f6ln | Empowerment | Selbstbewusstsein | Souver\u00e4nit\u00e4t | Angstfreiheit","og_url":"https:\/\/www.sibyllekaminski.de\/coaching-koeln\/coaching-fuer-frauen-sibylle-kaminski","og_site_name":"Coaching K\u00f6ln. Sibylle Kaminski.","article_publisher":"https:\/\/www.facebook.com\/relax.your.work\/","article_modified_time":"2025-11-11T10:49:23+00:00","og_image":[{"width":1200,"height":675,"url":"https:\/\/www.sibyllekaminski.de\/coaching-koeln\/wp-content\/uploads\/Sibylle_Kaminski_OG.jpg","type":"image\/jpeg"}],"twitter_card":"summary_large_image","twitter_misc":{"Gesch\u00e4tzte Lesezeit":"3\u00a0Minuten"},"schema":{"@context":"https:\/\/schema.org","@graph":[{"@type":"WebPage","@id":"https:\/\/www.sibyllekaminski.de\/coaching-koeln\/coaching-fuer-frauen-sibylle-kaminski","url":"https:\/\/www.sibyllekaminski.de\/coaching-koeln\/coaching-fuer-frauen-sibylle-kaminski","name":"Souver\u00e4n im Job - Coaching f\u00fcr Frauen - K\u00f6ln und online -","isPartOf":{"@id":"https:\/\/www.sibyllekaminski.de\/coaching-koeln\/#website"},"datePublished":"2016-11-08T09:11:30+00:00","dateModified":"2025-11-11T10:49:23+00:00","description":"Feministisches Coaching | Coaching Frauen K\u00f6ln | Empowerment | Selbstbewusstsein | Souver\u00e4nit\u00e4t | Angstfreiheit","breadcrumb":{"@id":"https:\/\/www.sibyllekaminski.de\/coaching-koeln\/coaching-fuer-frauen-sibylle-kaminski#breadcrumb"},"inLanguage":"de","potentialAction":[{"@type":"ReadAction","target":["https:\/\/www.sibyllekaminski.de\/coaching-koeln\/coaching-fuer-frauen-sibylle-kaminski"]}]},{"@type":"BreadcrumbList","@id":"https:\/\/www.sibyllekaminski.de\/coaching-koeln\/coaching-fuer-frauen-sibylle-kaminski#breadcrumb","itemListElement":[{"@type":"ListItem","position":1,"name":"Startseite","item":"https:\/\/www.sibyllekaminski.de\/coaching-koeln\/"},{"@type":"ListItem","position":2,"name":"Souver\u00e4n im Job &#8211; Coaching f\u00fcr Frauen &#8211; K\u00f6ln und online"}]},{"@type":"WebSite","@id":"https:\/\/www.sibyllekaminski.de\/coaching-koeln\/#website","url":"https:\/\/www.sibyllekaminski.de\/coaching-koeln\/","name":"Coaching K\u00f6ln. Sibylle Kaminski.","description":"Systemisches Business Coaching und Life Coaching in K\u00f6ln. Stressbew\u00e4ltigungsseminare. Achtsamkeitsseminar im Kloster. Durchsetzungstraining f\u00fcr Frauen.","publisher":{"@id":"https:\/\/www.sibyllekaminski.de\/coaching-koeln\/#organization"},"potentialAction":[{"@type":"SearchAction","target":{"@type":"EntryPoint","urlTemplate":"https:\/\/www.sibyllekaminski.de\/coaching-koeln\/?s={search_term_string}"},"query-input":{"@type":"PropertyValueSpecification","valueRequired":true,"valueName":"search_term_string"}}],"inLanguage":"de"},{"@type":"Organization","@id":"https:\/\/www.sibyllekaminski.de\/coaching-koeln\/#organization","name":"Erfolgswege f\u00fcr Menschen und Unternehmen","url":"https:\/\/www.sibyllekaminski.de\/coaching-koeln\/","logo":{"@type":"ImageObject","inLanguage":"de","@id":"https:\/\/www.sibyllekaminski.de\/coaching-koeln\/#\/schema\/logo\/image\/","url":"https:\/\/www.sibyllekaminski.de\/coaching-koeln\/wp-content\/uploads\/2016\/10\/logo.png","contentUrl":"https:\/\/www.sibyllekaminski.de\/coaching-koeln\/wp-content\/uploads\/2016\/10\/logo.png","width":534,"height":78,"caption":"Erfolgswege f\u00fcr Menschen und Unternehmen"},"image":{"@id":"https:\/\/www.sibyllekaminski.de\/coaching-koeln\/#\/schema\/logo\/image\/"},"sameAs":["https:\/\/www.facebook.com\/relax.your.work\/"]}]}},"_links":{"self":[{"href":"https:\/\/www.sibyllekaminski.de\/coaching-koeln\/wp-json\/wp\/v2\/pages\/163","targetHints":{"allow":["GET"]}}],"collection":[{"href":"https:\/\/www.sibyllekaminski.de\/coaching-koeln\/wp-json\/wp\/v2\/pages"}],"about":[{"href":"https:\/\/www.sibyllekaminski.de\/coaching-koeln\/wp-json\/wp\/v2\/types\/page"}],"author":[{"embeddable":true,"href":"https:\/\/www.sibyllekaminski.de\/coaching-koeln\/wp-json\/wp\/v2\/users\/6"}],"replies":[{"embeddable":true,"href":"https:\/\/www.sibyllekaminski.de\/coaching-koeln\/wp-json\/wp\/v2\/comments?post=163"}],"version-history":[{"count":207,"href":"https:\/\/www.sibyllekaminski.de\/coaching-koeln\/wp-json\/wp\/v2\/pages\/163\/revisions"}],"predecessor-version":[{"id":3599,"href":"https:\/\/www.sibyllekaminski.de\/coaching-koeln\/wp-json\/wp\/v2\/pages\/163\/revisions\/3599"}],"wp:attachment":[{"href":"https:\/\/www.sibyllekaminski.de\/coaching-koeln\/wp-json\/wp\/v2\/media?parent=163"}],"curies":[{"name":"wp","href":"https:\/\/api.w.org\/{rel}","templated":true}]}}