{"id":1644,"date":"2019-09-26T07:06:44","date_gmt":"2019-09-26T05:06:44","guid":{"rendered":"https:\/\/www.sibyllekaminski.de\/coaching-koeln\/?page_id=1644"},"modified":"2024-01-08T10:20:55","modified_gmt":"2024-01-08T09:20:55","slug":"coaching-kosten-preise","status":"publish","type":"page","link":"https:\/\/www.sibyllekaminski.de\/coaching-koeln\/job-coaching\/coaching-kosten-preise","title":{"rendered":"Konditionen \u2022 Wie viel kostet Coaching?"},"content":{"rendered":"<p>Ein etwa \u00bd-st\u00fcndiges (pers\u00f6nliches, online oder telefonisches) Vorgespr\u00e4ch ist kostenfrei.<br \/>\nHierbei gehen wir auf Ihr prim\u00e4res und auch auf das dahinterliegende Anliegen ein.<br \/>\nFragen auf die sich vorbereiten k\u00f6nnen:<\/p>\n<p>\u2192 Was ist geschehen, wenn das Coaching erfolgreich war?<br \/>\n\u2192 Was hat sich dann in Ihrem Leben erf\u00fcllt?<br \/>\n\u2192 Was w\u00e4re, wenn Ihr Problem nicht gel\u00f6st werden k\u00f6nnte?<br \/>\n\u2192 Wie viel ist Ihnen die Transformation Ihres Problems zu einer tragf\u00e4higen, erleichternden L\u00f6sung wert?<\/p>\n<p>Artikel zum Wert und Honorar von Coaching: <a href=\"https:\/\/www.rauen.de\/coaching-report\/coaching-markt\/honorare.html\">Wie viel kostet ein Coaching<\/a><\/p>\n<p><span style=\"color: #800000;\">Sie m\u00f6chten mich kennenlernen? <\/span><br \/>\n<span style=\"color: #800000;\">Dann w\u00e4hlen Sie sich hier ganz einfach ein kostenfreies Gespr\u00e4ch mit mir aus:<div class=\"row nopadding\"><div class=\"small-12 columns\" id=\"buchungsdiv\"><a href=\"https:\/\/www.terminland.de\/sibyllekaminski\/\"  target=\"_blank\" id=\"buchungsbutton\"  title=\"Hier geht\u2019s zu meinem Terminkalender\" style=\"line-height:42px;margin-left:auto;margin-right:10px;margin-bottom:10px;float:left;\">Klarheit buchen<\/a><\/div><\/div><\/span><\/p>\n<p><span style=\"color: #800000;\">Offene Fragen? Meine Vorgehensweise:<\/span><\/p>\n<div class=\"row nopadding\"><div class=\"small-12 columns\" id=\"buchungsdiv\"><a href=\"https:\/\/www.sibyllekaminski.de\/coaching-koeln\/wp-content\/uploads\/terminbuchung\/Gemeinsam_vorw\u00e4rts_denken.pdf\" target=\"_blank\" title=\"So gestaltet sich die Zusammenarbeit mit mir.\" style=\"line-height:42px;float:left\" id=\"hinweisbutton\">Gemeinsam vorw\u00e4rts denken<\/a><\/div><\/div>\n<p>&nbsp;<\/p>\n<h3>Arbeitsweise:<\/h3>\n<p><strong>L\u00f6sungsorientierte Kurzzeitberatung<\/strong><\/p>\n<p><strong>So kann es nicht weitergehen! Es soll sich etwas tun!&#8220;Kennen Sie diese Gedanken?<\/strong><br \/>\nAber aus Ihren \u00dcberlegungen folgen keine Handlungen? Sie wissen nur: &#8222;Ich will etwas ver\u00e4ndern&#8220; \u2013 und fragen sich gleichzeitig: &#8222;Wie genau stelle ich es an?&#8220;<\/p>\n<p><img loading=\"lazy\" decoding=\"async\" class=\"alignnone size-full wp-image-166\" src=\"https:\/\/www.sibyllekaminski.de\/coaching-koeln\/wp-content\/uploads\/2016\/11\/i_erfolg.gif\" alt=\"Erfolg\" width=\"293\" height=\"270\" \/><\/p>\n<p>Ich biete Ihnen an, Sie tatkr\u00e4ftig bei der Umsetzung Ihrer Ideen zu begleiten:<\/p>\n<ul>\n<li><strong>Schritt 1<\/strong> \u2013 Wie ist Ihre momentane Situation? Wo stehen Sie beruflich und pers\u00f6nlich? Was m\u00f6chten Sie ver\u00e4ndern \u2013 erweitern \u2013 in Bewegung bringen?<br \/>\nIm kostenfreien Vorgespr\u00e4ch kl\u00e4ren wir Ihre Anliegen, die Konditionen und den Umfang sowie die Art der Treffen.<\/li>\n<li><strong>Schritt 2<\/strong> \u2013\u00a0 Welche Impulse brauchen Sie, um vorw\u00e4rts zu kommen? Ich unterst\u00fctze Sie mit konstruktivem Feedback, gezielten Coaching-Methoden, Herz und Verstand.<\/li>\n<li><strong>Schritt 3<\/strong> \u2013 Wir erarbeiten Ihre Ziele, kl\u00e4ren die Fragen Ihres selbstverantwortlichen Handelns und entwerfen Ihre pers\u00f6nliche wie berufliche Erfolgsstrategie.<\/li>\n<li><strong>Schritt 4<\/strong> &#8211; Sie erproben Ihr neues mindset und die neuen Handlungsoptionen im (Berufs-)Alltag. Das Coaching ist hiermit entweder abgeschlossen oder wird bei aktuellen Anliegen von Ihnen weitergef\u00fchrt.<\/li>\n<\/ul>\n<p><span style=\"color: #800000;\">Sie m\u00f6chten mich kennenlernen? <\/span><br \/>\n<span style=\"color: #800000;\">Dann w\u00e4hlen Sie sich hier ganz einfach ein kostenfreies Gespr\u00e4ch mit mir aus:<\/span><div class=\"row nopadding\"><div class=\"small-12 columns\" id=\"buchungsdiv\"><a href=\"https:\/\/www.terminland.de\/sibyllekaminski\/\"  target=\"_blank\" id=\"buchungsbutton\"  title=\"Hier geht\u2019s zu meinem Terminkalender\" style=\"line-height:42px;margin-left:auto;margin-right:10px;margin-bottom:10px;float:left;\">Klarheit buchen<\/a><\/div><\/div><\/p>\n<p>&nbsp;<\/p>\n<p>&nbsp;<\/p>\n<p>&nbsp;<\/p>\n","protected":false},"excerpt":{"rendered":"<p>Ein etwa \u00bd-st\u00fcndiges (pers\u00f6nliches, online oder telefonisches) Vorgespr\u00e4ch ist kostenfrei. Hierbei gehen wir auf Ihr prim\u00e4res und auch auf das dahinterliegende Anliegen ein. Fragen auf die sich vorbereiten k\u00f6nnen: \u2192 Was ist geschehen, wenn das Coaching erfolgreich war? \u2192 Was hat sich dann in Ihrem Leben erf\u00fcllt? \u2192 Was w\u00e4re, wenn Ihr Problem nicht gel\u00f6st [&hellip;]<\/p>\n","protected":false},"author":6,"featured_media":0,"parent":330,"menu_order":0,"comment_status":"closed","ping_status":"closed","template":"","meta":{"footnotes":""},"class_list":["post-1644","page","type-page","status-publish","hentry"],"yoast_head":"<!-- This site is optimized with the Yoast SEO plugin v27.4 - https:\/\/yoast.com\/product\/yoast-seo-wordpress\/ -->\n<title>Konditionen \u2022 Wie viel kostet Coaching? - Sibylle Kaminski - Coaching K\u00f6ln<\/title>\n<meta name=\"description\" content=\"Kosten \/ Konditionen. Was kostet ein Coaching ? Die Kosten f\u00fcr Business- sowie Life Coaching fallen unterschiedlich aus, je nachdem, ob die Kosten von Ihrer Firma \u00fcbernommen werden oder ob Sie diese selbst zahlen.\" \/>\n<meta name=\"robots\" content=\"index, follow, max-snippet:-1, max-image-preview:large, max-video-preview:-1\" \/>\n<link rel=\"canonical\" href=\"https:\/\/www.sibyllekaminski.de\/coaching-koeln\/job-coaching\/coaching-kosten-preise\" \/>\n<meta property=\"og:locale\" content=\"de_DE\" \/>\n<meta property=\"og:type\" content=\"article\" \/>\n<meta property=\"og:title\" content=\"Konditionen \u2022 Wie viel kostet Coaching? - Sibylle Kaminski - Coaching K\u00f6ln\" \/>\n<meta property=\"og:description\" content=\"Kosten \/ Konditionen. Was kostet ein Coaching ? Die Kosten f\u00fcr Business- sowie Life Coaching fallen unterschiedlich aus, je nachdem, ob die Kosten von Ihrer Firma \u00fcbernommen werden oder ob Sie diese selbst zahlen.\" \/>\n<meta property=\"og:url\" content=\"https:\/\/www.sibyllekaminski.de\/coaching-koeln\/job-coaching\/coaching-kosten-preise\" \/>\n<meta property=\"og:site_name\" content=\"Coaching K\u00f6ln. Sibylle Kaminski.\" \/>\n<meta property=\"article:publisher\" content=\"https:\/\/www.facebook.com\/relax.your.work\/\" \/>\n<meta property=\"article:modified_time\" content=\"2024-01-08T09:20:55+00:00\" \/>\n<meta property=\"og:image\" content=\"https:\/\/www.sibyllekaminski.de\/coaching-koeln\/wp-content\/uploads\/2016\/11\/i_erfolg.gif\" \/>\n<meta name=\"twitter:card\" content=\"summary_large_image\" \/>\n<meta name=\"twitter:label1\" content=\"Gesch\u00e4tzte Lesezeit\" \/>\n\t<meta name=\"twitter:data1\" content=\"2\u00a0Minuten\" \/>\n<script type=\"application\/ld+json\" class=\"yoast-schema-graph\">{\"@context\":\"https:\\\/\\\/schema.org\",\"@graph\":[{\"@type\":\"WebPage\",\"@id\":\"https:\\\/\\\/www.sibyllekaminski.de\\\/coaching-koeln\\\/job-coaching\\\/coaching-kosten-preise\",\"url\":\"https:\\\/\\\/www.sibyllekaminski.de\\\/coaching-koeln\\\/job-coaching\\\/coaching-kosten-preise\",\"name\":\"Konditionen \u2022 Wie viel kostet Coaching? - Sibylle Kaminski - Coaching K\u00f6ln\",\"isPartOf\":{\"@id\":\"https:\\\/\\\/www.sibyllekaminski.de\\\/coaching-koeln\\\/#website\"},\"primaryImageOfPage\":{\"@id\":\"https:\\\/\\\/www.sibyllekaminski.de\\\/coaching-koeln\\\/job-coaching\\\/coaching-kosten-preise#primaryimage\"},\"image\":{\"@id\":\"https:\\\/\\\/www.sibyllekaminski.de\\\/coaching-koeln\\\/job-coaching\\\/coaching-kosten-preise#primaryimage\"},\"thumbnailUrl\":\"https:\\\/\\\/www.sibyllekaminski.de\\\/coaching-koeln\\\/wp-content\\\/uploads\\\/2016\\\/11\\\/i_erfolg.gif\",\"datePublished\":\"2019-09-26T05:06:44+00:00\",\"dateModified\":\"2024-01-08T09:20:55+00:00\",\"description\":\"Kosten \\\/ Konditionen. Was kostet ein Coaching ? Die Kosten f\u00fcr Business- sowie Life Coaching fallen unterschiedlich aus, je nachdem, ob die Kosten von Ihrer Firma \u00fcbernommen werden oder ob Sie diese selbst zahlen.\",\"breadcrumb\":{\"@id\":\"https:\\\/\\\/www.sibyllekaminski.de\\\/coaching-koeln\\\/job-coaching\\\/coaching-kosten-preise#breadcrumb\"},\"inLanguage\":\"de\",\"potentialAction\":[{\"@type\":\"ReadAction\",\"target\":[\"https:\\\/\\\/www.sibyllekaminski.de\\\/coaching-koeln\\\/job-coaching\\\/coaching-kosten-preise\"]}]},{\"@type\":\"ImageObject\",\"inLanguage\":\"de\",\"@id\":\"https:\\\/\\\/www.sibyllekaminski.de\\\/coaching-koeln\\\/job-coaching\\\/coaching-kosten-preise#primaryimage\",\"url\":\"https:\\\/\\\/www.sibyllekaminski.de\\\/coaching-koeln\\\/wp-content\\\/uploads\\\/2016\\\/11\\\/i_erfolg.gif\",\"contentUrl\":\"https:\\\/\\\/www.sibyllekaminski.de\\\/coaching-koeln\\\/wp-content\\\/uploads\\\/2016\\\/11\\\/i_erfolg.gif\",\"width\":293,\"height\":270,\"caption\":\"Erfolg\"},{\"@type\":\"BreadcrumbList\",\"@id\":\"https:\\\/\\\/www.sibyllekaminski.de\\\/coaching-koeln\\\/job-coaching\\\/coaching-kosten-preise#breadcrumb\",\"itemListElement\":[{\"@type\":\"ListItem\",\"position\":1,\"name\":\"Startseite\",\"item\":\"https:\\\/\\\/www.sibyllekaminski.de\\\/coaching-koeln\\\/\"},{\"@type\":\"ListItem\",\"position\":2,\"name\":\"Systemisches Business &#8211; und Management Coaching Supervision K\u00f6ln\",\"item\":\"https:\\\/\\\/www.sibyllekaminski.de\\\/coaching-koeln\\\/job-coaching\"},{\"@type\":\"ListItem\",\"position\":3,\"name\":\"Konditionen \u2022 Wie viel kostet Coaching?\"}]},{\"@type\":\"WebSite\",\"@id\":\"https:\\\/\\\/www.sibyllekaminski.de\\\/coaching-koeln\\\/#website\",\"url\":\"https:\\\/\\\/www.sibyllekaminski.de\\\/coaching-koeln\\\/\",\"name\":\"Coaching K\u00f6ln. Sibylle Kaminski.\",\"description\":\"Systemisches Business Coaching und Life Coaching in K\u00f6ln. Stressbew\u00e4ltigungsseminare. Achtsamkeitsseminar im Kloster. Durchsetzungstraining f\u00fcr Frauen.\",\"publisher\":{\"@id\":\"https:\\\/\\\/www.sibyllekaminski.de\\\/coaching-koeln\\\/#organization\"},\"potentialAction\":[{\"@type\":\"SearchAction\",\"target\":{\"@type\":\"EntryPoint\",\"urlTemplate\":\"https:\\\/\\\/www.sibyllekaminski.de\\\/coaching-koeln\\\/?s={search_term_string}\"},\"query-input\":{\"@type\":\"PropertyValueSpecification\",\"valueRequired\":true,\"valueName\":\"search_term_string\"}}],\"inLanguage\":\"de\"},{\"@type\":\"Organization\",\"@id\":\"https:\\\/\\\/www.sibyllekaminski.de\\\/coaching-koeln\\\/#organization\",\"name\":\"Erfolgswege f\u00fcr Menschen und Unternehmen\",\"url\":\"https:\\\/\\\/www.sibyllekaminski.de\\\/coaching-koeln\\\/\",\"logo\":{\"@type\":\"ImageObject\",\"inLanguage\":\"de\",\"@id\":\"https:\\\/\\\/www.sibyllekaminski.de\\\/coaching-koeln\\\/#\\\/schema\\\/logo\\\/image\\\/\",\"url\":\"https:\\\/\\\/www.sibyllekaminski.de\\\/coaching-koeln\\\/wp-content\\\/uploads\\\/2016\\\/10\\\/logo.png\",\"contentUrl\":\"https:\\\/\\\/www.sibyllekaminski.de\\\/coaching-koeln\\\/wp-content\\\/uploads\\\/2016\\\/10\\\/logo.png\",\"width\":534,\"height\":78,\"caption\":\"Erfolgswege f\u00fcr Menschen und Unternehmen\"},\"image\":{\"@id\":\"https:\\\/\\\/www.sibyllekaminski.de\\\/coaching-koeln\\\/#\\\/schema\\\/logo\\\/image\\\/\"},\"sameAs\":[\"https:\\\/\\\/www.facebook.com\\\/relax.your.work\\\/\"]}]}<\/script>\n<!-- \/ Yoast SEO plugin. -->","yoast_head_json":{"title":"Konditionen \u2022 Wie viel kostet Coaching? - Sibylle Kaminski - Coaching K\u00f6ln","description":"Kosten \/ Konditionen. Was kostet ein Coaching ? Die Kosten f\u00fcr Business- sowie Life Coaching fallen unterschiedlich aus, je nachdem, ob die Kosten von Ihrer Firma \u00fcbernommen werden oder ob Sie diese selbst zahlen.","robots":{"index":"index","follow":"follow","max-snippet":"max-snippet:-1","max-image-preview":"max-image-preview:large","max-video-preview":"max-video-preview:-1"},"canonical":"https:\/\/www.sibyllekaminski.de\/coaching-koeln\/job-coaching\/coaching-kosten-preise","og_locale":"de_DE","og_type":"article","og_title":"Konditionen \u2022 Wie viel kostet Coaching? - Sibylle Kaminski - Coaching K\u00f6ln","og_description":"Kosten \/ Konditionen. Was kostet ein Coaching ? Die Kosten f\u00fcr Business- sowie Life Coaching fallen unterschiedlich aus, je nachdem, ob die Kosten von Ihrer Firma \u00fcbernommen werden oder ob Sie diese selbst zahlen.","og_url":"https:\/\/www.sibyllekaminski.de\/coaching-koeln\/job-coaching\/coaching-kosten-preise","og_site_name":"Coaching K\u00f6ln. Sibylle Kaminski.","article_publisher":"https:\/\/www.facebook.com\/relax.your.work\/","article_modified_time":"2024-01-08T09:20:55+00:00","og_image":[{"url":"https:\/\/www.sibyllekaminski.de\/coaching-koeln\/wp-content\/uploads\/2016\/11\/i_erfolg.gif","type":"","width":"","height":""}],"twitter_card":"summary_large_image","twitter_misc":{"Gesch\u00e4tzte Lesezeit":"2\u00a0Minuten"},"schema":{"@context":"https:\/\/schema.org","@graph":[{"@type":"WebPage","@id":"https:\/\/www.sibyllekaminski.de\/coaching-koeln\/job-coaching\/coaching-kosten-preise","url":"https:\/\/www.sibyllekaminski.de\/coaching-koeln\/job-coaching\/coaching-kosten-preise","name":"Konditionen \u2022 Wie viel kostet Coaching? - Sibylle Kaminski - Coaching K\u00f6ln","isPartOf":{"@id":"https:\/\/www.sibyllekaminski.de\/coaching-koeln\/#website"},"primaryImageOfPage":{"@id":"https:\/\/www.sibyllekaminski.de\/coaching-koeln\/job-coaching\/coaching-kosten-preise#primaryimage"},"image":{"@id":"https:\/\/www.sibyllekaminski.de\/coaching-koeln\/job-coaching\/coaching-kosten-preise#primaryimage"},"thumbnailUrl":"https:\/\/www.sibyllekaminski.de\/coaching-koeln\/wp-content\/uploads\/2016\/11\/i_erfolg.gif","datePublished":"2019-09-26T05:06:44+00:00","dateModified":"2024-01-08T09:20:55+00:00","description":"Kosten \/ Konditionen. Was kostet ein Coaching ? Die Kosten f\u00fcr Business- sowie Life Coaching fallen unterschiedlich aus, je nachdem, ob die Kosten von Ihrer Firma \u00fcbernommen werden oder ob Sie diese selbst zahlen.","breadcrumb":{"@id":"https:\/\/www.sibyllekaminski.de\/coaching-koeln\/job-coaching\/coaching-kosten-preise#breadcrumb"},"inLanguage":"de","potentialAction":[{"@type":"ReadAction","target":["https:\/\/www.sibyllekaminski.de\/coaching-koeln\/job-coaching\/coaching-kosten-preise"]}]},{"@type":"ImageObject","inLanguage":"de","@id":"https:\/\/www.sibyllekaminski.de\/coaching-koeln\/job-coaching\/coaching-kosten-preise#primaryimage","url":"https:\/\/www.sibyllekaminski.de\/coaching-koeln\/wp-content\/uploads\/2016\/11\/i_erfolg.gif","contentUrl":"https:\/\/www.sibyllekaminski.de\/coaching-koeln\/wp-content\/uploads\/2016\/11\/i_erfolg.gif","width":293,"height":270,"caption":"Erfolg"},{"@type":"BreadcrumbList","@id":"https:\/\/www.sibyllekaminski.de\/coaching-koeln\/job-coaching\/coaching-kosten-preise#breadcrumb","itemListElement":[{"@type":"ListItem","position":1,"name":"Startseite","item":"https:\/\/www.sibyllekaminski.de\/coaching-koeln\/"},{"@type":"ListItem","position":2,"name":"Systemisches Business &#8211; und Management Coaching Supervision K\u00f6ln","item":"https:\/\/www.sibyllekaminski.de\/coaching-koeln\/job-coaching"},{"@type":"ListItem","position":3,"name":"Konditionen \u2022 Wie viel kostet Coaching?"}]},{"@type":"WebSite","@id":"https:\/\/www.sibyllekaminski.de\/coaching-koeln\/#website","url":"https:\/\/www.sibyllekaminski.de\/coaching-koeln\/","name":"Coaching K\u00f6ln. Sibylle Kaminski.","description":"Systemisches Business Coaching und Life Coaching in K\u00f6ln. Stressbew\u00e4ltigungsseminare. Achtsamkeitsseminar im Kloster. Durchsetzungstraining f\u00fcr Frauen.","publisher":{"@id":"https:\/\/www.sibyllekaminski.de\/coaching-koeln\/#organization"},"potentialAction":[{"@type":"SearchAction","target":{"@type":"EntryPoint","urlTemplate":"https:\/\/www.sibyllekaminski.de\/coaching-koeln\/?s={search_term_string}"},"query-input":{"@type":"PropertyValueSpecification","valueRequired":true,"valueName":"search_term_string"}}],"inLanguage":"de"},{"@type":"Organization","@id":"https:\/\/www.sibyllekaminski.de\/coaching-koeln\/#organization","name":"Erfolgswege f\u00fcr Menschen und Unternehmen","url":"https:\/\/www.sibyllekaminski.de\/coaching-koeln\/","logo":{"@type":"ImageObject","inLanguage":"de","@id":"https:\/\/www.sibyllekaminski.de\/coaching-koeln\/#\/schema\/logo\/image\/","url":"https:\/\/www.sibyllekaminski.de\/coaching-koeln\/wp-content\/uploads\/2016\/10\/logo.png","contentUrl":"https:\/\/www.sibyllekaminski.de\/coaching-koeln\/wp-content\/uploads\/2016\/10\/logo.png","width":534,"height":78,"caption":"Erfolgswege f\u00fcr Menschen und Unternehmen"},"image":{"@id":"https:\/\/www.sibyllekaminski.de\/coaching-koeln\/#\/schema\/logo\/image\/"},"sameAs":["https:\/\/www.facebook.com\/relax.your.work\/"]}]}},"_links":{"self":[{"href":"https:\/\/www.sibyllekaminski.de\/coaching-koeln\/wp-json\/wp\/v2\/pages\/1644","targetHints":{"allow":["GET"]}}],"collection":[{"href":"https:\/\/www.sibyllekaminski.de\/coaching-koeln\/wp-json\/wp\/v2\/pages"}],"about":[{"href":"https:\/\/www.sibyllekaminski.de\/coaching-koeln\/wp-json\/wp\/v2\/types\/page"}],"author":[{"embeddable":true,"href":"https:\/\/www.sibyllekaminski.de\/coaching-koeln\/wp-json\/wp\/v2\/users\/6"}],"replies":[{"embeddable":true,"href":"https:\/\/www.sibyllekaminski.de\/coaching-koeln\/wp-json\/wp\/v2\/comments?post=1644"}],"version-history":[{"count":42,"href":"https:\/\/www.sibyllekaminski.de\/coaching-koeln\/wp-json\/wp\/v2\/pages\/1644\/revisions"}],"predecessor-version":[{"id":3156,"href":"https:\/\/www.sibyllekaminski.de\/coaching-koeln\/wp-json\/wp\/v2\/pages\/1644\/revisions\/3156"}],"up":[{"embeddable":true,"href":"https:\/\/www.sibyllekaminski.de\/coaching-koeln\/wp-json\/wp\/v2\/pages\/330"}],"wp:attachment":[{"href":"https:\/\/www.sibyllekaminski.de\/coaching-koeln\/wp-json\/wp\/v2\/media?parent=1644"}],"curies":[{"name":"wp","href":"https:\/\/api.w.org\/{rel}","templated":true}]}}