{"id":1738,"date":"2020-01-06T12:35:54","date_gmt":"2020-01-06T11:35:54","guid":{"rendered":"https:\/\/www.sibyllekaminski.de\/coaching-koeln\/?page_id=1738"},"modified":"2023-09-23T14:46:03","modified_gmt":"2023-09-23T12:46:03","slug":"buch-der-kleine-jobcoach","status":"publish","type":"page","link":"https:\/\/www.sibyllekaminski.de\/coaching-koeln\/buch-der-kleine-jobcoach","title":{"rendered":"Der kleine Jobcoach"},"content":{"rendered":"<div class=\"row\">\n<div class=\"small-12 medium-4 columns nopad\">\n<p><img loading=\"lazy\" decoding=\"async\" width=\"700\" height=\"869\" class=\"size-full wp-image-1727\" src=\"https:\/\/www.sibyllekaminski.de\/coaching-koeln\/wp-content\/uploads\/Kaminski-Cover-4-e1592918988218.jpg\" alt=\"Buchver\u00f6ffentlichung Sibylle Kaminski\" \/><\/p>\n<p><a href=\"https:\/\/www.sibyllekaminski.de\/coaching-koeln\/wp-content\/uploads\/Job-Coach-Leseprobe-3-Kapitel.pdf\">Leseprobe als PDF<\/a><\/p>\n<\/div>\n<div class=\"small-12 medium-8 columns nopad\">\n<h3>Der kleine Job-Coach: Mehr Gelassenheit, weniger Konflikte, bessere Durchsetzung im B\u00fcro und Alltag<\/h3>\n<p>Der kleine Jobcoach gibt humorvoll, pragmatisch und lebensnah Auskunft, wie man Job und Alltag gelassener gestalten kann. Dazu geh\u00f6rt ein souver\u00e4nder Umgang mit der Zeit, mit Emotionen und Konflikten sowie eine zielgerichtete Kommunikation &#8211; ob mit Vorgesetzten, M\u00e4nnern oder (anderen) schwierigen Menschen. Die Kapitel sind so angelegt, dass man sie einzeln lesen kann und schnell eine Idee dazu bekommt, wie man sich in einer herausfordernden Situation agiler verhalten k\u00f6nnte.<\/p>\n<p>Aus dem Inhalt: Wie komme ich besser mit meiner Zeit klar? Wie bleibe ich gelassener? Wie gehe ich mit Wut und \u00c4rger im Job um? Wie geht eigentlich konstruktiv streiten? Wie spreche ich mit meinem Chef oder meiner Chefin? Wie gehe ich mit schwierigen Kolleginnen und Kollegen um? Wie setze ich mich besser gegen\u00fcber M\u00e4nnern durch? Wie werde ich schlagfertiger?<\/p>\n<table style=\"margin-top: 16px;\" width=\"100%\">\n<tbody>\n<tr>\n<td>Verlag<\/td>\n<td>Books on Demand<\/td>\n<\/tr>\n<tr>\n<td>Ersterscheinung<\/td>\n<td>Dezember 2019<\/td>\n<\/tr>\n<tr>\n<td>Ma\u00dfe<\/td>\n<td>216 mm x 137 mm x 12 mm<\/td>\n<\/tr>\n<tr>\n<td>Gewicht<\/td>\n<td>175 Gramm<\/td>\n<\/tr>\n<tr>\n<td>Format<\/td>\n<td>Taschenbuch<\/td>\n<\/tr>\n<tr>\n<td>ISBN<\/td>\n<td>9-783750-421080<\/td>\n<\/tr>\n<tr>\n<td>Auflage<\/td>\n<td>2. Auflage<\/td>\n<\/tr>\n<tr>\n<td>Seiten<\/td>\n<td>120<\/td>\n<\/tr>\n<\/tbody>\n<\/table>\n<hr style=\"color: #a31515;\" \/>\n<div id=\"beitragsbild\"><a class=\"button\" style=\"color: #fff;\" href=\"https:\/\/shop.autorenwelt.de\/products\/der-kleine-job-coach-mehr-gelassenheit-weniger-konflikte-bessere-durchsetzung-im-buro-und-alltag-von-sibylle-kaminski?variant=31673025462365\" target=\"_blank\" rel=\"noopener noreferrer\">Buch als Paperback kaufen<\/a> <a class=\"button\" style=\"color: #fff;\" href=\"https:\/\/www.bod.de\/buchshop\/catalogsearch\/result\/?q=Der+kleine+Jobcoach\" target=\"_blank\" rel=\"noopener noreferrer\">Buch als ebook kaufen<\/a><\/div>\n<\/div>\n<\/div>\n","protected":false},"excerpt":{"rendered":"<p>Leseprobe als PDF Der kleine Job-Coach: Mehr Gelassenheit, weniger Konflikte, bessere Durchsetzung im B\u00fcro und Alltag Der kleine Jobcoach gibt humorvoll, pragmatisch und lebensnah Auskunft, wie man Job und Alltag gelassener gestalten kann. Dazu geh\u00f6rt ein souver\u00e4nder Umgang mit der Zeit, mit Emotionen und Konflikten sowie eine zielgerichtete Kommunikation &#8211; ob mit Vorgesetzten, M\u00e4nnern oder [&hellip;]<\/p>\n","protected":false},"author":6,"featured_media":0,"parent":0,"menu_order":0,"comment_status":"closed","ping_status":"closed","template":"","meta":{"footnotes":""},"class_list":["post-1738","page","type-page","status-publish","hentry"],"yoast_head":"<!-- This site is optimized with the Yoast SEO plugin v27.4 - https:\/\/yoast.com\/product\/yoast-seo-wordpress\/ -->\n<title>Der kleine Jobcoach - Coaching K\u00f6ln. Sibylle Kaminski.<\/title>\n<meta name=\"description\" content=\"\u27a4 Das Buch &quot;Der kleine Job-Coach&quot; von Sibylle Kaminski. Mehr Gelassenheit, weniger Konflikte, bessere Durchsetzung im Beruf und Alltag.\" \/>\n<meta name=\"robots\" content=\"index, follow, max-snippet:-1, max-image-preview:large, max-video-preview:-1\" \/>\n<link rel=\"canonical\" href=\"https:\/\/www.sibyllekaminski.de\/coaching-koeln\/buch-der-kleine-jobcoach\" \/>\n<meta property=\"og:locale\" content=\"de_DE\" \/>\n<meta property=\"og:type\" content=\"article\" \/>\n<meta property=\"og:title\" content=\"Der kleine Jobcoach - Coaching K\u00f6ln. Sibylle Kaminski.\" \/>\n<meta property=\"og:description\" content=\"\u27a4 Das Buch &quot;Der kleine Job-Coach&quot; von Sibylle Kaminski. Mehr Gelassenheit, weniger Konflikte, bessere Durchsetzung im Beruf und Alltag.\" \/>\n<meta property=\"og:url\" content=\"https:\/\/www.sibyllekaminski.de\/coaching-koeln\/buch-der-kleine-jobcoach\" \/>\n<meta property=\"og:site_name\" content=\"Coaching K\u00f6ln. Sibylle Kaminski.\" \/>\n<meta property=\"article:publisher\" content=\"https:\/\/www.facebook.com\/relax.your.work\/\" \/>\n<meta property=\"article:modified_time\" content=\"2023-09-23T12:46:03+00:00\" \/>\n<meta property=\"og:image\" content=\"https:\/\/www.sibyllekaminski.de\/coaching-koeln\/wp-content\/uploads\/Kaminski-Cover-4-e1592918988218.jpg\" \/>\n<meta name=\"twitter:card\" content=\"summary_large_image\" \/>\n<meta name=\"twitter:label1\" content=\"Gesch\u00e4tzte Lesezeit\" \/>\n\t<meta name=\"twitter:data1\" content=\"2\u00a0Minuten\" \/>\n<script type=\"application\/ld+json\" class=\"yoast-schema-graph\">{\"@context\":\"https:\\\/\\\/schema.org\",\"@graph\":[{\"@type\":\"WebPage\",\"@id\":\"https:\\\/\\\/www.sibyllekaminski.de\\\/coaching-koeln\\\/buch-der-kleine-jobcoach\",\"url\":\"https:\\\/\\\/www.sibyllekaminski.de\\\/coaching-koeln\\\/buch-der-kleine-jobcoach\",\"name\":\"Der kleine Jobcoach - Coaching K\u00f6ln. Sibylle Kaminski.\",\"isPartOf\":{\"@id\":\"https:\\\/\\\/www.sibyllekaminski.de\\\/coaching-koeln\\\/#website\"},\"primaryImageOfPage\":{\"@id\":\"https:\\\/\\\/www.sibyllekaminski.de\\\/coaching-koeln\\\/buch-der-kleine-jobcoach#primaryimage\"},\"image\":{\"@id\":\"https:\\\/\\\/www.sibyllekaminski.de\\\/coaching-koeln\\\/buch-der-kleine-jobcoach#primaryimage\"},\"thumbnailUrl\":\"https:\\\/\\\/www.sibyllekaminski.de\\\/coaching-koeln\\\/wp-content\\\/uploads\\\/Kaminski-Cover-4-e1592918988218.jpg\",\"datePublished\":\"2020-01-06T11:35:54+00:00\",\"dateModified\":\"2023-09-23T12:46:03+00:00\",\"description\":\"\u27a4 Das Buch \\\"Der kleine Job-Coach\\\" von Sibylle Kaminski. Mehr Gelassenheit, weniger Konflikte, bessere Durchsetzung im Beruf und Alltag.\",\"breadcrumb\":{\"@id\":\"https:\\\/\\\/www.sibyllekaminski.de\\\/coaching-koeln\\\/buch-der-kleine-jobcoach#breadcrumb\"},\"inLanguage\":\"de\",\"potentialAction\":[{\"@type\":\"ReadAction\",\"target\":[\"https:\\\/\\\/www.sibyllekaminski.de\\\/coaching-koeln\\\/buch-der-kleine-jobcoach\"]}]},{\"@type\":\"ImageObject\",\"inLanguage\":\"de\",\"@id\":\"https:\\\/\\\/www.sibyllekaminski.de\\\/coaching-koeln\\\/buch-der-kleine-jobcoach#primaryimage\",\"url\":\"https:\\\/\\\/www.sibyllekaminski.de\\\/coaching-koeln\\\/wp-content\\\/uploads\\\/Kaminski-Cover-4-e1592918988218.jpg\",\"contentUrl\":\"https:\\\/\\\/www.sibyllekaminski.de\\\/coaching-koeln\\\/wp-content\\\/uploads\\\/Kaminski-Cover-4-e1592918988218.jpg\",\"width\":700,\"height\":869,\"caption\":\"Mehr Gelassenheit, weniger Konflikte, bessere Durchsetzung im Beruf und Alltag\"},{\"@type\":\"BreadcrumbList\",\"@id\":\"https:\\\/\\\/www.sibyllekaminski.de\\\/coaching-koeln\\\/buch-der-kleine-jobcoach#breadcrumb\",\"itemListElement\":[{\"@type\":\"ListItem\",\"position\":1,\"name\":\"Startseite\",\"item\":\"https:\\\/\\\/www.sibyllekaminski.de\\\/coaching-koeln\\\/\"},{\"@type\":\"ListItem\",\"position\":2,\"name\":\"Der kleine Jobcoach\"}]},{\"@type\":\"WebSite\",\"@id\":\"https:\\\/\\\/www.sibyllekaminski.de\\\/coaching-koeln\\\/#website\",\"url\":\"https:\\\/\\\/www.sibyllekaminski.de\\\/coaching-koeln\\\/\",\"name\":\"Coaching K\u00f6ln. Sibylle Kaminski.\",\"description\":\"Systemisches Business Coaching und Life Coaching in K\u00f6ln. Stressbew\u00e4ltigungsseminare. Achtsamkeitsseminar im Kloster. Durchsetzungstraining f\u00fcr Frauen.\",\"publisher\":{\"@id\":\"https:\\\/\\\/www.sibyllekaminski.de\\\/coaching-koeln\\\/#organization\"},\"potentialAction\":[{\"@type\":\"SearchAction\",\"target\":{\"@type\":\"EntryPoint\",\"urlTemplate\":\"https:\\\/\\\/www.sibyllekaminski.de\\\/coaching-koeln\\\/?s={search_term_string}\"},\"query-input\":{\"@type\":\"PropertyValueSpecification\",\"valueRequired\":true,\"valueName\":\"search_term_string\"}}],\"inLanguage\":\"de\"},{\"@type\":\"Organization\",\"@id\":\"https:\\\/\\\/www.sibyllekaminski.de\\\/coaching-koeln\\\/#organization\",\"name\":\"Erfolgswege f\u00fcr Menschen und Unternehmen\",\"url\":\"https:\\\/\\\/www.sibyllekaminski.de\\\/coaching-koeln\\\/\",\"logo\":{\"@type\":\"ImageObject\",\"inLanguage\":\"de\",\"@id\":\"https:\\\/\\\/www.sibyllekaminski.de\\\/coaching-koeln\\\/#\\\/schema\\\/logo\\\/image\\\/\",\"url\":\"https:\\\/\\\/www.sibyllekaminski.de\\\/coaching-koeln\\\/wp-content\\\/uploads\\\/2016\\\/10\\\/logo.png\",\"contentUrl\":\"https:\\\/\\\/www.sibyllekaminski.de\\\/coaching-koeln\\\/wp-content\\\/uploads\\\/2016\\\/10\\\/logo.png\",\"width\":534,\"height\":78,\"caption\":\"Erfolgswege f\u00fcr Menschen und Unternehmen\"},\"image\":{\"@id\":\"https:\\\/\\\/www.sibyllekaminski.de\\\/coaching-koeln\\\/#\\\/schema\\\/logo\\\/image\\\/\"},\"sameAs\":[\"https:\\\/\\\/www.facebook.com\\\/relax.your.work\\\/\"]}]}<\/script>\n<!-- \/ Yoast SEO plugin. -->","yoast_head_json":{"title":"Der kleine Jobcoach - Coaching K\u00f6ln. Sibylle Kaminski.","description":"\u27a4 Das Buch \"Der kleine Job-Coach\" von Sibylle Kaminski. Mehr Gelassenheit, weniger Konflikte, bessere Durchsetzung im Beruf und Alltag.","robots":{"index":"index","follow":"follow","max-snippet":"max-snippet:-1","max-image-preview":"max-image-preview:large","max-video-preview":"max-video-preview:-1"},"canonical":"https:\/\/www.sibyllekaminski.de\/coaching-koeln\/buch-der-kleine-jobcoach","og_locale":"de_DE","og_type":"article","og_title":"Der kleine Jobcoach - Coaching K\u00f6ln. Sibylle Kaminski.","og_description":"\u27a4 Das Buch \"Der kleine Job-Coach\" von Sibylle Kaminski. Mehr Gelassenheit, weniger Konflikte, bessere Durchsetzung im Beruf und Alltag.","og_url":"https:\/\/www.sibyllekaminski.de\/coaching-koeln\/buch-der-kleine-jobcoach","og_site_name":"Coaching K\u00f6ln. Sibylle Kaminski.","article_publisher":"https:\/\/www.facebook.com\/relax.your.work\/","article_modified_time":"2023-09-23T12:46:03+00:00","og_image":[{"url":"https:\/\/www.sibyllekaminski.de\/coaching-koeln\/wp-content\/uploads\/Kaminski-Cover-4-e1592918988218.jpg","type":"","width":"","height":""}],"twitter_card":"summary_large_image","twitter_misc":{"Gesch\u00e4tzte Lesezeit":"2\u00a0Minuten"},"schema":{"@context":"https:\/\/schema.org","@graph":[{"@type":"WebPage","@id":"https:\/\/www.sibyllekaminski.de\/coaching-koeln\/buch-der-kleine-jobcoach","url":"https:\/\/www.sibyllekaminski.de\/coaching-koeln\/buch-der-kleine-jobcoach","name":"Der kleine Jobcoach - Coaching K\u00f6ln. Sibylle Kaminski.","isPartOf":{"@id":"https:\/\/www.sibyllekaminski.de\/coaching-koeln\/#website"},"primaryImageOfPage":{"@id":"https:\/\/www.sibyllekaminski.de\/coaching-koeln\/buch-der-kleine-jobcoach#primaryimage"},"image":{"@id":"https:\/\/www.sibyllekaminski.de\/coaching-koeln\/buch-der-kleine-jobcoach#primaryimage"},"thumbnailUrl":"https:\/\/www.sibyllekaminski.de\/coaching-koeln\/wp-content\/uploads\/Kaminski-Cover-4-e1592918988218.jpg","datePublished":"2020-01-06T11:35:54+00:00","dateModified":"2023-09-23T12:46:03+00:00","description":"\u27a4 Das Buch \"Der kleine Job-Coach\" von Sibylle Kaminski. Mehr Gelassenheit, weniger Konflikte, bessere Durchsetzung im Beruf und Alltag.","breadcrumb":{"@id":"https:\/\/www.sibyllekaminski.de\/coaching-koeln\/buch-der-kleine-jobcoach#breadcrumb"},"inLanguage":"de","potentialAction":[{"@type":"ReadAction","target":["https:\/\/www.sibyllekaminski.de\/coaching-koeln\/buch-der-kleine-jobcoach"]}]},{"@type":"ImageObject","inLanguage":"de","@id":"https:\/\/www.sibyllekaminski.de\/coaching-koeln\/buch-der-kleine-jobcoach#primaryimage","url":"https:\/\/www.sibyllekaminski.de\/coaching-koeln\/wp-content\/uploads\/Kaminski-Cover-4-e1592918988218.jpg","contentUrl":"https:\/\/www.sibyllekaminski.de\/coaching-koeln\/wp-content\/uploads\/Kaminski-Cover-4-e1592918988218.jpg","width":700,"height":869,"caption":"Mehr Gelassenheit, weniger Konflikte, bessere Durchsetzung im Beruf und Alltag"},{"@type":"BreadcrumbList","@id":"https:\/\/www.sibyllekaminski.de\/coaching-koeln\/buch-der-kleine-jobcoach#breadcrumb","itemListElement":[{"@type":"ListItem","position":1,"name":"Startseite","item":"https:\/\/www.sibyllekaminski.de\/coaching-koeln\/"},{"@type":"ListItem","position":2,"name":"Der kleine Jobcoach"}]},{"@type":"WebSite","@id":"https:\/\/www.sibyllekaminski.de\/coaching-koeln\/#website","url":"https:\/\/www.sibyllekaminski.de\/coaching-koeln\/","name":"Coaching K\u00f6ln. Sibylle Kaminski.","description":"Systemisches Business Coaching und Life Coaching in K\u00f6ln. Stressbew\u00e4ltigungsseminare. Achtsamkeitsseminar im Kloster. Durchsetzungstraining f\u00fcr Frauen.","publisher":{"@id":"https:\/\/www.sibyllekaminski.de\/coaching-koeln\/#organization"},"potentialAction":[{"@type":"SearchAction","target":{"@type":"EntryPoint","urlTemplate":"https:\/\/www.sibyllekaminski.de\/coaching-koeln\/?s={search_term_string}"},"query-input":{"@type":"PropertyValueSpecification","valueRequired":true,"valueName":"search_term_string"}}],"inLanguage":"de"},{"@type":"Organization","@id":"https:\/\/www.sibyllekaminski.de\/coaching-koeln\/#organization","name":"Erfolgswege f\u00fcr Menschen und Unternehmen","url":"https:\/\/www.sibyllekaminski.de\/coaching-koeln\/","logo":{"@type":"ImageObject","inLanguage":"de","@id":"https:\/\/www.sibyllekaminski.de\/coaching-koeln\/#\/schema\/logo\/image\/","url":"https:\/\/www.sibyllekaminski.de\/coaching-koeln\/wp-content\/uploads\/2016\/10\/logo.png","contentUrl":"https:\/\/www.sibyllekaminski.de\/coaching-koeln\/wp-content\/uploads\/2016\/10\/logo.png","width":534,"height":78,"caption":"Erfolgswege f\u00fcr Menschen und Unternehmen"},"image":{"@id":"https:\/\/www.sibyllekaminski.de\/coaching-koeln\/#\/schema\/logo\/image\/"},"sameAs":["https:\/\/www.facebook.com\/relax.your.work\/"]}]}},"_links":{"self":[{"href":"https:\/\/www.sibyllekaminski.de\/coaching-koeln\/wp-json\/wp\/v2\/pages\/1738","targetHints":{"allow":["GET"]}}],"collection":[{"href":"https:\/\/www.sibyllekaminski.de\/coaching-koeln\/wp-json\/wp\/v2\/pages"}],"about":[{"href":"https:\/\/www.sibyllekaminski.de\/coaching-koeln\/wp-json\/wp\/v2\/types\/page"}],"author":[{"embeddable":true,"href":"https:\/\/www.sibyllekaminski.de\/coaching-koeln\/wp-json\/wp\/v2\/users\/6"}],"replies":[{"embeddable":true,"href":"https:\/\/www.sibyllekaminski.de\/coaching-koeln\/wp-json\/wp\/v2\/comments?post=1738"}],"version-history":[{"count":36,"href":"https:\/\/www.sibyllekaminski.de\/coaching-koeln\/wp-json\/wp\/v2\/pages\/1738\/revisions"}],"predecessor-version":[{"id":3066,"href":"https:\/\/www.sibyllekaminski.de\/coaching-koeln\/wp-json\/wp\/v2\/pages\/1738\/revisions\/3066"}],"wp:attachment":[{"href":"https:\/\/www.sibyllekaminski.de\/coaching-koeln\/wp-json\/wp\/v2\/media?parent=1738"}],"curies":[{"name":"wp","href":"https:\/\/api.w.org\/{rel}","templated":true}]}}