{"id":2890,"date":"2023-08-04T12:33:01","date_gmt":"2023-08-04T10:33:01","guid":{"rendered":"https:\/\/www.sibyllekaminski.de\/coaching-koeln\/?page_id=2890"},"modified":"2023-11-14T14:23:24","modified_gmt":"2023-11-14T13:23:24","slug":"workbook","status":"publish","type":"page","link":"https:\/\/www.sibyllekaminski.de\/coaching-koeln\/workbook","title":{"rendered":"Kostenloses Workbook Download"},"content":{"rendered":"<div class=\"row\">\n<div class=\"small-12\">\n<p>In bestimmten Situationen fehlen Ihnen die Worte, erst einige Zeit sp\u00e4ter f\u00e4llt Ihnen die Antwort ein?<br \/>\nSie w\u00fcrden gern selbstsicherer auftreten und souver\u00e4n eine Pr\u00e4sentation halten k\u00f6nnen?<br \/>\nSie empfinden sich als eher konfliktvermeidend?<\/p>\n<p>In diesem Workbook erfahren Sie, wie sich Ihr Weg zu mehr Souver\u00e4nit\u00e4t gestalten l\u00e4sst.<br \/>\nNehmen Sie sich etwas Zeit, die Fragen zu beantworten und gehen Sie damit den ersten wichtigen Schritt!<\/p>\n<p>Fragen, die im Workbook beantwortet werden, sind u.a.:<\/p>\n<ul>\n<li>Wie kann ich mich in Konflikten besser f\u00fchlen und durchsetzen?<\/li>\n<li>L\u00e4sst sich Schlagfertigkeit lernen?<\/li>\n<li>Was kann ich daf\u00fcr tun, dass ich mich weniger gestresst f\u00fchle?<\/li>\n<li>Wie lerne ich es, Spr\u00fcche von Kollegen nicht pers\u00f6nlich zu nehmen?<\/li>\n<\/ul>\n<p>&nbsp;<\/p>\n<p><a id=\"buchungsbutton\" class=\"buchungsbutton\" href=\"javascript:scrollto_newsletter()\">JETZT HERUNTERLADEN<\/a><\/p>\n<p>&nbsp;<\/p>\n<\/div>\n<div class=\"row\">\n<div class=\"small-12 columns\">\n<hr \/>\n<p><a id=\"ebook\" name=\"ebook\"><\/a><br \/>\nTragen Sie sich hier in die Liste ein und erhalten Sie den Download-Link zum E-Book sowie meinen (ca. monatlichen) Newsletter mit Coaching-Impulsen. Mit dem Eintrag Ihrer Daten erkl\u00e4ren Sie sich einverstanden, dass ich diese bei mir auf der Festplatte speichere. Die Daten werden nicht weitergegeben und Sie k\u00f6nnen sich jederzeit von dem Newsletter-Versand abmelden. Vielen Dank, Sibylle Kaminski<\/p>\n<\/div>\n<\/div>\n<div class=\"row\">\n<div class=\"small-12 medium-6 large-4 columns\" style=\"margin-top: 25px;\">\n<form method=\"POST\" name=\"newsletter\"><input id=\"Vorname\" class=\"kaminskiformfield\" name=\"Vorname\" type=\"text\" placeholder=\"Vorname\" \/><br \/>\n<input id=\"Nachname\" class=\"kaminskiformfield\" name=\"Nachname\" type=\"text\" placeholder=\"Nachname\" \/><\/p>\n<div class=\"fx-relay-email-input-wrapper\">\n<div class=\"fx-relay-email-input-wrapper\">\n<div class=\"fx-relay-email-input-wrapper\">\n<div class=\"fx-relay-email-input-wrapper\">\n<p><input id=\"EMail\" class=\"kaminskiformfield\" style=\"padding-right: 30px; width: 126px;\" name=\"EMail\" required=\"true\" type=\"email\" placeholder=\"E-Mail\" \/><\/p>\n<div class=\"fx-relay-icon\" style=\"top: 0px; bottom: 0px; right: 2px;\"><\/div>\n<\/div>\n<p><input id=\"buchungsbutton\" style=\"width: 100%;\" type=\"submit\" value=\"Empowerment Workbook erhalten\" \/><\/p>\n<\/form>\n<\/div>\n<\/div>\n<\/div>\n\n","protected":false},"excerpt":{"rendered":"","protected":false},"author":6,"featured_media":0,"parent":0,"menu_order":0,"comment_status":"closed","ping_status":"closed","template":"","meta":{"footnotes":""},"class_list":["post-2890","page","type-page","status-publish","hentry"],"yoast_head":"<!-- This site is optimized with the Yoast SEO plugin v27.5 - https:\/\/yoast.com\/product\/yoast-seo-wordpress\/ -->\n<title>Kostenloses Workbook Download - Coaching K\u00f6ln. Sibylle Kaminski.<\/title>\n<meta name=\"description\" content=\"kostenloses Workbook &quot;Wie erfolgreiche Frauen sich gegen\u00fcber M\u00e4nnern durchsetzen und Respekt verschaffen...&quot;\" \/>\n<meta name=\"robots\" content=\"index, follow, max-snippet:-1, max-image-preview:large, max-video-preview:-1\" \/>\n<link rel=\"canonical\" href=\"https:\/\/www.sibyllekaminski.de\/coaching-koeln\/workbook\" \/>\n<meta property=\"og:locale\" content=\"de_DE\" \/>\n<meta property=\"og:type\" content=\"article\" \/>\n<meta property=\"og:title\" content=\"Kostenloses Workbook Download - Coaching K\u00f6ln. Sibylle Kaminski.\" \/>\n<meta property=\"og:description\" content=\"kostenloses Workbook &quot;Wie erfolgreiche Frauen sich gegen\u00fcber M\u00e4nnern durchsetzen und Respekt verschaffen...&quot;\" \/>\n<meta property=\"og:url\" content=\"https:\/\/www.sibyllekaminski.de\/coaching-koeln\/workbook\" \/>\n<meta property=\"og:site_name\" content=\"Coaching K\u00f6ln. Sibylle Kaminski.\" \/>\n<meta property=\"article:publisher\" content=\"https:\/\/www.facebook.com\/relax.your.work\/\" \/>\n<meta property=\"article:modified_time\" content=\"2023-11-14T13:23:24+00:00\" \/>\n<meta property=\"og:image\" content=\"https:\/\/www.sibyllekaminski.de\/coaching-koeln\/wp-content\/uploads\/Sibylle_Kaminski_OG.jpg\" \/>\n\t<meta property=\"og:image:width\" content=\"1200\" \/>\n\t<meta property=\"og:image:height\" content=\"675\" \/>\n\t<meta property=\"og:image:type\" content=\"image\/jpeg\" \/>\n<meta name=\"twitter:card\" content=\"summary_large_image\" \/>\n<meta name=\"twitter:label1\" content=\"Gesch\u00e4tzte Lesezeit\" \/>\n\t<meta name=\"twitter:data1\" content=\"1\u00a0Minute\" \/>\n<script type=\"application\/ld+json\" class=\"yoast-schema-graph\">{\"@context\":\"https:\\\/\\\/schema.org\",\"@graph\":[{\"@type\":\"WebPage\",\"@id\":\"https:\\\/\\\/www.sibyllekaminski.de\\\/coaching-koeln\\\/workbook\",\"url\":\"https:\\\/\\\/www.sibyllekaminski.de\\\/coaching-koeln\\\/workbook\",\"name\":\"Kostenloses Workbook Download - Coaching K\u00f6ln. Sibylle Kaminski.\",\"isPartOf\":{\"@id\":\"https:\\\/\\\/www.sibyllekaminski.de\\\/coaching-koeln\\\/#website\"},\"datePublished\":\"2023-08-04T10:33:01+00:00\",\"dateModified\":\"2023-11-14T13:23:24+00:00\",\"description\":\"kostenloses Workbook \\\"Wie erfolgreiche Frauen sich gegen\u00fcber M\u00e4nnern durchsetzen und Respekt verschaffen...\\\"\",\"breadcrumb\":{\"@id\":\"https:\\\/\\\/www.sibyllekaminski.de\\\/coaching-koeln\\\/workbook#breadcrumb\"},\"inLanguage\":\"de\",\"potentialAction\":[{\"@type\":\"ReadAction\",\"target\":[\"https:\\\/\\\/www.sibyllekaminski.de\\\/coaching-koeln\\\/workbook\"]}]},{\"@type\":\"BreadcrumbList\",\"@id\":\"https:\\\/\\\/www.sibyllekaminski.de\\\/coaching-koeln\\\/workbook#breadcrumb\",\"itemListElement\":[{\"@type\":\"ListItem\",\"position\":1,\"name\":\"Startseite\",\"item\":\"https:\\\/\\\/www.sibyllekaminski.de\\\/coaching-koeln\\\/\"},{\"@type\":\"ListItem\",\"position\":2,\"name\":\"Kostenloses Workbook Download\"}]},{\"@type\":\"WebSite\",\"@id\":\"https:\\\/\\\/www.sibyllekaminski.de\\\/coaching-koeln\\\/#website\",\"url\":\"https:\\\/\\\/www.sibyllekaminski.de\\\/coaching-koeln\\\/\",\"name\":\"Coaching K\u00f6ln. Sibylle Kaminski.\",\"description\":\"Systemisches Business Coaching und Life Coaching in K\u00f6ln. Stressbew\u00e4ltigungsseminare. Achtsamkeitsseminar im Kloster. Durchsetzungstraining f\u00fcr Frauen.\",\"publisher\":{\"@id\":\"https:\\\/\\\/www.sibyllekaminski.de\\\/coaching-koeln\\\/#organization\"},\"potentialAction\":[{\"@type\":\"SearchAction\",\"target\":{\"@type\":\"EntryPoint\",\"urlTemplate\":\"https:\\\/\\\/www.sibyllekaminski.de\\\/coaching-koeln\\\/?s={search_term_string}\"},\"query-input\":{\"@type\":\"PropertyValueSpecification\",\"valueRequired\":true,\"valueName\":\"search_term_string\"}}],\"inLanguage\":\"de\"},{\"@type\":\"Organization\",\"@id\":\"https:\\\/\\\/www.sibyllekaminski.de\\\/coaching-koeln\\\/#organization\",\"name\":\"Erfolgswege f\u00fcr Menschen und Unternehmen\",\"url\":\"https:\\\/\\\/www.sibyllekaminski.de\\\/coaching-koeln\\\/\",\"logo\":{\"@type\":\"ImageObject\",\"inLanguage\":\"de\",\"@id\":\"https:\\\/\\\/www.sibyllekaminski.de\\\/coaching-koeln\\\/#\\\/schema\\\/logo\\\/image\\\/\",\"url\":\"https:\\\/\\\/www.sibyllekaminski.de\\\/coaching-koeln\\\/wp-content\\\/uploads\\\/2016\\\/10\\\/logo.png\",\"contentUrl\":\"https:\\\/\\\/www.sibyllekaminski.de\\\/coaching-koeln\\\/wp-content\\\/uploads\\\/2016\\\/10\\\/logo.png\",\"width\":534,\"height\":78,\"caption\":\"Erfolgswege f\u00fcr Menschen und Unternehmen\"},\"image\":{\"@id\":\"https:\\\/\\\/www.sibyllekaminski.de\\\/coaching-koeln\\\/#\\\/schema\\\/logo\\\/image\\\/\"},\"sameAs\":[\"https:\\\/\\\/www.facebook.com\\\/relax.your.work\\\/\"]}]}<\/script>\n<!-- \/ Yoast SEO plugin. -->","yoast_head_json":{"title":"Kostenloses Workbook Download - Coaching K\u00f6ln. Sibylle Kaminski.","description":"kostenloses Workbook \"Wie erfolgreiche Frauen sich gegen\u00fcber M\u00e4nnern durchsetzen und Respekt verschaffen...\"","robots":{"index":"index","follow":"follow","max-snippet":"max-snippet:-1","max-image-preview":"max-image-preview:large","max-video-preview":"max-video-preview:-1"},"canonical":"https:\/\/www.sibyllekaminski.de\/coaching-koeln\/workbook","og_locale":"de_DE","og_type":"article","og_title":"Kostenloses Workbook Download - Coaching K\u00f6ln. Sibylle Kaminski.","og_description":"kostenloses Workbook \"Wie erfolgreiche Frauen sich gegen\u00fcber M\u00e4nnern durchsetzen und Respekt verschaffen...\"","og_url":"https:\/\/www.sibyllekaminski.de\/coaching-koeln\/workbook","og_site_name":"Coaching K\u00f6ln. Sibylle Kaminski.","article_publisher":"https:\/\/www.facebook.com\/relax.your.work\/","article_modified_time":"2023-11-14T13:23:24+00:00","og_image":[{"width":1200,"height":675,"url":"https:\/\/www.sibyllekaminski.de\/coaching-koeln\/wp-content\/uploads\/Sibylle_Kaminski_OG.jpg","type":"image\/jpeg"}],"twitter_card":"summary_large_image","twitter_misc":{"Gesch\u00e4tzte Lesezeit":"1\u00a0Minute"},"schema":{"@context":"https:\/\/schema.org","@graph":[{"@type":"WebPage","@id":"https:\/\/www.sibyllekaminski.de\/coaching-koeln\/workbook","url":"https:\/\/www.sibyllekaminski.de\/coaching-koeln\/workbook","name":"Kostenloses Workbook Download - Coaching K\u00f6ln. Sibylle Kaminski.","isPartOf":{"@id":"https:\/\/www.sibyllekaminski.de\/coaching-koeln\/#website"},"datePublished":"2023-08-04T10:33:01+00:00","dateModified":"2023-11-14T13:23:24+00:00","description":"kostenloses Workbook \"Wie erfolgreiche Frauen sich gegen\u00fcber M\u00e4nnern durchsetzen und Respekt verschaffen...\"","breadcrumb":{"@id":"https:\/\/www.sibyllekaminski.de\/coaching-koeln\/workbook#breadcrumb"},"inLanguage":"de","potentialAction":[{"@type":"ReadAction","target":["https:\/\/www.sibyllekaminski.de\/coaching-koeln\/workbook"]}]},{"@type":"BreadcrumbList","@id":"https:\/\/www.sibyllekaminski.de\/coaching-koeln\/workbook#breadcrumb","itemListElement":[{"@type":"ListItem","position":1,"name":"Startseite","item":"https:\/\/www.sibyllekaminski.de\/coaching-koeln\/"},{"@type":"ListItem","position":2,"name":"Kostenloses Workbook Download"}]},{"@type":"WebSite","@id":"https:\/\/www.sibyllekaminski.de\/coaching-koeln\/#website","url":"https:\/\/www.sibyllekaminski.de\/coaching-koeln\/","name":"Coaching K\u00f6ln. Sibylle Kaminski.","description":"Systemisches Business Coaching und Life Coaching in K\u00f6ln. Stressbew\u00e4ltigungsseminare. Achtsamkeitsseminar im Kloster. Durchsetzungstraining f\u00fcr Frauen.","publisher":{"@id":"https:\/\/www.sibyllekaminski.de\/coaching-koeln\/#organization"},"potentialAction":[{"@type":"SearchAction","target":{"@type":"EntryPoint","urlTemplate":"https:\/\/www.sibyllekaminski.de\/coaching-koeln\/?s={search_term_string}"},"query-input":{"@type":"PropertyValueSpecification","valueRequired":true,"valueName":"search_term_string"}}],"inLanguage":"de"},{"@type":"Organization","@id":"https:\/\/www.sibyllekaminski.de\/coaching-koeln\/#organization","name":"Erfolgswege f\u00fcr Menschen und Unternehmen","url":"https:\/\/www.sibyllekaminski.de\/coaching-koeln\/","logo":{"@type":"ImageObject","inLanguage":"de","@id":"https:\/\/www.sibyllekaminski.de\/coaching-koeln\/#\/schema\/logo\/image\/","url":"https:\/\/www.sibyllekaminski.de\/coaching-koeln\/wp-content\/uploads\/2016\/10\/logo.png","contentUrl":"https:\/\/www.sibyllekaminski.de\/coaching-koeln\/wp-content\/uploads\/2016\/10\/logo.png","width":534,"height":78,"caption":"Erfolgswege f\u00fcr Menschen und Unternehmen"},"image":{"@id":"https:\/\/www.sibyllekaminski.de\/coaching-koeln\/#\/schema\/logo\/image\/"},"sameAs":["https:\/\/www.facebook.com\/relax.your.work\/"]}]}},"_links":{"self":[{"href":"https:\/\/www.sibyllekaminski.de\/coaching-koeln\/wp-json\/wp\/v2\/pages\/2890","targetHints":{"allow":["GET"]}}],"collection":[{"href":"https:\/\/www.sibyllekaminski.de\/coaching-koeln\/wp-json\/wp\/v2\/pages"}],"about":[{"href":"https:\/\/www.sibyllekaminski.de\/coaching-koeln\/wp-json\/wp\/v2\/types\/page"}],"author":[{"embeddable":true,"href":"https:\/\/www.sibyllekaminski.de\/coaching-koeln\/wp-json\/wp\/v2\/users\/6"}],"replies":[{"embeddable":true,"href":"https:\/\/www.sibyllekaminski.de\/coaching-koeln\/wp-json\/wp\/v2\/comments?post=2890"}],"version-history":[{"count":6,"href":"https:\/\/www.sibyllekaminski.de\/coaching-koeln\/wp-json\/wp\/v2\/pages\/2890\/revisions"}],"predecessor-version":[{"id":3101,"href":"https:\/\/www.sibyllekaminski.de\/coaching-koeln\/wp-json\/wp\/v2\/pages\/2890\/revisions\/3101"}],"wp:attachment":[{"href":"https:\/\/www.sibyllekaminski.de\/coaching-koeln\/wp-json\/wp\/v2\/media?parent=2890"}],"curies":[{"name":"wp","href":"https:\/\/api.w.org\/{rel}","templated":true}]}}