{"id":330,"date":"2016-11-10T23:40:43","date_gmt":"2016-11-10T22:40:43","guid":{"rendered":"https:\/\/www.sibyllekaminski.de\/coaching-koeln\/?page_id=330"},"modified":"2026-02-01T16:44:34","modified_gmt":"2026-02-01T15:44:34","slug":"job-coaching","status":"publish","type":"page","link":"https:\/\/www.sibyllekaminski.de\/coaching-koeln\/job-coaching","title":{"rendered":"Systemisches Business &#8211; und Management Coaching Supervision K\u00f6ln"},"content":{"rendered":"<p>Sibylle Kaminski, Senior Professional Coach und Trainerin seit 2004.<br \/>\n<div class=\"row nopadding\"><div class=\"small-12 columns\" id=\"buchungsdiv\"><a href=\"https:\/\/www.terminland.de\/sibyllekaminski\/\"  target=\"_blank\" id=\"buchungsbutton\"  title=\"Hier geht\u2019s zu meinem Terminkalender\" style=\"line-height:42px;margin-left:auto;margin-right:10px;margin-bottom:10px;float:left;\">Klarheit buchen<\/a><\/div><\/div> \u2192 Der schnellste Weg zu meinem Terminkalender und zu einem kostenfreien Vorgespr\u00e4ch.<\/p>\n<p>&nbsp;<\/p>\n<h3><span style=\"color: #800000;\">Angebote f\u00fcr Ihre Weiterentwicklung und die Ihrer Mitarbeitenden:<br \/>\n<\/span><\/h3>\n<ul>\n<li><strong>Vorw\u00e4rts denken<\/strong> \u2192 f\u00fcr Gesch\u00e4ftsf\u00fchrer*innen, Bereichsleitungen, oberes und mittleres Management.<br \/>\n<a href=\"https:\/\/www.sibyllekaminski.de\/coaching-koeln\/business-management-coaching\">Business Coaching * Management Coaching<\/a><\/li>\n<li><strong>Entlastung \u2192\u00a0 Supervision\u00a0 <\/strong>f\u00fcr Praxisinhaber*innen (Logop\u00e4die, niedergelassene \u00c4rzt*innen, Heilberufe)<\/li>\n<li><strong>Empowerment<\/strong> \u2192 Ermutigung\/Best\u00e4rkung,\u00a0 z.B. f\u00fcr weibliche Fach- und F\u00fchrungskr\u00e4fte <a href=\"https:\/\/www.sibyllekaminski.de\/coaching-koeln\/coaching-fuer-frauen-und-empowerment-in-koeln-sibylle-kaminski\">Mehr erfahren<\/a><\/li>\n<li><strong>Energie tanken<\/strong> \u2192 Seminaren f\u00fcr mehr Gelassenheit, bessere Durchsetzung und Konfliktf\u00e4higkeit \u00a0 <a href=\"https:\/\/www.sibyllekaminski.de\/coaching-koeln\/seminare-workshops-nrw\">Aktuelle Veranstaltungen, Achtsamkeits-Seminare<\/a><\/li>\n<li><strong>Genderfair<\/strong> \u2192\u00a0 Workshops und Beratung f\u00fcr eine gleichberechtigte Unternehmenskultur <a href=\"https:\/\/www.sibyllekaminski.de\/coaching-koeln\/wp-content\/uploads\/Angebote_genderfair.pdf\">Angebote_genderfair<\/a><\/li>\n<\/ul>\n<div class=\"row\">\n<div class=\"small-12 medium-12 columns nopad\">\n<hr \/>\n<h3><span style=\"color: #800000;\">Systemisches Business Coaching * Management Coaching sowie Supervision<br \/>\nin K\u00f6ln, NRW, online:<\/span><\/h3>\n<ul>\n<li>Reflexion von Rolle, Position, Aufgaben und Haltung * mindset<\/li>\n<li>Reflexion * Erweiterung der eigenen F\u00fchrungs- und Kommunikationskompetenzen<\/li>\n<li>Zeit- und Aufgabenmanagment<\/li>\n<li>Durchsetzungsf\u00e4higkeit * selbstbewusster Auftritt * angstfreie Pr\u00e4sentation<\/li>\n<li>Homeoffice * Vereinbarkeit von Beruf und Familie * Work-Life-Navigation<\/li>\n<li>Resilienz * Krisenkompetenz * Umgang mit Emotionen am Arbeitsplatz<\/li>\n<li>Verbesserung von Durchsetzungs- und Konfliktf\u00e4higkeiten<\/li>\n<li>Reflexion und Aufl\u00f6sung von Konflikten mit Mitarbeiter*innen, Vorgesetzen<\/li>\n<li>Selbststeuerung * agiles mindset * Agilit\u00e4t<br \/>\n<a href=\"https:\/\/www.sibyllekaminski.de\/coaching-koeln\/business-management-coaching\">Business Coaching: Klarheit gewinnen<\/a><\/li>\n<\/ul>\n<hr \/>\n<h3><span style=\"color: #800000;\">Life Coaching * Personal Coaching in K\u00f6ln oder online:<\/span><\/h3>\n<ul>\n<li>Einen neuen Umgang mit belastenden Gef\u00fchlen, Gedanken und Verhalten finden<\/li>\n<li>Aufl\u00f6sung von negativen \u00dcberzeugungen * Glaubenss\u00e4tzen<\/li>\n<li>Wechseljahre * Umbr\u00fcche * Neuausrichtung 50+<\/li>\n<li>ADHS bei Erwachsenen * Umgang mit Emotionen, Strukturierung des Alltags uvm.<br \/>\n<a href=\"https:\/\/www.sibyllekaminski.de\/coaching-koeln\/personal-coaching\">LifeCoaching: Der inneren F\u00fchrung folgen<\/a><\/li>\n<\/ul>\n<hr \/>\n<hr \/>\n<\/div>\n<div class=\"small-12 medium-12 columns nopad\">\n<h3><span style=\"color: #800000;\">Nach #meetoo kommt #makeitwork: Angebote f\u00fcr eine gerechte Arbeitswelt<br \/>\n<\/span><\/h3>\n<ul style=\"list-style-type: square;\">\n<li>&#8222;Mehr Respekt!&#8220; &#8211; Sexualisierter Bel\u00e4stigung im Unternehmen entgegentreten &#8211; Workshops f\u00fcr Personalverantwortliche, Gleichstellungsbeauftragte, Vertrauenspersonen (in Kooperation mit <a href=\"https:\/\/frauenberatungszentrum-koeln.de\/praevention\/\">FBZ K\u00f6ln<\/a>)<\/li>\n<li>Vortr\u00e4ge zu Sexismus, Sexualisierte Bel\u00e4stigung, Gendergerechte Arbeitskultur <a href=\"https:\/\/www.sibyllekaminski.de\/coaching-koeln\/wp-content\/uploads\/Angebote_genderfair.pdf\">Angebote_genderfair<\/a><\/li>\n<li><a href=\"https:\/\/www.sibyllekaminski.de\/coaching-koeln\/seminare-workshops-nrw\/mehr-souveraenitaet-und-durchsetzung-das-training\">Souver\u00e4nit\u00e4tstraining<\/a><\/li>\n<\/ul>\n<p>&nbsp;<\/p>\n<p><span style=\"color: #800000;\">Sie m\u00f6chten mich kennenlernen?<br \/>\nDann w\u00e4hlen Sie sich hier ganz einfach ein kostenfreies Gespr\u00e4ch mit mir aus:<\/span><div class=\"row nopadding\"><div class=\"small-12 columns\" id=\"buchungsdiv\"><a href=\"https:\/\/www.terminland.de\/sibyllekaminski\/\"  target=\"_blank\" id=\"buchungsbutton\"  title=\"Hier geht\u2019s zu meinem Terminkalender\" style=\"line-height:42px;margin-left:auto;margin-right:10px;margin-bottom:10px;float:left;\">Klarheit buchen<\/a><\/div><\/div><\/p>\n<p><span style=\"color: #800000;\">Offene Fragen? Meine Vorgehensweise:<\/span><\/p>\n<div class=\"row nopadding\"><div class=\"small-12 columns\" id=\"buchungsdiv\"><a href=\"https:\/\/www.sibyllekaminski.de\/coaching-koeln\/wp-content\/uploads\/terminbuchung\/Gemeinsam_vorw\u00e4rts_denken.pdf\" target=\"_blank\" title=\"So gestaltet sich die Zusammenarbeit mit mir.\" style=\"line-height:42px;float:left\" id=\"hinweisbutton\">Gemeinsam vorw\u00e4rts denken<\/a><\/div><\/div>\n<p>&nbsp;<\/p>\n<\/div>\n<\/div>\n<div class=\"row\">\n<div class=\"small-12 columns nopad\"><\/div>\n<\/div>\n","protected":false},"excerpt":{"rendered":"<p>Sibylle Kaminski, Senior Professional Coach und Trainerin seit 2004. \u2192 Der schnellste Weg zu meinem Terminkalender und zu einem kostenfreien Vorgespr\u00e4ch. &nbsp; Angebote f\u00fcr Ihre Weiterentwicklung und die Ihrer Mitarbeitenden: Vorw\u00e4rts denken \u2192 f\u00fcr Gesch\u00e4ftsf\u00fchrer*innen, Bereichsleitungen, oberes und mittleres Management. Business Coaching * Management Coaching Entlastung \u2192\u00a0 Supervision\u00a0 f\u00fcr Praxisinhaber*innen (Logop\u00e4die, niedergelassene \u00c4rzt*innen, Heilberufe) Empowerment [&hellip;]<\/p>\n","protected":false},"author":6,"featured_media":0,"parent":0,"menu_order":0,"comment_status":"closed","ping_status":"closed","template":"","meta":{"footnotes":""},"class_list":["post-330","page","type-page","status-publish","hentry"],"yoast_head":"<!-- This site is optimized with the Yoast SEO plugin v27.5 - https:\/\/yoast.com\/product\/yoast-seo-wordpress\/ -->\n<title>Business Coaching K\u00f6ln | Management Coaching | Supervision<\/title>\n<meta name=\"description\" content=\"Sibylle Kaminski, Coach und Trainerin in K\u00f6ln | Business Coaching | Empowerment Coaching | Supervision K\u00f6ln | ADHS bei Erwachsenen\" \/>\n<meta name=\"robots\" content=\"index, follow, max-snippet:-1, max-image-preview:large, max-video-preview:-1\" \/>\n<link rel=\"canonical\" href=\"https:\/\/www.sibyllekaminski.de\/coaching-koeln\/job-coaching\" \/>\n<meta property=\"og:locale\" content=\"de_DE\" \/>\n<meta property=\"og:type\" content=\"article\" \/>\n<meta property=\"og:title\" content=\"Business Coaching K\u00f6ln | Management Coaching | Supervision\" \/>\n<meta property=\"og:description\" content=\"Sibylle Kaminski, Coach und Trainerin in K\u00f6ln | Business Coaching | Empowerment Coaching | Supervision K\u00f6ln | ADHS bei Erwachsenen\" \/>\n<meta property=\"og:url\" content=\"https:\/\/www.sibyllekaminski.de\/coaching-koeln\/job-coaching\" \/>\n<meta property=\"og:site_name\" content=\"Coaching K\u00f6ln. Sibylle Kaminski.\" \/>\n<meta property=\"article:publisher\" content=\"https:\/\/www.facebook.com\/relax.your.work\/\" \/>\n<meta property=\"article:modified_time\" content=\"2026-02-01T15:44:34+00:00\" \/>\n<meta property=\"og:image\" content=\"https:\/\/www.sibyllekaminski.de\/coaching-koeln\/wp-content\/uploads\/Sibylle_Kaminski_OG.jpg\" \/>\n\t<meta property=\"og:image:width\" content=\"1200\" \/>\n\t<meta property=\"og:image:height\" content=\"675\" \/>\n\t<meta property=\"og:image:type\" content=\"image\/jpeg\" \/>\n<meta name=\"twitter:card\" content=\"summary_large_image\" \/>\n<meta name=\"twitter:label1\" content=\"Gesch\u00e4tzte Lesezeit\" \/>\n\t<meta name=\"twitter:data1\" content=\"2\u00a0Minuten\" \/>\n<script type=\"application\/ld+json\" class=\"yoast-schema-graph\">{\"@context\":\"https:\\\/\\\/schema.org\",\"@graph\":[{\"@type\":\"WebPage\",\"@id\":\"https:\\\/\\\/www.sibyllekaminski.de\\\/coaching-koeln\\\/job-coaching\",\"url\":\"https:\\\/\\\/www.sibyllekaminski.de\\\/coaching-koeln\\\/job-coaching\",\"name\":\"Business Coaching K\u00f6ln | Management Coaching | Supervision\",\"isPartOf\":{\"@id\":\"https:\\\/\\\/www.sibyllekaminski.de\\\/coaching-koeln\\\/#website\"},\"datePublished\":\"2016-11-10T22:40:43+00:00\",\"dateModified\":\"2026-02-01T15:44:34+00:00\",\"description\":\"Sibylle Kaminski, Coach und Trainerin in K\u00f6ln | Business Coaching | Empowerment Coaching | Supervision K\u00f6ln | ADHS bei Erwachsenen\",\"breadcrumb\":{\"@id\":\"https:\\\/\\\/www.sibyllekaminski.de\\\/coaching-koeln\\\/job-coaching#breadcrumb\"},\"inLanguage\":\"de\",\"potentialAction\":[{\"@type\":\"ReadAction\",\"target\":[\"https:\\\/\\\/www.sibyllekaminski.de\\\/coaching-koeln\\\/job-coaching\"]}]},{\"@type\":\"BreadcrumbList\",\"@id\":\"https:\\\/\\\/www.sibyllekaminski.de\\\/coaching-koeln\\\/job-coaching#breadcrumb\",\"itemListElement\":[{\"@type\":\"ListItem\",\"position\":1,\"name\":\"Startseite\",\"item\":\"https:\\\/\\\/www.sibyllekaminski.de\\\/coaching-koeln\\\/\"},{\"@type\":\"ListItem\",\"position\":2,\"name\":\"Systemisches Business &#8211; und Management Coaching Supervision K\u00f6ln\"}]},{\"@type\":\"WebSite\",\"@id\":\"https:\\\/\\\/www.sibyllekaminski.de\\\/coaching-koeln\\\/#website\",\"url\":\"https:\\\/\\\/www.sibyllekaminski.de\\\/coaching-koeln\\\/\",\"name\":\"Coaching K\u00f6ln. Sibylle Kaminski.\",\"description\":\"Systemisches Business Coaching und Life Coaching in K\u00f6ln. Stressbew\u00e4ltigungsseminare. Achtsamkeitsseminar im Kloster. Durchsetzungstraining f\u00fcr Frauen.\",\"publisher\":{\"@id\":\"https:\\\/\\\/www.sibyllekaminski.de\\\/coaching-koeln\\\/#organization\"},\"potentialAction\":[{\"@type\":\"SearchAction\",\"target\":{\"@type\":\"EntryPoint\",\"urlTemplate\":\"https:\\\/\\\/www.sibyllekaminski.de\\\/coaching-koeln\\\/?s={search_term_string}\"},\"query-input\":{\"@type\":\"PropertyValueSpecification\",\"valueRequired\":true,\"valueName\":\"search_term_string\"}}],\"inLanguage\":\"de\"},{\"@type\":\"Organization\",\"@id\":\"https:\\\/\\\/www.sibyllekaminski.de\\\/coaching-koeln\\\/#organization\",\"name\":\"Erfolgswege f\u00fcr Menschen und Unternehmen\",\"url\":\"https:\\\/\\\/www.sibyllekaminski.de\\\/coaching-koeln\\\/\",\"logo\":{\"@type\":\"ImageObject\",\"inLanguage\":\"de\",\"@id\":\"https:\\\/\\\/www.sibyllekaminski.de\\\/coaching-koeln\\\/#\\\/schema\\\/logo\\\/image\\\/\",\"url\":\"https:\\\/\\\/www.sibyllekaminski.de\\\/coaching-koeln\\\/wp-content\\\/uploads\\\/2016\\\/10\\\/logo.png\",\"contentUrl\":\"https:\\\/\\\/www.sibyllekaminski.de\\\/coaching-koeln\\\/wp-content\\\/uploads\\\/2016\\\/10\\\/logo.png\",\"width\":534,\"height\":78,\"caption\":\"Erfolgswege f\u00fcr Menschen und Unternehmen\"},\"image\":{\"@id\":\"https:\\\/\\\/www.sibyllekaminski.de\\\/coaching-koeln\\\/#\\\/schema\\\/logo\\\/image\\\/\"},\"sameAs\":[\"https:\\\/\\\/www.facebook.com\\\/relax.your.work\\\/\"]}]}<\/script>\n<!-- \/ Yoast SEO plugin. -->","yoast_head_json":{"title":"Business Coaching K\u00f6ln | Management Coaching | Supervision","description":"Sibylle Kaminski, Coach und Trainerin in K\u00f6ln | Business Coaching | Empowerment Coaching | Supervision K\u00f6ln | ADHS bei Erwachsenen","robots":{"index":"index","follow":"follow","max-snippet":"max-snippet:-1","max-image-preview":"max-image-preview:large","max-video-preview":"max-video-preview:-1"},"canonical":"https:\/\/www.sibyllekaminski.de\/coaching-koeln\/job-coaching","og_locale":"de_DE","og_type":"article","og_title":"Business Coaching K\u00f6ln | Management Coaching | Supervision","og_description":"Sibylle Kaminski, Coach und Trainerin in K\u00f6ln | Business Coaching | Empowerment Coaching | Supervision K\u00f6ln | ADHS bei Erwachsenen","og_url":"https:\/\/www.sibyllekaminski.de\/coaching-koeln\/job-coaching","og_site_name":"Coaching K\u00f6ln. Sibylle Kaminski.","article_publisher":"https:\/\/www.facebook.com\/relax.your.work\/","article_modified_time":"2026-02-01T15:44:34+00:00","og_image":[{"width":1200,"height":675,"url":"https:\/\/www.sibyllekaminski.de\/coaching-koeln\/wp-content\/uploads\/Sibylle_Kaminski_OG.jpg","type":"image\/jpeg"}],"twitter_card":"summary_large_image","twitter_misc":{"Gesch\u00e4tzte Lesezeit":"2\u00a0Minuten"},"schema":{"@context":"https:\/\/schema.org","@graph":[{"@type":"WebPage","@id":"https:\/\/www.sibyllekaminski.de\/coaching-koeln\/job-coaching","url":"https:\/\/www.sibyllekaminski.de\/coaching-koeln\/job-coaching","name":"Business Coaching K\u00f6ln | Management Coaching | Supervision","isPartOf":{"@id":"https:\/\/www.sibyllekaminski.de\/coaching-koeln\/#website"},"datePublished":"2016-11-10T22:40:43+00:00","dateModified":"2026-02-01T15:44:34+00:00","description":"Sibylle Kaminski, Coach und Trainerin in K\u00f6ln | Business Coaching | Empowerment Coaching | Supervision K\u00f6ln | ADHS bei Erwachsenen","breadcrumb":{"@id":"https:\/\/www.sibyllekaminski.de\/coaching-koeln\/job-coaching#breadcrumb"},"inLanguage":"de","potentialAction":[{"@type":"ReadAction","target":["https:\/\/www.sibyllekaminski.de\/coaching-koeln\/job-coaching"]}]},{"@type":"BreadcrumbList","@id":"https:\/\/www.sibyllekaminski.de\/coaching-koeln\/job-coaching#breadcrumb","itemListElement":[{"@type":"ListItem","position":1,"name":"Startseite","item":"https:\/\/www.sibyllekaminski.de\/coaching-koeln\/"},{"@type":"ListItem","position":2,"name":"Systemisches Business &#8211; und Management Coaching Supervision K\u00f6ln"}]},{"@type":"WebSite","@id":"https:\/\/www.sibyllekaminski.de\/coaching-koeln\/#website","url":"https:\/\/www.sibyllekaminski.de\/coaching-koeln\/","name":"Coaching K\u00f6ln. Sibylle Kaminski.","description":"Systemisches Business Coaching und Life Coaching in K\u00f6ln. Stressbew\u00e4ltigungsseminare. Achtsamkeitsseminar im Kloster. Durchsetzungstraining f\u00fcr Frauen.","publisher":{"@id":"https:\/\/www.sibyllekaminski.de\/coaching-koeln\/#organization"},"potentialAction":[{"@type":"SearchAction","target":{"@type":"EntryPoint","urlTemplate":"https:\/\/www.sibyllekaminski.de\/coaching-koeln\/?s={search_term_string}"},"query-input":{"@type":"PropertyValueSpecification","valueRequired":true,"valueName":"search_term_string"}}],"inLanguage":"de"},{"@type":"Organization","@id":"https:\/\/www.sibyllekaminski.de\/coaching-koeln\/#organization","name":"Erfolgswege f\u00fcr Menschen und Unternehmen","url":"https:\/\/www.sibyllekaminski.de\/coaching-koeln\/","logo":{"@type":"ImageObject","inLanguage":"de","@id":"https:\/\/www.sibyllekaminski.de\/coaching-koeln\/#\/schema\/logo\/image\/","url":"https:\/\/www.sibyllekaminski.de\/coaching-koeln\/wp-content\/uploads\/2016\/10\/logo.png","contentUrl":"https:\/\/www.sibyllekaminski.de\/coaching-koeln\/wp-content\/uploads\/2016\/10\/logo.png","width":534,"height":78,"caption":"Erfolgswege f\u00fcr Menschen und Unternehmen"},"image":{"@id":"https:\/\/www.sibyllekaminski.de\/coaching-koeln\/#\/schema\/logo\/image\/"},"sameAs":["https:\/\/www.facebook.com\/relax.your.work\/"]}]}},"_links":{"self":[{"href":"https:\/\/www.sibyllekaminski.de\/coaching-koeln\/wp-json\/wp\/v2\/pages\/330","targetHints":{"allow":["GET"]}}],"collection":[{"href":"https:\/\/www.sibyllekaminski.de\/coaching-koeln\/wp-json\/wp\/v2\/pages"}],"about":[{"href":"https:\/\/www.sibyllekaminski.de\/coaching-koeln\/wp-json\/wp\/v2\/types\/page"}],"author":[{"embeddable":true,"href":"https:\/\/www.sibyllekaminski.de\/coaching-koeln\/wp-json\/wp\/v2\/users\/6"}],"replies":[{"embeddable":true,"href":"https:\/\/www.sibyllekaminski.de\/coaching-koeln\/wp-json\/wp\/v2\/comments?post=330"}],"version-history":[{"count":255,"href":"https:\/\/www.sibyllekaminski.de\/coaching-koeln\/wp-json\/wp\/v2\/pages\/330\/revisions"}],"predecessor-version":[{"id":3618,"href":"https:\/\/www.sibyllekaminski.de\/coaching-koeln\/wp-json\/wp\/v2\/pages\/330\/revisions\/3618"}],"wp:attachment":[{"href":"https:\/\/www.sibyllekaminski.de\/coaching-koeln\/wp-json\/wp\/v2\/media?parent=330"}],"curies":[{"name":"wp","href":"https:\/\/api.w.org\/{rel}","templated":true}]}}