{"id":3380,"date":"2025-01-08T12:16:48","date_gmt":"2025-01-08T11:16:48","guid":{"rendered":"https:\/\/www.sibyllekaminski.de\/coaching-koeln\/?page_id=3380"},"modified":"2025-01-08T16:51:26","modified_gmt":"2025-01-08T15:51:26","slug":"souveraen-auftreten","status":"publish","type":"page","link":"https:\/\/www.sibyllekaminski.de\/coaching-koeln\/souveraen-auftreten","title":{"rendered":"Selbstsicher und pr\u00e4sent in herausfordernden Situationen"},"content":{"rendered":"<p>Berufliche Situationen, in denen es drauf ankommt kennt jeder Mensch:<\/p>\n<ul>\n<li>die Gehaltsverhandlung mit der oder dem Vorgesetzten<\/li>\n<li>ein Vortrag vor gr\u00f6\u00dferem Publikum<\/li>\n<li>eine Pr\u00e4sentation oder ein Pitch, in dem man \u00fcberzeugen muss<\/li>\n<li>ein herausforderndes Meeting, in dem man endlich geh\u00f6rt werden will<\/li>\n<li>ein Bewerbungsgespr\u00e4ch f\u00fcr eine h\u00f6here Position uvm.<\/li>\n<\/ul>\n<p>Manchen Menschen gelingt es als souver\u00e4n wahrgenommen zu werden, doch viele leiden vor und in der Situation unter Selbstzweifeln, Angst zu versagen, sich zu blamieren, unter gro\u00dfer Nerv\u00f6sit\u00e4t. Das l\u00e4sst sich \u00e4ndern.<\/p>\n<p><strong>Souver\u00e4nit\u00e4t l\u00e4sst sich lernen!<br \/>\n<\/strong><\/p>\n<p>Ob man als selbstsicher und pr\u00e4sent wahrgenommen wird, liegt in der Hauptsache darin, dass K\u00f6rpersprache und Inhalt des Gesagten in \u00dcbereinstimmung sind. Wenn unser Gegen\u00fcber oder ein Publikum Kongruenz zwischen unserer \u00e4u\u00dferen Haltung und dem inhaltlich Gesagtem wahrnehmen, \u00a0dann kommen wir an, dann werden wir ernst genommen.<\/p>\n<p>Weitere Faktoren, damit wir jemanden als souver\u00e4n wahrnehmen, sind:<\/p>\n<ul>\n<li>Tempo, Lautst\u00e4rke und Klang der Stimme<\/li>\n<li>Haltung des R\u00fcckens, der Schultern, der H\u00e4nde<\/li>\n<li>die Bewegung im Raum, ein fester Blick<\/li>\n<li>Statussymbole wie Kleidung, Schuhe, Accessoires<\/li>\n<li>Humor, Gelassenheit, Gro\u00dfz\u00fcgigkeit, Flexibilit\u00e4t<\/li>\n<\/ul>\n<p>Mit diesen Merkmalen stufen wir jemanden im sogenannten Hochstatus ein.<br \/>\n<strong>Sie selbst f\u00fchlen sich jedoch eher introvertiert, meiden Konflikte und wollen auf keinen Fall arrogant wirken?<br \/>\nDann sind Sie bei mir in den richtigen H\u00e4nden. <\/strong><\/p>\n<p>Ich zeige Ihnen, wie Sie mit Erkenntnissen aus der Kommunikations- und Neurowissenschaft sowie Schauspieltechniken \u00fcberzeugend auftreten. Lassen Sie uns Ihre pers\u00f6nliche Situation in einem kostenfreien Gespr\u00e4ch besprechen:<\/p>\n<div class=\"row nopadding\"><div class=\"small-12 columns\" id=\"buchungsdiv\"><a href=\"https:\/\/www.terminland.de\/sibyllekaminski\/\"  target=\"_blank\" id=\"buchungsbutton\"  title=\"Hier geht\u2019s zu meinem Terminkalender\" style=\"line-height:42px;margin-left:auto;margin-right:10px;margin-bottom:10px;float:left;\">Jetzt souver\u00e4n!<\/a><\/div><\/div>\n","protected":false},"excerpt":{"rendered":"<p>Berufliche Situationen, in denen es drauf ankommt kennt jeder Mensch: die Gehaltsverhandlung mit der oder dem Vorgesetzten ein Vortrag vor gr\u00f6\u00dferem Publikum eine Pr\u00e4sentation oder ein Pitch, in dem man \u00fcberzeugen muss ein herausforderndes Meeting, in dem man endlich geh\u00f6rt werden will ein Bewerbungsgespr\u00e4ch f\u00fcr eine h\u00f6here Position uvm. Manchen Menschen gelingt es als souver\u00e4n [&hellip;]<\/p>\n","protected":false},"author":6,"featured_media":0,"parent":0,"menu_order":0,"comment_status":"closed","ping_status":"closed","template":"","meta":{"footnotes":""},"class_list":["post-3380","page","type-page","status-publish","hentry"],"yoast_head":"<!-- This site is optimized with the Yoast SEO plugin v27.4 - https:\/\/yoast.com\/product\/yoast-seo-wordpress\/ -->\n<title>Selbstsicher und pr\u00e4sent in herausfordernden Situationen - Coaching K\u00f6ln. Sibylle Kaminski.<\/title>\n<meta name=\"description\" content=\"Souver\u00e4n, pr\u00e4sent und schlagfertig in beruflichen Situationen statt nerv\u00f6s, unsicher, \u00e4ngstlich. So gelingt&#039;s.\" \/>\n<meta name=\"robots\" content=\"index, follow, max-snippet:-1, max-image-preview:large, max-video-preview:-1\" \/>\n<link rel=\"canonical\" href=\"https:\/\/www.sibyllekaminski.de\/coaching-koeln\/souveraen-auftreten\" \/>\n<meta property=\"og:locale\" content=\"de_DE\" \/>\n<meta property=\"og:type\" content=\"article\" \/>\n<meta property=\"og:title\" content=\"Selbstsicher und pr\u00e4sent in herausfordernden Situationen - Coaching K\u00f6ln. Sibylle Kaminski.\" \/>\n<meta property=\"og:description\" content=\"Souver\u00e4n, pr\u00e4sent und schlagfertig in beruflichen Situationen statt nerv\u00f6s, unsicher, \u00e4ngstlich. So gelingt&#039;s.\" \/>\n<meta property=\"og:url\" content=\"https:\/\/www.sibyllekaminski.de\/coaching-koeln\/souveraen-auftreten\" \/>\n<meta property=\"og:site_name\" content=\"Coaching K\u00f6ln. Sibylle Kaminski.\" \/>\n<meta property=\"article:publisher\" content=\"https:\/\/www.facebook.com\/relax.your.work\/\" \/>\n<meta property=\"article:modified_time\" content=\"2025-01-08T15:51:26+00:00\" \/>\n<meta property=\"og:image\" content=\"https:\/\/www.sibyllekaminski.de\/coaching-koeln\/wp-content\/uploads\/Sibylle_Kaminski_OG.jpg\" \/>\n\t<meta property=\"og:image:width\" content=\"1200\" \/>\n\t<meta property=\"og:image:height\" content=\"675\" \/>\n\t<meta property=\"og:image:type\" content=\"image\/jpeg\" \/>\n<meta name=\"twitter:card\" content=\"summary_large_image\" \/>\n<meta name=\"twitter:label1\" content=\"Gesch\u00e4tzte Lesezeit\" \/>\n\t<meta name=\"twitter:data1\" content=\"2\u00a0Minuten\" \/>\n<script type=\"application\/ld+json\" class=\"yoast-schema-graph\">{\"@context\":\"https:\\\/\\\/schema.org\",\"@graph\":[{\"@type\":\"WebPage\",\"@id\":\"https:\\\/\\\/www.sibyllekaminski.de\\\/coaching-koeln\\\/souveraen-auftreten\",\"url\":\"https:\\\/\\\/www.sibyllekaminski.de\\\/coaching-koeln\\\/souveraen-auftreten\",\"name\":\"Selbstsicher und pr\u00e4sent in herausfordernden Situationen - Coaching K\u00f6ln. Sibylle Kaminski.\",\"isPartOf\":{\"@id\":\"https:\\\/\\\/www.sibyllekaminski.de\\\/coaching-koeln\\\/#website\"},\"datePublished\":\"2025-01-08T11:16:48+00:00\",\"dateModified\":\"2025-01-08T15:51:26+00:00\",\"description\":\"Souver\u00e4n, pr\u00e4sent und schlagfertig in beruflichen Situationen statt nerv\u00f6s, unsicher, \u00e4ngstlich. So gelingt's.\",\"breadcrumb\":{\"@id\":\"https:\\\/\\\/www.sibyllekaminski.de\\\/coaching-koeln\\\/souveraen-auftreten#breadcrumb\"},\"inLanguage\":\"de\",\"potentialAction\":[{\"@type\":\"ReadAction\",\"target\":[\"https:\\\/\\\/www.sibyllekaminski.de\\\/coaching-koeln\\\/souveraen-auftreten\"]}]},{\"@type\":\"BreadcrumbList\",\"@id\":\"https:\\\/\\\/www.sibyllekaminski.de\\\/coaching-koeln\\\/souveraen-auftreten#breadcrumb\",\"itemListElement\":[{\"@type\":\"ListItem\",\"position\":1,\"name\":\"Startseite\",\"item\":\"https:\\\/\\\/www.sibyllekaminski.de\\\/coaching-koeln\\\/\"},{\"@type\":\"ListItem\",\"position\":2,\"name\":\"Selbstsicher und pr\u00e4sent in herausfordernden Situationen\"}]},{\"@type\":\"WebSite\",\"@id\":\"https:\\\/\\\/www.sibyllekaminski.de\\\/coaching-koeln\\\/#website\",\"url\":\"https:\\\/\\\/www.sibyllekaminski.de\\\/coaching-koeln\\\/\",\"name\":\"Coaching K\u00f6ln. Sibylle Kaminski.\",\"description\":\"Systemisches Business Coaching und Life Coaching in K\u00f6ln. Stressbew\u00e4ltigungsseminare. Achtsamkeitsseminar im Kloster. Durchsetzungstraining f\u00fcr Frauen.\",\"publisher\":{\"@id\":\"https:\\\/\\\/www.sibyllekaminski.de\\\/coaching-koeln\\\/#organization\"},\"potentialAction\":[{\"@type\":\"SearchAction\",\"target\":{\"@type\":\"EntryPoint\",\"urlTemplate\":\"https:\\\/\\\/www.sibyllekaminski.de\\\/coaching-koeln\\\/?s={search_term_string}\"},\"query-input\":{\"@type\":\"PropertyValueSpecification\",\"valueRequired\":true,\"valueName\":\"search_term_string\"}}],\"inLanguage\":\"de\"},{\"@type\":\"Organization\",\"@id\":\"https:\\\/\\\/www.sibyllekaminski.de\\\/coaching-koeln\\\/#organization\",\"name\":\"Erfolgswege f\u00fcr Menschen und Unternehmen\",\"url\":\"https:\\\/\\\/www.sibyllekaminski.de\\\/coaching-koeln\\\/\",\"logo\":{\"@type\":\"ImageObject\",\"inLanguage\":\"de\",\"@id\":\"https:\\\/\\\/www.sibyllekaminski.de\\\/coaching-koeln\\\/#\\\/schema\\\/logo\\\/image\\\/\",\"url\":\"https:\\\/\\\/www.sibyllekaminski.de\\\/coaching-koeln\\\/wp-content\\\/uploads\\\/2016\\\/10\\\/logo.png\",\"contentUrl\":\"https:\\\/\\\/www.sibyllekaminski.de\\\/coaching-koeln\\\/wp-content\\\/uploads\\\/2016\\\/10\\\/logo.png\",\"width\":534,\"height\":78,\"caption\":\"Erfolgswege f\u00fcr Menschen und Unternehmen\"},\"image\":{\"@id\":\"https:\\\/\\\/www.sibyllekaminski.de\\\/coaching-koeln\\\/#\\\/schema\\\/logo\\\/image\\\/\"},\"sameAs\":[\"https:\\\/\\\/www.facebook.com\\\/relax.your.work\\\/\"]}]}<\/script>\n<!-- \/ Yoast SEO plugin. -->","yoast_head_json":{"title":"Selbstsicher und pr\u00e4sent in herausfordernden Situationen - Coaching K\u00f6ln. Sibylle Kaminski.","description":"Souver\u00e4n, pr\u00e4sent und schlagfertig in beruflichen Situationen statt nerv\u00f6s, unsicher, \u00e4ngstlich. So gelingt's.","robots":{"index":"index","follow":"follow","max-snippet":"max-snippet:-1","max-image-preview":"max-image-preview:large","max-video-preview":"max-video-preview:-1"},"canonical":"https:\/\/www.sibyllekaminski.de\/coaching-koeln\/souveraen-auftreten","og_locale":"de_DE","og_type":"article","og_title":"Selbstsicher und pr\u00e4sent in herausfordernden Situationen - Coaching K\u00f6ln. Sibylle Kaminski.","og_description":"Souver\u00e4n, pr\u00e4sent und schlagfertig in beruflichen Situationen statt nerv\u00f6s, unsicher, \u00e4ngstlich. So gelingt's.","og_url":"https:\/\/www.sibyllekaminski.de\/coaching-koeln\/souveraen-auftreten","og_site_name":"Coaching K\u00f6ln. Sibylle Kaminski.","article_publisher":"https:\/\/www.facebook.com\/relax.your.work\/","article_modified_time":"2025-01-08T15:51:26+00:00","og_image":[{"width":1200,"height":675,"url":"https:\/\/www.sibyllekaminski.de\/coaching-koeln\/wp-content\/uploads\/Sibylle_Kaminski_OG.jpg","type":"image\/jpeg"}],"twitter_card":"summary_large_image","twitter_misc":{"Gesch\u00e4tzte Lesezeit":"2\u00a0Minuten"},"schema":{"@context":"https:\/\/schema.org","@graph":[{"@type":"WebPage","@id":"https:\/\/www.sibyllekaminski.de\/coaching-koeln\/souveraen-auftreten","url":"https:\/\/www.sibyllekaminski.de\/coaching-koeln\/souveraen-auftreten","name":"Selbstsicher und pr\u00e4sent in herausfordernden Situationen - Coaching K\u00f6ln. Sibylle Kaminski.","isPartOf":{"@id":"https:\/\/www.sibyllekaminski.de\/coaching-koeln\/#website"},"datePublished":"2025-01-08T11:16:48+00:00","dateModified":"2025-01-08T15:51:26+00:00","description":"Souver\u00e4n, pr\u00e4sent und schlagfertig in beruflichen Situationen statt nerv\u00f6s, unsicher, \u00e4ngstlich. So gelingt's.","breadcrumb":{"@id":"https:\/\/www.sibyllekaminski.de\/coaching-koeln\/souveraen-auftreten#breadcrumb"},"inLanguage":"de","potentialAction":[{"@type":"ReadAction","target":["https:\/\/www.sibyllekaminski.de\/coaching-koeln\/souveraen-auftreten"]}]},{"@type":"BreadcrumbList","@id":"https:\/\/www.sibyllekaminski.de\/coaching-koeln\/souveraen-auftreten#breadcrumb","itemListElement":[{"@type":"ListItem","position":1,"name":"Startseite","item":"https:\/\/www.sibyllekaminski.de\/coaching-koeln\/"},{"@type":"ListItem","position":2,"name":"Selbstsicher und pr\u00e4sent in herausfordernden Situationen"}]},{"@type":"WebSite","@id":"https:\/\/www.sibyllekaminski.de\/coaching-koeln\/#website","url":"https:\/\/www.sibyllekaminski.de\/coaching-koeln\/","name":"Coaching K\u00f6ln. Sibylle Kaminski.","description":"Systemisches Business Coaching und Life Coaching in K\u00f6ln. Stressbew\u00e4ltigungsseminare. Achtsamkeitsseminar im Kloster. Durchsetzungstraining f\u00fcr Frauen.","publisher":{"@id":"https:\/\/www.sibyllekaminski.de\/coaching-koeln\/#organization"},"potentialAction":[{"@type":"SearchAction","target":{"@type":"EntryPoint","urlTemplate":"https:\/\/www.sibyllekaminski.de\/coaching-koeln\/?s={search_term_string}"},"query-input":{"@type":"PropertyValueSpecification","valueRequired":true,"valueName":"search_term_string"}}],"inLanguage":"de"},{"@type":"Organization","@id":"https:\/\/www.sibyllekaminski.de\/coaching-koeln\/#organization","name":"Erfolgswege f\u00fcr Menschen und Unternehmen","url":"https:\/\/www.sibyllekaminski.de\/coaching-koeln\/","logo":{"@type":"ImageObject","inLanguage":"de","@id":"https:\/\/www.sibyllekaminski.de\/coaching-koeln\/#\/schema\/logo\/image\/","url":"https:\/\/www.sibyllekaminski.de\/coaching-koeln\/wp-content\/uploads\/2016\/10\/logo.png","contentUrl":"https:\/\/www.sibyllekaminski.de\/coaching-koeln\/wp-content\/uploads\/2016\/10\/logo.png","width":534,"height":78,"caption":"Erfolgswege f\u00fcr Menschen und Unternehmen"},"image":{"@id":"https:\/\/www.sibyllekaminski.de\/coaching-koeln\/#\/schema\/logo\/image\/"},"sameAs":["https:\/\/www.facebook.com\/relax.your.work\/"]}]}},"_links":{"self":[{"href":"https:\/\/www.sibyllekaminski.de\/coaching-koeln\/wp-json\/wp\/v2\/pages\/3380","targetHints":{"allow":["GET"]}}],"collection":[{"href":"https:\/\/www.sibyllekaminski.de\/coaching-koeln\/wp-json\/wp\/v2\/pages"}],"about":[{"href":"https:\/\/www.sibyllekaminski.de\/coaching-koeln\/wp-json\/wp\/v2\/types\/page"}],"author":[{"embeddable":true,"href":"https:\/\/www.sibyllekaminski.de\/coaching-koeln\/wp-json\/wp\/v2\/users\/6"}],"replies":[{"embeddable":true,"href":"https:\/\/www.sibyllekaminski.de\/coaching-koeln\/wp-json\/wp\/v2\/comments?post=3380"}],"version-history":[{"count":4,"href":"https:\/\/www.sibyllekaminski.de\/coaching-koeln\/wp-json\/wp\/v2\/pages\/3380\/revisions"}],"predecessor-version":[{"id":3390,"href":"https:\/\/www.sibyllekaminski.de\/coaching-koeln\/wp-json\/wp\/v2\/pages\/3380\/revisions\/3390"}],"wp:attachment":[{"href":"https:\/\/www.sibyllekaminski.de\/coaching-koeln\/wp-json\/wp\/v2\/media?parent=3380"}],"curies":[{"name":"wp","href":"https:\/\/api.w.org\/{rel}","templated":true}]}}