{"id":3400,"date":"2025-01-10T11:51:29","date_gmt":"2025-01-10T10:51:29","guid":{"rendered":"https:\/\/www.sibyllekaminski.de\/coaching-koeln\/?page_id=3400"},"modified":"2025-01-10T11:51:29","modified_gmt":"2025-01-10T10:51:29","slug":"lampenfieber-und-pruefungsangst-ueberwinden","status":"publish","type":"page","link":"https:\/\/www.sibyllekaminski.de\/coaching-koeln\/lampenfieber-und-pruefungsangst-ueberwinden","title":{"rendered":"Lampenfieber und Pr\u00fcfungsangst \u00fcberwinden"},"content":{"rendered":"<p>Der \u00fcbliche Fehler, den Menschen bei der Vorbereitung auf einen Vortrag oder eine Pr\u00fcfung machen ist, dass Sie alles Inhaltliche intensiv ein\u00fcben oder auswendig lernen. Sie denken, wenn sie alles wissen, sind sie sicher. Doch je n\u00e4her der Tag des Auftrittes, der Pr\u00fcfung kommt, desto mehr steigt die Nervosit\u00e4t. Schlimmstenfalls steigert man sich in Angst hinein, dass man versagen wird, dass man alles vergessen wird, was man gelernt hat.<\/p>\n<p>Auf physiologischer Ebene ist diese Furcht sogar begr\u00fcndet, denn je mehr wir uns mit negativen Bef\u00fcrchtungen befassen, desto mehr wird der Frontallappen unseres Gehirns, in dem die Denk- und Merkvorg\u00e4nge vonstatten gehen, von Hormonen \u00fcbersch\u00fcttet, die im Angstzentrum unseres Gehirns (Amygdala) gebildet werden. Bei einem \u201eblack-out\u201c ist dadurch tats\u00e4chlich das Denkzentrum au\u00dfer Kraft gesetzt.<\/p>\n<p><strong>Es ist von gro\u00dfer Wichtigkeit, sich auch auf emotionaler, geistiger und k\u00f6rperlicher Ebene auf eine Pr\u00fcfung oder einen Auftritt vorzubereiten.<\/strong> Ich empfehle sich insbesondere die letzten beiden Tagen haupts\u00e4chlich auf diesen Ebenen zu st\u00e4rken. Je positiver man gestimmt ist und sich entspannt f\u00fchlt, umso besser l\u00e4sst sich das Gelernte auch vortragen.<\/p>\n<p><strong>Worin besteht meine Unterst\u00fctzung, um Lampenfieber oder Pr\u00fcfungsangst zu \u00fcberwinden?<\/strong><\/p>\n<ul>\n<li>Visualisierung des Erfolgs. Wie f\u00fchlt es sich an, wenn Sie den Applaus h\u00f6ren oder Ihnen die Hand zur Gratulation gesch\u00fcttelt wird?<\/li>\n<li>\u00dcberwindung von Selbstzweifeln. Negative, kritische Gedanken werden durch eine zuversichtliche innere Stimme ersetzt. Dies erfolgt i.d.R. \u00fcber eine Glaubenssatz-Umwandlung und die Fragetechnik nach Byron Katie.<\/li>\n<li>Integration von Entspannung in die Vorbereitungszeit. Atem\u00fcbungen, Meditation, dynamische K\u00f6rper\u00fcbungen helfen Stress abzubauen und die Konzentration zu f\u00f6rdern.<\/li>\n<li>Ausschalten jeglicher Stressoren vor dem gro\u00dfen Tag. Stattdessen besprechen wir einen Tagesablauf, der Sicherheit und Wohlbefinden schafft, damit Sie nichts mehr aus der Fassung bringen kann.<\/li>\n<\/ul>\n<p><strong>Ich bin stolz auf:<\/strong><\/p>\n<p>&#8211; Begleitung einer Polizeibeamtin, die eine Pr\u00fcfung zur H\u00f6herstufung wegen zu gro\u00dfer Nervosit\u00e4t verpatzt hatte. Nach unserer Zusammenarbeit bestand sie die Pr\u00fcfung mit Bestnote.<\/p>\n<p>&#8211; \u00dcberwindung von Panikanf\u00e4llen bei einem Sch\u00fcler, der vor seiner letzten Chance stand, einen Schulabschluss zu erlangen.<\/p>\n<p>&#8211; \u00dcberwindung von Schlaflosigkeit und zu gro\u00dfer Nervosit\u00e4t einer Controllerin vor Pr\u00e4sentationen. Heute \u00fcberzeugt sie mit Souver\u00e4nit\u00e4t und Pers\u00f6nlichkeit.<\/p>\n<p>&nbsp;<\/p>\n<p>Lassen Sie uns Ihre Situation in einem kostenfreien Gespr\u00e4ch besprechen:<\/p>\n<div class=\"row nopadding\"><div class=\"small-12 columns\" id=\"buchungsdiv\"><a href=\"https:\/\/www.terminland.de\/sibyllekaminski\/\"  target=\"_blank\" id=\"buchungsbutton\"  title=\"Hier geht\u2019s zu meinem Terminkalender\" style=\"line-height:42px;margin-left:auto;margin-right:10px;margin-bottom:10px;float:left;\">Jetzt souver\u00e4n!<\/a><\/div><\/div>\n","protected":false},"excerpt":{"rendered":"<p>Der \u00fcbliche Fehler, den Menschen bei der Vorbereitung auf einen Vortrag oder eine Pr\u00fcfung machen ist, dass Sie alles Inhaltliche intensiv ein\u00fcben oder auswendig lernen. Sie denken, wenn sie alles wissen, sind sie sicher. Doch je n\u00e4her der Tag des Auftrittes, der Pr\u00fcfung kommt, desto mehr steigt die Nervosit\u00e4t. Schlimmstenfalls steigert man sich in Angst [&hellip;]<\/p>\n","protected":false},"author":6,"featured_media":0,"parent":0,"menu_order":0,"comment_status":"closed","ping_status":"closed","template":"","meta":{"footnotes":""},"class_list":["post-3400","page","type-page","status-publish","hentry"],"yoast_head":"<!-- This site is optimized with the Yoast SEO plugin v27.5 - https:\/\/yoast.com\/product\/yoast-seo-wordpress\/ -->\n<title>Lampenfieber und Pr\u00fcfungsangst \u00fcberwinden - Coaching K\u00f6ln. Sibylle Kaminski.<\/title>\n<meta name=\"robots\" content=\"index, follow, max-snippet:-1, max-image-preview:large, max-video-preview:-1\" \/>\n<link rel=\"canonical\" href=\"https:\/\/www.sibyllekaminski.de\/coaching-koeln\/lampenfieber-und-pruefungsangst-ueberwinden\" \/>\n<meta property=\"og:locale\" content=\"de_DE\" \/>\n<meta property=\"og:type\" content=\"article\" \/>\n<meta property=\"og:title\" content=\"Lampenfieber und Pr\u00fcfungsangst \u00fcberwinden - Coaching K\u00f6ln. Sibylle Kaminski.\" \/>\n<meta property=\"og:description\" content=\"Der \u00fcbliche Fehler, den Menschen bei der Vorbereitung auf einen Vortrag oder eine Pr\u00fcfung machen ist, dass Sie alles Inhaltliche intensiv ein\u00fcben oder auswendig lernen. Sie denken, wenn sie alles wissen, sind sie sicher. Doch je n\u00e4her der Tag des Auftrittes, der Pr\u00fcfung kommt, desto mehr steigt die Nervosit\u00e4t. Schlimmstenfalls steigert man sich in Angst [&hellip;]\" \/>\n<meta property=\"og:url\" content=\"https:\/\/www.sibyllekaminski.de\/coaching-koeln\/lampenfieber-und-pruefungsangst-ueberwinden\" \/>\n<meta property=\"og:site_name\" content=\"Coaching K\u00f6ln. Sibylle Kaminski.\" \/>\n<meta property=\"article:publisher\" content=\"https:\/\/www.facebook.com\/relax.your.work\/\" \/>\n<meta property=\"og:image\" content=\"https:\/\/www.sibyllekaminski.de\/coaching-koeln\/wp-content\/uploads\/Sibylle_Kaminski_OG.jpg\" \/>\n\t<meta property=\"og:image:width\" content=\"1200\" \/>\n\t<meta property=\"og:image:height\" content=\"675\" \/>\n\t<meta property=\"og:image:type\" content=\"image\/jpeg\" \/>\n<meta name=\"twitter:card\" content=\"summary_large_image\" \/>\n<meta name=\"twitter:label1\" content=\"Gesch\u00e4tzte Lesezeit\" \/>\n\t<meta name=\"twitter:data1\" content=\"2\u00a0Minuten\" \/>\n<script type=\"application\/ld+json\" class=\"yoast-schema-graph\">{\"@context\":\"https:\\\/\\\/schema.org\",\"@graph\":[{\"@type\":\"WebPage\",\"@id\":\"https:\\\/\\\/www.sibyllekaminski.de\\\/coaching-koeln\\\/lampenfieber-und-pruefungsangst-ueberwinden\",\"url\":\"https:\\\/\\\/www.sibyllekaminski.de\\\/coaching-koeln\\\/lampenfieber-und-pruefungsangst-ueberwinden\",\"name\":\"Lampenfieber und Pr\u00fcfungsangst \u00fcberwinden - Coaching K\u00f6ln. Sibylle Kaminski.\",\"isPartOf\":{\"@id\":\"https:\\\/\\\/www.sibyllekaminski.de\\\/coaching-koeln\\\/#website\"},\"datePublished\":\"2025-01-10T10:51:29+00:00\",\"breadcrumb\":{\"@id\":\"https:\\\/\\\/www.sibyllekaminski.de\\\/coaching-koeln\\\/lampenfieber-und-pruefungsangst-ueberwinden#breadcrumb\"},\"inLanguage\":\"de\",\"potentialAction\":[{\"@type\":\"ReadAction\",\"target\":[\"https:\\\/\\\/www.sibyllekaminski.de\\\/coaching-koeln\\\/lampenfieber-und-pruefungsangst-ueberwinden\"]}]},{\"@type\":\"BreadcrumbList\",\"@id\":\"https:\\\/\\\/www.sibyllekaminski.de\\\/coaching-koeln\\\/lampenfieber-und-pruefungsangst-ueberwinden#breadcrumb\",\"itemListElement\":[{\"@type\":\"ListItem\",\"position\":1,\"name\":\"Startseite\",\"item\":\"https:\\\/\\\/www.sibyllekaminski.de\\\/coaching-koeln\\\/\"},{\"@type\":\"ListItem\",\"position\":2,\"name\":\"Lampenfieber und Pr\u00fcfungsangst \u00fcberwinden\"}]},{\"@type\":\"WebSite\",\"@id\":\"https:\\\/\\\/www.sibyllekaminski.de\\\/coaching-koeln\\\/#website\",\"url\":\"https:\\\/\\\/www.sibyllekaminski.de\\\/coaching-koeln\\\/\",\"name\":\"Coaching K\u00f6ln. Sibylle Kaminski.\",\"description\":\"Systemisches Business Coaching und Life Coaching in K\u00f6ln. Stressbew\u00e4ltigungsseminare. Achtsamkeitsseminar im Kloster. Durchsetzungstraining f\u00fcr Frauen.\",\"publisher\":{\"@id\":\"https:\\\/\\\/www.sibyllekaminski.de\\\/coaching-koeln\\\/#organization\"},\"potentialAction\":[{\"@type\":\"SearchAction\",\"target\":{\"@type\":\"EntryPoint\",\"urlTemplate\":\"https:\\\/\\\/www.sibyllekaminski.de\\\/coaching-koeln\\\/?s={search_term_string}\"},\"query-input\":{\"@type\":\"PropertyValueSpecification\",\"valueRequired\":true,\"valueName\":\"search_term_string\"}}],\"inLanguage\":\"de\"},{\"@type\":\"Organization\",\"@id\":\"https:\\\/\\\/www.sibyllekaminski.de\\\/coaching-koeln\\\/#organization\",\"name\":\"Erfolgswege f\u00fcr Menschen und Unternehmen\",\"url\":\"https:\\\/\\\/www.sibyllekaminski.de\\\/coaching-koeln\\\/\",\"logo\":{\"@type\":\"ImageObject\",\"inLanguage\":\"de\",\"@id\":\"https:\\\/\\\/www.sibyllekaminski.de\\\/coaching-koeln\\\/#\\\/schema\\\/logo\\\/image\\\/\",\"url\":\"https:\\\/\\\/www.sibyllekaminski.de\\\/coaching-koeln\\\/wp-content\\\/uploads\\\/2016\\\/10\\\/logo.png\",\"contentUrl\":\"https:\\\/\\\/www.sibyllekaminski.de\\\/coaching-koeln\\\/wp-content\\\/uploads\\\/2016\\\/10\\\/logo.png\",\"width\":534,\"height\":78,\"caption\":\"Erfolgswege f\u00fcr Menschen und Unternehmen\"},\"image\":{\"@id\":\"https:\\\/\\\/www.sibyllekaminski.de\\\/coaching-koeln\\\/#\\\/schema\\\/logo\\\/image\\\/\"},\"sameAs\":[\"https:\\\/\\\/www.facebook.com\\\/relax.your.work\\\/\"]}]}<\/script>\n<!-- \/ Yoast SEO plugin. -->","yoast_head_json":{"title":"Lampenfieber und Pr\u00fcfungsangst \u00fcberwinden - Coaching K\u00f6ln. Sibylle Kaminski.","robots":{"index":"index","follow":"follow","max-snippet":"max-snippet:-1","max-image-preview":"max-image-preview:large","max-video-preview":"max-video-preview:-1"},"canonical":"https:\/\/www.sibyllekaminski.de\/coaching-koeln\/lampenfieber-und-pruefungsangst-ueberwinden","og_locale":"de_DE","og_type":"article","og_title":"Lampenfieber und Pr\u00fcfungsangst \u00fcberwinden - Coaching K\u00f6ln. Sibylle Kaminski.","og_description":"Der \u00fcbliche Fehler, den Menschen bei der Vorbereitung auf einen Vortrag oder eine Pr\u00fcfung machen ist, dass Sie alles Inhaltliche intensiv ein\u00fcben oder auswendig lernen. Sie denken, wenn sie alles wissen, sind sie sicher. Doch je n\u00e4her der Tag des Auftrittes, der Pr\u00fcfung kommt, desto mehr steigt die Nervosit\u00e4t. Schlimmstenfalls steigert man sich in Angst [&hellip;]","og_url":"https:\/\/www.sibyllekaminski.de\/coaching-koeln\/lampenfieber-und-pruefungsangst-ueberwinden","og_site_name":"Coaching K\u00f6ln. Sibylle Kaminski.","article_publisher":"https:\/\/www.facebook.com\/relax.your.work\/","og_image":[{"width":1200,"height":675,"url":"https:\/\/www.sibyllekaminski.de\/coaching-koeln\/wp-content\/uploads\/Sibylle_Kaminski_OG.jpg","type":"image\/jpeg"}],"twitter_card":"summary_large_image","twitter_misc":{"Gesch\u00e4tzte Lesezeit":"2\u00a0Minuten"},"schema":{"@context":"https:\/\/schema.org","@graph":[{"@type":"WebPage","@id":"https:\/\/www.sibyllekaminski.de\/coaching-koeln\/lampenfieber-und-pruefungsangst-ueberwinden","url":"https:\/\/www.sibyllekaminski.de\/coaching-koeln\/lampenfieber-und-pruefungsangst-ueberwinden","name":"Lampenfieber und Pr\u00fcfungsangst \u00fcberwinden - Coaching K\u00f6ln. Sibylle Kaminski.","isPartOf":{"@id":"https:\/\/www.sibyllekaminski.de\/coaching-koeln\/#website"},"datePublished":"2025-01-10T10:51:29+00:00","breadcrumb":{"@id":"https:\/\/www.sibyllekaminski.de\/coaching-koeln\/lampenfieber-und-pruefungsangst-ueberwinden#breadcrumb"},"inLanguage":"de","potentialAction":[{"@type":"ReadAction","target":["https:\/\/www.sibyllekaminski.de\/coaching-koeln\/lampenfieber-und-pruefungsangst-ueberwinden"]}]},{"@type":"BreadcrumbList","@id":"https:\/\/www.sibyllekaminski.de\/coaching-koeln\/lampenfieber-und-pruefungsangst-ueberwinden#breadcrumb","itemListElement":[{"@type":"ListItem","position":1,"name":"Startseite","item":"https:\/\/www.sibyllekaminski.de\/coaching-koeln\/"},{"@type":"ListItem","position":2,"name":"Lampenfieber und Pr\u00fcfungsangst \u00fcberwinden"}]},{"@type":"WebSite","@id":"https:\/\/www.sibyllekaminski.de\/coaching-koeln\/#website","url":"https:\/\/www.sibyllekaminski.de\/coaching-koeln\/","name":"Coaching K\u00f6ln. Sibylle Kaminski.","description":"Systemisches Business Coaching und Life Coaching in K\u00f6ln. Stressbew\u00e4ltigungsseminare. Achtsamkeitsseminar im Kloster. Durchsetzungstraining f\u00fcr Frauen.","publisher":{"@id":"https:\/\/www.sibyllekaminski.de\/coaching-koeln\/#organization"},"potentialAction":[{"@type":"SearchAction","target":{"@type":"EntryPoint","urlTemplate":"https:\/\/www.sibyllekaminski.de\/coaching-koeln\/?s={search_term_string}"},"query-input":{"@type":"PropertyValueSpecification","valueRequired":true,"valueName":"search_term_string"}}],"inLanguage":"de"},{"@type":"Organization","@id":"https:\/\/www.sibyllekaminski.de\/coaching-koeln\/#organization","name":"Erfolgswege f\u00fcr Menschen und Unternehmen","url":"https:\/\/www.sibyllekaminski.de\/coaching-koeln\/","logo":{"@type":"ImageObject","inLanguage":"de","@id":"https:\/\/www.sibyllekaminski.de\/coaching-koeln\/#\/schema\/logo\/image\/","url":"https:\/\/www.sibyllekaminski.de\/coaching-koeln\/wp-content\/uploads\/2016\/10\/logo.png","contentUrl":"https:\/\/www.sibyllekaminski.de\/coaching-koeln\/wp-content\/uploads\/2016\/10\/logo.png","width":534,"height":78,"caption":"Erfolgswege f\u00fcr Menschen und Unternehmen"},"image":{"@id":"https:\/\/www.sibyllekaminski.de\/coaching-koeln\/#\/schema\/logo\/image\/"},"sameAs":["https:\/\/www.facebook.com\/relax.your.work\/"]}]}},"_links":{"self":[{"href":"https:\/\/www.sibyllekaminski.de\/coaching-koeln\/wp-json\/wp\/v2\/pages\/3400","targetHints":{"allow":["GET"]}}],"collection":[{"href":"https:\/\/www.sibyllekaminski.de\/coaching-koeln\/wp-json\/wp\/v2\/pages"}],"about":[{"href":"https:\/\/www.sibyllekaminski.de\/coaching-koeln\/wp-json\/wp\/v2\/types\/page"}],"author":[{"embeddable":true,"href":"https:\/\/www.sibyllekaminski.de\/coaching-koeln\/wp-json\/wp\/v2\/users\/6"}],"replies":[{"embeddable":true,"href":"https:\/\/www.sibyllekaminski.de\/coaching-koeln\/wp-json\/wp\/v2\/comments?post=3400"}],"version-history":[{"count":3,"href":"https:\/\/www.sibyllekaminski.de\/coaching-koeln\/wp-json\/wp\/v2\/pages\/3400\/revisions"}],"predecessor-version":[{"id":3403,"href":"https:\/\/www.sibyllekaminski.de\/coaching-koeln\/wp-json\/wp\/v2\/pages\/3400\/revisions\/3403"}],"wp:attachment":[{"href":"https:\/\/www.sibyllekaminski.de\/coaching-koeln\/wp-json\/wp\/v2\/media?parent=3400"}],"curies":[{"name":"wp","href":"https:\/\/api.w.org\/{rel}","templated":true}]}}