{"id":3410,"date":"2025-01-10T14:48:32","date_gmt":"2025-01-10T13:48:32","guid":{"rendered":"https:\/\/www.sibyllekaminski.de\/coaching-koeln\/?page_id=3410"},"modified":"2025-03-10T10:40:27","modified_gmt":"2025-03-10T09:40:27","slug":"genderfair-workshops","status":"publish","type":"page","link":"https:\/\/www.sibyllekaminski.de\/coaching-koeln\/genderfair-workshops","title":{"rendered":"genderfair Workshops"},"content":{"rendered":"<h4>Inputs f\u00fcr eine gerechte Arbeitskultur<br \/>\nGesine Qualitz und Sibylle Kaminski<\/h4>\n<h3><a href=\"https:\/\/www.sibyllekaminski.de\/coaching-koeln\/wp-content\/uploads\/Angebote_genderfair.pdf\">Angebote_genderfair<\/a><\/h3>\n<p>f\u00fcr: Personalverantwortliche, F\u00fchrungs-\/Leitungsebene von KMU und Institutionen, Vertrauensleute, Gleichstellungsbeauftragte, Hochschulen, Gesundheitseinrichtungen, Hotels\/Gastronomie, Lebensmittelhandel, Banken, Versicherungen, Handwerksbetrieben<\/p>\n<h1>(Online-) Vortr\u00e4ge<\/h1>\n<p>Besonders geeignet, wenn das Thema in einem gr\u00f6\u00dferen Kreis Geh\u00f6r finden soll. Zum Beispiel in Leitungsgremien, bei Betriebsversammlungen oder wenn Vertrauensleute an verschiedenen Standorten t\u00e4tig sind.<\/p>\n<div class=\"row\" style=\"border: 1px solid #333;\">\n<div class=\"small-12 columns\" style=\"padding: 1em;\">\n<h4>\u201eSexualisierte Bel\u00e4stigung im Unternehmen: Ist das noch ein Kompliment oder schon \u00fcbergriffg?\u201c<\/h4>\n<p>In diesem Vortrag kl\u00e4ren wir \u00fcber die Formen und Folgen sexualisierter Bel\u00e4stigung am Arbeitsplatz, die rechtlichen Aspekte f\u00fcr alle Beteiligten, Handlungsm\u00f6glichkeiten und Pr\u00e4vention vor sexualisierten \u00dcbergriffen auf.<\/p>\n<p>Kosten: ab 400,- \u20ac<\/p>\n<p>Dauer: 1 bis 1,5 Stunden (Vortrag und Fragerunde)<\/p>\n<\/div>\n<\/div>\n<p>&nbsp;<\/p>\n<div class=\"row\" style=\"border: 1px solid #333;\">\n<div class=\"small-12 columns\" style=\"padding: 1em;\">\n<h4>\u201eSexismus \u2013 Diskriminierung gegen Frauen und weiblich gelesene Personen\u201c<\/h4>\n<p>Was genau hei\u00dft eigentlich Sexismus und wie grenzt sich dieser von Sexualisierter Gewalt ab? Wer ist von Sexismus betroffen, wie sind die Auswirkungen dieser Diskriminierung und welche Ma\u00dfnahmen lassen sich gegen Sexismus in Teams oder im Unternehmen ergreifen?<\/p>\n<p>Kosten: ab 400,- \u20ac<\/p>\n<p>Dauer: 1 bis 1,5 Stunden (Vortrag und Austausch)<\/p>\n<\/div>\n<\/div>\n<p>&nbsp;<\/p>\n<h1>Pr\u00e4senz Workshops<\/h1>\n<p>Nicht das Viel-Wissen bringt weiter, sondern eine intensive Auseinandersetzung mit den eigenen Annahmen, Wahrnehmungen, blinden Flecken und Voreingenommenheiten.<\/p>\n<p>Unsere Workshops unterst\u00fctzen Sie bei dem Aufbau einer diskriminierungsfreien, gendergerechten Arbeits- und Unternehmenskultur.<\/p>\n<p>Die Workshops werden gemeinsam von uns durchgef\u00fchrt.<\/p>\n<div class=\"row\" style=\"border: 1px solid #333;\">\n<div class=\"small-12 columns\" style=\"padding: 1em;\">\n<h4>\u201eSexualisierte Bel\u00e4stigung im Unternehmen: erkennen \u2013 handeln -vorbeugen\u201c<\/h4>\n<p>\u201eStudien belegen, dass mindestens jede*r vierte Angestellte bereits sexuelle Gewalt, Bel\u00e4stigung und Diskriminierung an der Arbeitsstelle erlebt hat \u2013 diese Form der Diskriminierung stellt damit zweifellos ein gesamtgesellschaftliches Problem dar, dem sich Arbeitgeber*innen aus allen Branchen annehmen m\u00fcssen, auch weil sie rechtliche Schutzplichten haben. \u201c<\/p>\n<p>Nach dem bundesweiten Konzept #makeitwork bieten wir einen Workshop an, der das Thema sexualisierte Bel\u00e4stigung am Arbeitsplatz umfassend behandelt.<\/p>\n<p><strong>M\u00f6glicher Workshop-Ablauf:<\/strong><\/p>\n<ul>\n<li>Einstieg (Vorurteile, eigene Haltung)<\/li>\n<li>Formen, Folgen und Auswirkungen sexualisierter Bel\u00e4stigung und Gewalt<\/li>\n<li>Rechte und Pflichten von Betroffenen und Arbeitgeber*innen<\/li>\n<li>Handlungsm\u00f6glichkeiten f\u00fcr Kolleg*innen, Vorgesetzte, Betroffene<\/li>\n<li>Der Beschwerdeweg \/ Einrichtung einer Beschwerdestelle<\/li>\n<\/ul>\n<p>Kosten: n.V.<\/p>\n<p>Dauer: ca. 6 Stunden<\/p>\n<\/div>\n<\/div>\n<p>&nbsp;<\/p>\n<div class=\"row\" style=\"border: 1px solid #333;\">\n<div class=\"small-12 columns\" style=\"padding: 1em;\">\n<h4>\u201eAnti-Bias Gender\u201c (f\u00fcr alle Geschlechter)<\/h4>\n<p>Was steht der Gleichberechtigung eigentlich im Weg? Eine gro\u00dfe Frage, die wir in verschiedenen Teilaspekten mit Ihnen betrachten m\u00f6chten.<\/p>\n<p><strong>m\u00f6gliche Themen des Workshops:<\/strong><\/p>\n<ul>\n<li>Erkennen von Anti-Bias: Ist das stereotypes Denken?<\/li>\n<li>Reflektion der Entstehung von Haltung, Erleben von M\u00e4nnern und Frauen, Gleichberechtigung durch Erkennen biographischer Bez\u00fcge<\/li>\n<li>Input Gleichstellung in Deutschland (und bei Ihnen im Unternehmen \/ in der Institution)<\/li>\n<li>Input weibliche \/ m\u00e4nnliche Sozialisation und Kommunikation<\/li>\n<li>Zusammenarbeit am Arbeitsplatz: Reibungsverlust zwischen Frauen und M\u00e4nnern, Irritationen, Gelingen<\/li>\n<li>M\u00f6glichkeiten der Verbesserung im beruflichen wie pers\u00f6nlichen Umfeld<\/li>\n<\/ul>\n<p>Kosten: n.V. &#8211; ein Tag mit zwei Referentinnen<\/p>\n<p>Dauer: ca. 6 Stunden<\/p>\n<\/div>\n<\/div>\n<p>&nbsp;<\/p>\n<div class=\"row\" style=\"border: 1px solid #333;\">\n<div class=\"small-12 columns\" style=\"padding: 1em;\">\n<h4>Souver\u00e4nit\u00e4tstraining f\u00fcr Frauen (f\u00fcr weiblich Sozialisierte)<\/h4>\n<p>Immer wieder erleben sich Frauen\/FLINTA im Beruf, oder auch im Privatleben, als nicht durchsetzungsf\u00e4hig. Die passenden Worte fehlen in einer herausfordernden Situation, das eigene Verhalten wird als schwach oder zu defensiv erlebt. Statt mit Pr\u00e4senz und Ausdruck eine Situation f\u00fcr sich zu l\u00f6sen, verharren Frauen oftmals in Zweifeln, ob sie sich so zeigen d\u00fcrfen.<\/p>\n<p><strong>Im Workshop werden wir an folgenden Themen arbeiten:<\/strong><\/p>\n<ul>\n<li>K\u00f6rpersprache, Stimme, innere Haltung<\/li>\n<li>Sozialisation von Frauen und M\u00e4nnern, unbewusste und bewusste Vorurteile Verhaltensweise in herausfordernden Situationen wie Meetings, Pr\u00e4sentationen, Gespr\u00e4chen Machtspiele von M\u00e4nnern, Umgang mit Hierarchie und Machtgehabe<\/li>\n<li>Kommunikationsverhalten von Frauen und M\u00e4nnern<\/li>\n<li>Geh\u00f6rt werden, aussprechen, was n\u00f6tig ist, sich zeigen<\/li>\n<li>Strategien bei St\u00f6rungen, Unterbrechungen, Respektlosigkeit<\/li>\n<li>Schlagfertigkeit<\/li>\n<li>Umgang mit sexistischen Bemerkungen oder \u00dcbergriffen<\/li>\n<\/ul>\n<p>Kosten: n.V. (Referentin: Sibylle Kaminski)<\/p>\n<p>Dauer: ca. 6 Stunden<\/p>\n<\/div>\n<\/div>\n<p>&nbsp;<\/p>\n<p>Sibylle Kaminski &#8211; Relax your work<br \/>\n&#x63;o&#x6e;t&#x61;&#99;&#x74;&#64;s&#x69;b&#x79;&#108;&#x6c;&#101;&#x6b;&#97;m&#x69;n&#x73;&#107;&#x69;&#46;&#x64;&#x65; \/ Tel. 0173-7457767<\/p>\n<p>Gesine Qualitz \u2013 Frauenberatungszentrum K\u00f6ln<br \/>\n&#x67;&#113;&#64;&#x66;&#98;z&#x2d;&#x6b;&#111;&#x65;&#x6c;&#110;&#46;&#x64;&#101; \/ Tel. 0221 &#8211; 4201620<\/p>\n","protected":false},"excerpt":{"rendered":"<p>Inputs f\u00fcr eine gerechte Arbeitskultur Gesine Qualitz und Sibylle Kaminski Angebote_genderfair f\u00fcr: Personalverantwortliche, F\u00fchrungs-\/Leitungsebene von KMU und Institutionen, Vertrauensleute, Gleichstellungsbeauftragte, Hochschulen, Gesundheitseinrichtungen, Hotels\/Gastronomie, Lebensmittelhandel, Banken, Versicherungen, Handwerksbetrieben (Online-) Vortr\u00e4ge Besonders geeignet, wenn das Thema in einem gr\u00f6\u00dferen Kreis Geh\u00f6r finden soll. Zum Beispiel in Leitungsgremien, bei Betriebsversammlungen oder wenn Vertrauensleute an verschiedenen Standorten t\u00e4tig sind. [&hellip;]<\/p>\n","protected":false},"author":6,"featured_media":0,"parent":0,"menu_order":0,"comment_status":"closed","ping_status":"closed","template":"","meta":{"footnotes":""},"class_list":["post-3410","page","type-page","status-publish","hentry"],"yoast_head":"<!-- This site is optimized with the Yoast SEO plugin v27.4 - https:\/\/yoast.com\/product\/yoast-seo-wordpress\/ -->\n<title>genderfair Workshops - Coaching K\u00f6ln. Sibylle Kaminski.<\/title>\n<meta name=\"robots\" content=\"index, follow, max-snippet:-1, max-image-preview:large, max-video-preview:-1\" \/>\n<link rel=\"canonical\" href=\"https:\/\/www.sibyllekaminski.de\/coaching-koeln\/genderfair-workshops\" \/>\n<meta property=\"og:locale\" content=\"de_DE\" \/>\n<meta property=\"og:type\" content=\"article\" \/>\n<meta property=\"og:title\" content=\"genderfair Workshops - Coaching K\u00f6ln. Sibylle Kaminski.\" \/>\n<meta property=\"og:description\" content=\"Inputs f\u00fcr eine gerechte Arbeitskultur Gesine Qualitz und Sibylle Kaminski Angebote_genderfair f\u00fcr: Personalverantwortliche, F\u00fchrungs-\/Leitungsebene von KMU und Institutionen, Vertrauensleute, Gleichstellungsbeauftragte, Hochschulen, Gesundheitseinrichtungen, Hotels\/Gastronomie, Lebensmittelhandel, Banken, Versicherungen, Handwerksbetrieben (Online-) Vortr\u00e4ge Besonders geeignet, wenn das Thema in einem gr\u00f6\u00dferen Kreis Geh\u00f6r finden soll. Zum Beispiel in Leitungsgremien, bei Betriebsversammlungen oder wenn Vertrauensleute an verschiedenen Standorten t\u00e4tig sind. [&hellip;]\" \/>\n<meta property=\"og:url\" content=\"https:\/\/www.sibyllekaminski.de\/coaching-koeln\/genderfair-workshops\" \/>\n<meta property=\"og:site_name\" content=\"Coaching K\u00f6ln. Sibylle Kaminski.\" \/>\n<meta property=\"article:publisher\" content=\"https:\/\/www.facebook.com\/relax.your.work\/\" \/>\n<meta property=\"article:modified_time\" content=\"2025-03-10T09:40:27+00:00\" \/>\n<meta property=\"og:image\" content=\"https:\/\/www.sibyllekaminski.de\/coaching-koeln\/wp-content\/uploads\/Sibylle_Kaminski_OG.jpg\" \/>\n\t<meta property=\"og:image:width\" content=\"1200\" \/>\n\t<meta property=\"og:image:height\" content=\"675\" \/>\n\t<meta property=\"og:image:type\" content=\"image\/jpeg\" \/>\n<meta name=\"twitter:card\" content=\"summary_large_image\" \/>\n<meta name=\"twitter:label1\" content=\"Gesch\u00e4tzte Lesezeit\" \/>\n\t<meta name=\"twitter:data1\" content=\"4\u00a0Minuten\" \/>\n<script type=\"application\/ld+json\" class=\"yoast-schema-graph\">{\"@context\":\"https:\\\/\\\/schema.org\",\"@graph\":[{\"@type\":\"WebPage\",\"@id\":\"https:\\\/\\\/www.sibyllekaminski.de\\\/coaching-koeln\\\/genderfair-workshops\",\"url\":\"https:\\\/\\\/www.sibyllekaminski.de\\\/coaching-koeln\\\/genderfair-workshops\",\"name\":\"genderfair Workshops - Coaching K\u00f6ln. Sibylle Kaminski.\",\"isPartOf\":{\"@id\":\"https:\\\/\\\/www.sibyllekaminski.de\\\/coaching-koeln\\\/#website\"},\"datePublished\":\"2025-01-10T13:48:32+00:00\",\"dateModified\":\"2025-03-10T09:40:27+00:00\",\"breadcrumb\":{\"@id\":\"https:\\\/\\\/www.sibyllekaminski.de\\\/coaching-koeln\\\/genderfair-workshops#breadcrumb\"},\"inLanguage\":\"de\",\"potentialAction\":[{\"@type\":\"ReadAction\",\"target\":[\"https:\\\/\\\/www.sibyllekaminski.de\\\/coaching-koeln\\\/genderfair-workshops\"]}]},{\"@type\":\"BreadcrumbList\",\"@id\":\"https:\\\/\\\/www.sibyllekaminski.de\\\/coaching-koeln\\\/genderfair-workshops#breadcrumb\",\"itemListElement\":[{\"@type\":\"ListItem\",\"position\":1,\"name\":\"Startseite\",\"item\":\"https:\\\/\\\/www.sibyllekaminski.de\\\/coaching-koeln\\\/\"},{\"@type\":\"ListItem\",\"position\":2,\"name\":\"genderfair Workshops\"}]},{\"@type\":\"WebSite\",\"@id\":\"https:\\\/\\\/www.sibyllekaminski.de\\\/coaching-koeln\\\/#website\",\"url\":\"https:\\\/\\\/www.sibyllekaminski.de\\\/coaching-koeln\\\/\",\"name\":\"Coaching K\u00f6ln. Sibylle Kaminski.\",\"description\":\"Systemisches Business Coaching und Life Coaching in K\u00f6ln. Stressbew\u00e4ltigungsseminare. Achtsamkeitsseminar im Kloster. Durchsetzungstraining f\u00fcr Frauen.\",\"publisher\":{\"@id\":\"https:\\\/\\\/www.sibyllekaminski.de\\\/coaching-koeln\\\/#organization\"},\"potentialAction\":[{\"@type\":\"SearchAction\",\"target\":{\"@type\":\"EntryPoint\",\"urlTemplate\":\"https:\\\/\\\/www.sibyllekaminski.de\\\/coaching-koeln\\\/?s={search_term_string}\"},\"query-input\":{\"@type\":\"PropertyValueSpecification\",\"valueRequired\":true,\"valueName\":\"search_term_string\"}}],\"inLanguage\":\"de\"},{\"@type\":\"Organization\",\"@id\":\"https:\\\/\\\/www.sibyllekaminski.de\\\/coaching-koeln\\\/#organization\",\"name\":\"Erfolgswege f\u00fcr Menschen und Unternehmen\",\"url\":\"https:\\\/\\\/www.sibyllekaminski.de\\\/coaching-koeln\\\/\",\"logo\":{\"@type\":\"ImageObject\",\"inLanguage\":\"de\",\"@id\":\"https:\\\/\\\/www.sibyllekaminski.de\\\/coaching-koeln\\\/#\\\/schema\\\/logo\\\/image\\\/\",\"url\":\"https:\\\/\\\/www.sibyllekaminski.de\\\/coaching-koeln\\\/wp-content\\\/uploads\\\/2016\\\/10\\\/logo.png\",\"contentUrl\":\"https:\\\/\\\/www.sibyllekaminski.de\\\/coaching-koeln\\\/wp-content\\\/uploads\\\/2016\\\/10\\\/logo.png\",\"width\":534,\"height\":78,\"caption\":\"Erfolgswege f\u00fcr Menschen und Unternehmen\"},\"image\":{\"@id\":\"https:\\\/\\\/www.sibyllekaminski.de\\\/coaching-koeln\\\/#\\\/schema\\\/logo\\\/image\\\/\"},\"sameAs\":[\"https:\\\/\\\/www.facebook.com\\\/relax.your.work\\\/\"]}]}<\/script>\n<!-- \/ Yoast SEO plugin. -->","yoast_head_json":{"title":"genderfair Workshops - Coaching K\u00f6ln. Sibylle Kaminski.","robots":{"index":"index","follow":"follow","max-snippet":"max-snippet:-1","max-image-preview":"max-image-preview:large","max-video-preview":"max-video-preview:-1"},"canonical":"https:\/\/www.sibyllekaminski.de\/coaching-koeln\/genderfair-workshops","og_locale":"de_DE","og_type":"article","og_title":"genderfair Workshops - Coaching K\u00f6ln. Sibylle Kaminski.","og_description":"Inputs f\u00fcr eine gerechte Arbeitskultur Gesine Qualitz und Sibylle Kaminski Angebote_genderfair f\u00fcr: Personalverantwortliche, F\u00fchrungs-\/Leitungsebene von KMU und Institutionen, Vertrauensleute, Gleichstellungsbeauftragte, Hochschulen, Gesundheitseinrichtungen, Hotels\/Gastronomie, Lebensmittelhandel, Banken, Versicherungen, Handwerksbetrieben (Online-) Vortr\u00e4ge Besonders geeignet, wenn das Thema in einem gr\u00f6\u00dferen Kreis Geh\u00f6r finden soll. Zum Beispiel in Leitungsgremien, bei Betriebsversammlungen oder wenn Vertrauensleute an verschiedenen Standorten t\u00e4tig sind. [&hellip;]","og_url":"https:\/\/www.sibyllekaminski.de\/coaching-koeln\/genderfair-workshops","og_site_name":"Coaching K\u00f6ln. Sibylle Kaminski.","article_publisher":"https:\/\/www.facebook.com\/relax.your.work\/","article_modified_time":"2025-03-10T09:40:27+00:00","og_image":[{"width":1200,"height":675,"url":"https:\/\/www.sibyllekaminski.de\/coaching-koeln\/wp-content\/uploads\/Sibylle_Kaminski_OG.jpg","type":"image\/jpeg"}],"twitter_card":"summary_large_image","twitter_misc":{"Gesch\u00e4tzte Lesezeit":"4\u00a0Minuten"},"schema":{"@context":"https:\/\/schema.org","@graph":[{"@type":"WebPage","@id":"https:\/\/www.sibyllekaminski.de\/coaching-koeln\/genderfair-workshops","url":"https:\/\/www.sibyllekaminski.de\/coaching-koeln\/genderfair-workshops","name":"genderfair Workshops - Coaching K\u00f6ln. Sibylle Kaminski.","isPartOf":{"@id":"https:\/\/www.sibyllekaminski.de\/coaching-koeln\/#website"},"datePublished":"2025-01-10T13:48:32+00:00","dateModified":"2025-03-10T09:40:27+00:00","breadcrumb":{"@id":"https:\/\/www.sibyllekaminski.de\/coaching-koeln\/genderfair-workshops#breadcrumb"},"inLanguage":"de","potentialAction":[{"@type":"ReadAction","target":["https:\/\/www.sibyllekaminski.de\/coaching-koeln\/genderfair-workshops"]}]},{"@type":"BreadcrumbList","@id":"https:\/\/www.sibyllekaminski.de\/coaching-koeln\/genderfair-workshops#breadcrumb","itemListElement":[{"@type":"ListItem","position":1,"name":"Startseite","item":"https:\/\/www.sibyllekaminski.de\/coaching-koeln\/"},{"@type":"ListItem","position":2,"name":"genderfair Workshops"}]},{"@type":"WebSite","@id":"https:\/\/www.sibyllekaminski.de\/coaching-koeln\/#website","url":"https:\/\/www.sibyllekaminski.de\/coaching-koeln\/","name":"Coaching K\u00f6ln. Sibylle Kaminski.","description":"Systemisches Business Coaching und Life Coaching in K\u00f6ln. Stressbew\u00e4ltigungsseminare. Achtsamkeitsseminar im Kloster. Durchsetzungstraining f\u00fcr Frauen.","publisher":{"@id":"https:\/\/www.sibyllekaminski.de\/coaching-koeln\/#organization"},"potentialAction":[{"@type":"SearchAction","target":{"@type":"EntryPoint","urlTemplate":"https:\/\/www.sibyllekaminski.de\/coaching-koeln\/?s={search_term_string}"},"query-input":{"@type":"PropertyValueSpecification","valueRequired":true,"valueName":"search_term_string"}}],"inLanguage":"de"},{"@type":"Organization","@id":"https:\/\/www.sibyllekaminski.de\/coaching-koeln\/#organization","name":"Erfolgswege f\u00fcr Menschen und Unternehmen","url":"https:\/\/www.sibyllekaminski.de\/coaching-koeln\/","logo":{"@type":"ImageObject","inLanguage":"de","@id":"https:\/\/www.sibyllekaminski.de\/coaching-koeln\/#\/schema\/logo\/image\/","url":"https:\/\/www.sibyllekaminski.de\/coaching-koeln\/wp-content\/uploads\/2016\/10\/logo.png","contentUrl":"https:\/\/www.sibyllekaminski.de\/coaching-koeln\/wp-content\/uploads\/2016\/10\/logo.png","width":534,"height":78,"caption":"Erfolgswege f\u00fcr Menschen und Unternehmen"},"image":{"@id":"https:\/\/www.sibyllekaminski.de\/coaching-koeln\/#\/schema\/logo\/image\/"},"sameAs":["https:\/\/www.facebook.com\/relax.your.work\/"]}]}},"_links":{"self":[{"href":"https:\/\/www.sibyllekaminski.de\/coaching-koeln\/wp-json\/wp\/v2\/pages\/3410","targetHints":{"allow":["GET"]}}],"collection":[{"href":"https:\/\/www.sibyllekaminski.de\/coaching-koeln\/wp-json\/wp\/v2\/pages"}],"about":[{"href":"https:\/\/www.sibyllekaminski.de\/coaching-koeln\/wp-json\/wp\/v2\/types\/page"}],"author":[{"embeddable":true,"href":"https:\/\/www.sibyllekaminski.de\/coaching-koeln\/wp-json\/wp\/v2\/users\/6"}],"replies":[{"embeddable":true,"href":"https:\/\/www.sibyllekaminski.de\/coaching-koeln\/wp-json\/wp\/v2\/comments?post=3410"}],"version-history":[{"count":15,"href":"https:\/\/www.sibyllekaminski.de\/coaching-koeln\/wp-json\/wp\/v2\/pages\/3410\/revisions"}],"predecessor-version":[{"id":3446,"href":"https:\/\/www.sibyllekaminski.de\/coaching-koeln\/wp-json\/wp\/v2\/pages\/3410\/revisions\/3446"}],"wp:attachment":[{"href":"https:\/\/www.sibyllekaminski.de\/coaching-koeln\/wp-json\/wp\/v2\/media?parent=3410"}],"curies":[{"name":"wp","href":"https:\/\/api.w.org\/{rel}","templated":true}]}}