{"id":8,"date":"2016-10-24T14:57:47","date_gmt":"2016-10-24T12:57:47","guid":{"rendered":"https:\/\/www.sibyllekaminski.de\/coaching-koeln\/?page_id=8"},"modified":"2026-02-01T16:39:54","modified_gmt":"2026-02-01T15:39:54","slug":"httpswww-sibyllekaminski-decoaching-koeln","status":"publish","type":"page","link":"https:\/\/www.sibyllekaminski.de\/coaching-koeln\/","title":{"rendered":"Coaching K\u00f6ln \u2022 Souver\u00e4n auftreten \u2022 Mental gesund bleiben"},"content":{"rendered":"<div class=\"row\">\n<div class=\"small-12 medium-6 columns nopad\">\n<p><span style=\"color: #ad1158;\">Systemisches Coaching f\u00fcr Selbstst\u00e4ndige, F\u00fchrungskr\u00e4fte und Manager:innen<br \/>\n<\/span><span style=\"color: #ad1158;\">Schwerpunkte: Business &amp; Management, Erfolg &amp; Gelassenheit, Souver\u00e4nit\u00e4t<\/span><\/p>\n<p><strong>Relax your work<\/strong> = fachliche und pers\u00f6nliche Begleitung durch einen ganzheitlichen, systemisch-integrativen Ansatz seit 2004.<\/p>\n<p>Berufliche Themen lassen sich nicht isoliert von ihren &#8222;privaten&#8220; trennen. Ein professioneller Blick auf die Systeme, in denen Sie sich bewegen und deren Wechselwirkungen, l\u00f6st Komplexit\u00e4t sowie Spannungen und erweitert Ihre Handlungsm\u00f6glichkeiten.<\/p>\n<p><strong>Relax your work = agiles mindset, mentale Gesundheit, souver\u00e4ner Auftritt.<\/strong><\/p>\n<p><a href=\"https:\/\/www.sibyllekaminski.de\/coaching-koeln\/job-coaching\"><span style=\"color: #d9146c;\">Meine <span style=\"color: #ff00ff;\">Angebote<\/span>\u00a0<\/span><\/a><\/p>\n<p>Wer Fragen hat, braucht ein Gegen\u00fcber, um L\u00f6sungen und Antworten zu finden. Denn im Dialog entwickelt sich so manches leichter als in der Enge des eigenen Kopfes. Ich denke mit Ihnen vorw\u00e4rts. Stelle mich Ihren Fragen. Und setze mein Know-how daf\u00fcr ein, dass Sie Ihre beruflichen wie pers\u00f6nlichen Ziele schneller und leichter erreichen.<\/p>\n<\/div>\n<div class=\"small-12 medium-6 columns\">\n<p><div class=\"row nopadding\"><div class=\"small-12 columns\" id=\"buchungsdiv\"><a href=\"https:\/\/www.terminland.de\/sibyllekaminski\/\"  target=\"_blank\" id=\"buchungsbutton\"  title=\"Hier geht\u2019s zu meinem Terminkalender\" style=\"line-height:42px;margin-left:auto;margin-right:10px;margin-bottom:10px;float:left;\">Klarheit buchen<\/a><\/div><\/div> Kostenfreies Vorgespr\u00e4ch<br \/>\nIch freue mich auf Sie, ob weiblich, m\u00e4nnlich, divers!<\/p>\n<p>Sibylle Kaminski<br \/>\nSenior Professional Coach in K\u00f6ln<\/p>\n<\/div>\n<\/div>\n<div class=\"orbit hide-for-print\" role=\"region\" aria-label=\"Bild-Slider\" data-orbit data-use-m-u-i=\"false\" data-options=\"data-timer-delay=10000;animInFromLeft:fade-in; animInFromRight:fade-in; animOutToLeft:fade-out; animOutToRight:fade-out;\">\n\t\t\t<div class=\"orbit-wrapper\">\t\t\n\t\t\t\t<ul class=\"orbit-container\"><li class=\"is-active orbit-slide\" style=\"position:relative;top:0px;min-height:150px\"><figure class=\"orbit-figure\" style=\"min-height:150px\"><em>Vielen Dank f\u00fcr die tolle Gestaltung unserer Frauenversammlung. Wir sind sehr dankbar, dass wir einen Gl\u00fccksgriff mit Ihnen&hellip; <a href=\"https:\/\/www.sibyllekaminski.de\/coaching-koeln\/testimonials\/gleichstellungsbeauftragte-jobcenter\" class=\"read-more\">weiterlesen <\/a><\/em><div id=\"testimonial_author\">Gleichstellungsbeauftragte Jobcenter<\/div><\/figure><\/li><li class=\"is-active orbit-slide\" style=\"position:relative;top:0px;min-height:150px\"><figure class=\"orbit-figure\" style=\"min-height:150px\"><em>Ich sp\u00fcre eine Leichtigkeit, eine Sicherheit. Ich treffe Entscheidungen ohne Gr\u00fcbeln, finde L\u00f6sungen, kriege von oben und von&hellip; <a href=\"https:\/\/www.sibyllekaminski.de\/coaching-koeln\/testimonials\/aerztin-kardiologie\" class=\"read-more\">weiterlesen <\/a><\/em><div id=\"testimonial_author\">\u00c4rztin Kardiologie<\/div><\/figure><\/li><li class=\"is-active orbit-slide\" style=\"position:relative;top:0px;min-height:150px\"><figure class=\"orbit-figure\" style=\"min-height:150px\"><em>Anfang letzten Jahres war ich bei dir \/Ihnen in einem Kurs in der Melanchthon Akademie. Er hat sich&hellip; <a href=\"https:\/\/www.sibyllekaminski.de\/coaching-koeln\/testimonials\/workshop-teilnehmerin\" class=\"read-more\">weiterlesen <\/a><\/em><div id=\"testimonial_author\">Workshop-Teilnehmerin<\/div><\/figure><\/li><li class=\"is-active orbit-slide\" style=\"position:relative;top:0px;min-height:150px\"><figure class=\"orbit-figure\" style=\"min-height:150px\"><em>Vielen Dank nochmal f\u00fcr die tollen Impulse und Deine klare, ruhige und gleichzeitig bestimmte Art. Ich bin sehr&hellip; <a href=\"https:\/\/www.sibyllekaminski.de\/coaching-koeln\/testimonials\/seminarteilnehmerin\" class=\"read-more\">weiterlesen <\/a><\/em><div id=\"testimonial_author\">Seminarteilnehmerin<\/div><\/figure><\/li><li class=\"is-active orbit-slide\" style=\"position:relative;top:0px;min-height:150px\"><figure class=\"orbit-figure\" style=\"min-height:150px\"><em>Vielen Dank f\u00fcr Ihre Ermutigung und Unterst\u00fctzung. Ohne Ihre Arbeit blieben viele Tr\u00e4ume auch nur solche.<\/em><div id=\"testimonial_author\">Rechtsanw\u00e4ltin<\/div><\/figure><\/li><li class=\"is-active orbit-slide\" style=\"position:relative;top:0px;min-height:150px\"><figure class=\"orbit-figure\" style=\"min-height:150px\"><em>Mein Team funktioniert endlich. Ihr Satz: &#8222;Sie d\u00fcrfen die Chefin sein, die Sie sind!&#8220; war sehr wichtig f\u00fcr&hellip; <a href=\"https:\/\/www.sibyllekaminski.de\/coaching-koeln\/testimonials\/institutsleiterin\" class=\"read-more\">weiterlesen <\/a><\/em><div id=\"testimonial_author\">Institutsleiterin<\/div><\/figure><\/li><li class=\"is-active orbit-slide\" style=\"position:relative;top:0px;min-height:150px\"><figure class=\"orbit-figure\" style=\"min-height:150px\"><em>Vielen Dank f\u00fcr Deine Vorbereitung auf das Vorstellungsgespr\u00e4ch. Es lief hervorragend, ich habe in Ruhe und nach \u00dcberlegung&hellip; <a href=\"https:\/\/www.sibyllekaminski.de\/coaching-koeln\/testimonials\/fachangestellte\" class=\"read-more\">weiterlesen <\/a><\/em><div id=\"testimonial_author\">Steuerfachwirtin<\/div><\/figure><\/li><li class=\"is-active orbit-slide\" style=\"position:relative;top:0px;min-height:150px\"><figure class=\"orbit-figure\" style=\"min-height:150px\"><em>Very empathic coach not tied to one methodology. Sibylle can help with both private and work challenges. On&hellip; <a href=\"https:\/\/www.sibyllekaminski.de\/coaching-koeln\/testimonials\/it-spezialist\" class=\"read-more\">weiterlesen <\/a><\/em><div id=\"testimonial_author\">IT-Spezialist<\/div><\/figure><\/li><li class=\"is-active orbit-slide\" style=\"position:relative;top:0px;min-height:150px\"><figure class=\"orbit-figure\" style=\"min-height:150px\"><em>Ihr Coaching war eine spannende Erfahrung und hat mir sehr geholfen meine berufliche Situation neu zu beleuchten, meine&hellip; <a href=\"https:\/\/www.sibyllekaminski.de\/coaching-koeln\/testimonials\/freelancer\" class=\"read-more\">weiterlesen <\/a><\/em><div id=\"testimonial_author\">Freelancer<\/div><\/figure><\/li><li class=\"is-active orbit-slide\" style=\"position:relative;top:0px;min-height:150px\"><figure class=\"orbit-figure\" style=\"min-height:150px\"><em>Ich m\u00f6chte mich f\u00fcr Ihre warmherzige Art des Coachings bedanken! Ich glaube, das ist der Schl\u00fcssel zu einer&hellip; <a href=\"https:\/\/www.sibyllekaminski.de\/coaching-koeln\/testimonials\/moderatorin-wdr-koeln\" class=\"read-more\">weiterlesen <\/a><\/em><div id=\"testimonial_author\">Moderatorin WDR K\u00f6ln<\/div><\/figure><\/li><\/ul><\/div><nav class=\"orbit-bullets\"><button  class=\"is-active\" data-slide=\"0\"><span class=\"show-for-sr\">Testimonial Nr. 0<\/span><\/button><button  data-slide=\"1\"><span class=\"show-for-sr\">Testimonial Nr. 1<\/span><\/button><button  data-slide=\"2\"><span class=\"show-for-sr\">Testimonial Nr. 2<\/span><\/button><button  data-slide=\"3\"><span class=\"show-for-sr\">Testimonial Nr. 3<\/span><\/button><button  data-slide=\"4\"><span class=\"show-for-sr\">Testimonial Nr. 4<\/span><\/button><button  data-slide=\"5\"><span class=\"show-for-sr\">Testimonial Nr. 5<\/span><\/button><button  data-slide=\"6\"><span class=\"show-for-sr\">Testimonial Nr. 6<\/span><\/button><button  data-slide=\"7\"><span class=\"show-for-sr\">Testimonial Nr. 7<\/span><\/button><button  data-slide=\"8\"><span class=\"show-for-sr\">Testimonial Nr. 8<\/span><\/button><button  data-slide=\"9\"><span class=\"show-for-sr\">Testimonial Nr. 9<\/span><\/button><\/nav><\/div>\n<div class=\"row\" id=\"iconbar\"><div class=\"small-12 medium-6 large-3 columns text-center\"><h3><a href=\"https:\/\/www.sibyllekaminski.de\/coaching-koeln\/business-managment-coaching\">Business Coaching<\/a><\/h3><a href=\"https:\/\/www.sibyllekaminski.de\/coaching-koeln\/business-managment-coaching\"><img decoding=\"async\" src=\"https:\/\/www.sibyllekaminski.de\/coaching-koeln\/wp-content\/themes\/kaminski\/img\/icon-phone-business-coaching.png\"><\/a><br>Reflexion der beruflichen Rolle und Position, Komplexit\u00e4t l\u00f6sen, Klarheit gewinnen<\/div><div class=\"small-12 medium-6 large-3 columns text-center\"><h3><a href=\"https:\/\/www.sibyllekaminski.de\/coaching-koeln\/souveraen-auftreten\">Souver\u00e4nit\u00e4t<\/a><\/h3><a href=\"https:\/\/www.sibyllekaminski.de\/coaching-koeln\/souveraen-auftreten\"><img decoding=\"async\" src=\"https:\/\/www.sibyllekaminski.de\/coaching-koeln\/wp-content\/themes\/kaminski\/img\/icon-heart-pulse-life-coaching.png\"><\/a><br>Durchsetzungsstark, pr\u00e4sent, angstfrei in herausfordernden Situationen<\/div><div class=\"small-12 medium-6 large-3 columns text-center\"><h3><a href=\"https:\/\/www.sibyllekaminski.de\/coaching-koeln\/seminare-workshops-nrw\">Workshops<\/a><\/h3><a href=\"https:\/\/www.sibyllekaminski.de\/coaching-koeln\/seminare-workshops-nrw\"><img decoding=\"async\" src=\"https:\/\/www.sibyllekaminski.de\/coaching-koeln\/wp-content\/themes\/kaminski\/img\/icon-diamond-veranstaltungen.png\"><\/a><br>Souver\u00e4nit\u00e4tstraining, genderfair Vortr\u00e4ge und Workshops, Klosterauszeit<\/div><div class=\"small-12 medium-6 large-3 columns text-center\"><h3><a href=\"https:\/\/www.sibyllekaminski.de\/coaching-koeln\/referenzen\">Referenzen<\/a><\/h3><a href=\"https:\/\/www.sibyllekaminski.de\/coaching-koeln\/referenzen\"><img decoding=\"async\" src=\"https:\/\/www.sibyllekaminski.de\/coaching-koeln\/wp-content\/themes\/kaminski\/img\/icon-star-vita.png\"><\/a><br>Kund:innen-Feedback zu Coachings, Workshops, Trainings<\/div><\/div>\n","protected":false},"excerpt":{"rendered":"Ich m\u00f6chte mich f\u00fcr Ihre warmherzige Art des Coachings bedanken! Ich glaube, das ist der Schl\u00fcssel zu einer&hellip; <a href=\"https:\/\/www.sibyllekaminski.de\/coaching-koeln\/testimonials\/moderatorin-wdr-koeln\" class=\"read-more\">weiterlesen <\/a>","protected":false},"author":6,"featured_media":0,"parent":0,"menu_order":0,"comment_status":"closed","ping_status":"closed","template":"","meta":{"footnotes":""},"class_list":["post-8","page","type-page","status-publish","hentry"],"yoast_head":"<!-- This site is optimized with the Yoast SEO plugin v27.5 - https:\/\/yoast.com\/product\/yoast-seo-wordpress\/ -->\n<title>Coaching K\u00f6ln<\/title>\n<meta name=\"description\" content=\"Souver\u00e4n weiter kommen, mental gesund bleiben - Ich denke mit Ihnen vorw\u00e4rts! Seit 2004 Begleitung von F\u00fchrungskr\u00e4ften und Mitarbeitenden.\" \/>\n<meta name=\"robots\" content=\"index, follow, max-snippet:-1, max-image-preview:large, max-video-preview:-1\" \/>\n<link rel=\"canonical\" href=\"https:\/\/www.sibyllekaminski.de\/coaching-koeln\/\" \/>\n<meta property=\"og:locale\" content=\"de_DE\" \/>\n<meta property=\"og:type\" content=\"article\" \/>\n<meta property=\"og:title\" content=\"Sibylle Kaminski - Coaching K\u00f6ln\" \/>\n<meta property=\"og:description\" content=\"Souver\u00e4n weiter kommen, mental gesund bleiben - Ich denke mit Ihnen vorw\u00e4rts! Seit 2004 Begleitung von F\u00fchrungskr\u00e4ften und Mitarbeitenden.\" \/>\n<meta property=\"og:url\" content=\"https:\/\/www.sibyllekaminski.de\/coaching-koeln\/\" \/>\n<meta property=\"og:site_name\" content=\"Coaching K\u00f6ln. Sibylle Kaminski.\" \/>\n<meta property=\"article:publisher\" content=\"https:\/\/www.facebook.com\/relax.your.work\/\" \/>\n<meta property=\"article:modified_time\" content=\"2026-02-01T15:39:54+00:00\" \/>\n<meta property=\"og:image\" content=\"https:\/\/www.sibyllekaminski.de\/coaching-koeln\/wp-content\/uploads\/Sibylle_Kaminski_OG.jpg\" \/>\n\t<meta property=\"og:image:width\" content=\"1200\" \/>\n\t<meta property=\"og:image:height\" content=\"675\" \/>\n\t<meta property=\"og:image:type\" content=\"image\/jpeg\" \/>\n<meta name=\"twitter:card\" content=\"summary_large_image\" \/>\n<meta name=\"twitter:label1\" content=\"Gesch\u00e4tzte Lesezeit\" \/>\n\t<meta name=\"twitter:data1\" content=\"1\u00a0Minute\" \/>\n<script type=\"application\/ld+json\" class=\"yoast-schema-graph\">{\"@context\":\"https:\\\/\\\/schema.org\",\"@graph\":[{\"@type\":\"WebPage\",\"@id\":\"https:\\\/\\\/www.sibyllekaminski.de\\\/coaching-koeln\\\/\",\"url\":\"https:\\\/\\\/www.sibyllekaminski.de\\\/coaching-koeln\\\/\",\"name\":\"Coaching K\u00f6ln\",\"isPartOf\":{\"@id\":\"https:\\\/\\\/www.sibyllekaminski.de\\\/coaching-koeln\\\/#website\"},\"datePublished\":\"2016-10-24T12:57:47+00:00\",\"dateModified\":\"2026-02-01T15:39:54+00:00\",\"description\":\"Souver\u00e4n weiter kommen, mental gesund bleiben - Ich denke mit Ihnen vorw\u00e4rts! Seit 2004 Begleitung von F\u00fchrungskr\u00e4ften und Mitarbeitenden.\",\"breadcrumb\":{\"@id\":\"https:\\\/\\\/www.sibyllekaminski.de\\\/coaching-koeln\\\/#breadcrumb\"},\"inLanguage\":\"de\",\"potentialAction\":[{\"@type\":\"ReadAction\",\"target\":[\"https:\\\/\\\/www.sibyllekaminski.de\\\/coaching-koeln\\\/\"]}]},{\"@type\":\"BreadcrumbList\",\"@id\":\"https:\\\/\\\/www.sibyllekaminski.de\\\/coaching-koeln\\\/#breadcrumb\",\"itemListElement\":[{\"@type\":\"ListItem\",\"position\":1,\"name\":\"Startseite\",\"item\":\"https:\\\/\\\/www.sibyllekaminski.de\\\/coaching-koeln\\\/\"},{\"@type\":\"ListItem\",\"position\":2,\"name\":\"Coaching K\u00f6ln \u2022 Souver\u00e4n auftreten \u2022 Mental gesund bleiben\"}]},{\"@type\":\"WebSite\",\"@id\":\"https:\\\/\\\/www.sibyllekaminski.de\\\/coaching-koeln\\\/#website\",\"url\":\"https:\\\/\\\/www.sibyllekaminski.de\\\/coaching-koeln\\\/\",\"name\":\"Coaching K\u00f6ln. Sibylle Kaminski.\",\"description\":\"Systemisches Business Coaching und Life Coaching in K\u00f6ln. Stressbew\u00e4ltigungsseminare. Achtsamkeitsseminar im Kloster. Durchsetzungstraining f\u00fcr Frauen.\",\"publisher\":{\"@id\":\"https:\\\/\\\/www.sibyllekaminski.de\\\/coaching-koeln\\\/#organization\"},\"potentialAction\":[{\"@type\":\"SearchAction\",\"target\":{\"@type\":\"EntryPoint\",\"urlTemplate\":\"https:\\\/\\\/www.sibyllekaminski.de\\\/coaching-koeln\\\/?s={search_term_string}\"},\"query-input\":{\"@type\":\"PropertyValueSpecification\",\"valueRequired\":true,\"valueName\":\"search_term_string\"}}],\"inLanguage\":\"de\"},{\"@type\":\"Organization\",\"@id\":\"https:\\\/\\\/www.sibyllekaminski.de\\\/coaching-koeln\\\/#organization\",\"name\":\"Erfolgswege f\u00fcr Menschen und Unternehmen\",\"url\":\"https:\\\/\\\/www.sibyllekaminski.de\\\/coaching-koeln\\\/\",\"logo\":{\"@type\":\"ImageObject\",\"inLanguage\":\"de\",\"@id\":\"https:\\\/\\\/www.sibyllekaminski.de\\\/coaching-koeln\\\/#\\\/schema\\\/logo\\\/image\\\/\",\"url\":\"https:\\\/\\\/www.sibyllekaminski.de\\\/coaching-koeln\\\/wp-content\\\/uploads\\\/2016\\\/10\\\/logo.png\",\"contentUrl\":\"https:\\\/\\\/www.sibyllekaminski.de\\\/coaching-koeln\\\/wp-content\\\/uploads\\\/2016\\\/10\\\/logo.png\",\"width\":534,\"height\":78,\"caption\":\"Erfolgswege f\u00fcr Menschen und Unternehmen\"},\"image\":{\"@id\":\"https:\\\/\\\/www.sibyllekaminski.de\\\/coaching-koeln\\\/#\\\/schema\\\/logo\\\/image\\\/\"},\"sameAs\":[\"https:\\\/\\\/www.facebook.com\\\/relax.your.work\\\/\"]}]}<\/script>\n<!-- \/ Yoast SEO plugin. -->","yoast_head_json":{"title":"Coaching K\u00f6ln","description":"Souver\u00e4n weiter kommen, mental gesund bleiben - Ich denke mit Ihnen vorw\u00e4rts! Seit 2004 Begleitung von F\u00fchrungskr\u00e4ften und Mitarbeitenden.","robots":{"index":"index","follow":"follow","max-snippet":"max-snippet:-1","max-image-preview":"max-image-preview:large","max-video-preview":"max-video-preview:-1"},"canonical":"https:\/\/www.sibyllekaminski.de\/coaching-koeln\/","og_locale":"de_DE","og_type":"article","og_title":"Sibylle Kaminski - Coaching K\u00f6ln","og_description":"Souver\u00e4n weiter kommen, mental gesund bleiben - Ich denke mit Ihnen vorw\u00e4rts! Seit 2004 Begleitung von F\u00fchrungskr\u00e4ften und Mitarbeitenden.","og_url":"https:\/\/www.sibyllekaminski.de\/coaching-koeln\/","og_site_name":"Coaching K\u00f6ln. Sibylle Kaminski.","article_publisher":"https:\/\/www.facebook.com\/relax.your.work\/","article_modified_time":"2026-02-01T15:39:54+00:00","og_image":[{"width":1200,"height":675,"url":"https:\/\/www.sibyllekaminski.de\/coaching-koeln\/wp-content\/uploads\/Sibylle_Kaminski_OG.jpg","type":"image\/jpeg"}],"twitter_card":"summary_large_image","twitter_misc":{"Gesch\u00e4tzte Lesezeit":"1\u00a0Minute"},"schema":{"@context":"https:\/\/schema.org","@graph":[{"@type":"WebPage","@id":"https:\/\/www.sibyllekaminski.de\/coaching-koeln\/","url":"https:\/\/www.sibyllekaminski.de\/coaching-koeln\/","name":"Coaching K\u00f6ln","isPartOf":{"@id":"https:\/\/www.sibyllekaminski.de\/coaching-koeln\/#website"},"datePublished":"2016-10-24T12:57:47+00:00","dateModified":"2026-02-01T15:39:54+00:00","description":"Souver\u00e4n weiter kommen, mental gesund bleiben - Ich denke mit Ihnen vorw\u00e4rts! Seit 2004 Begleitung von F\u00fchrungskr\u00e4ften und Mitarbeitenden.","breadcrumb":{"@id":"https:\/\/www.sibyllekaminski.de\/coaching-koeln\/#breadcrumb"},"inLanguage":"de","potentialAction":[{"@type":"ReadAction","target":["https:\/\/www.sibyllekaminski.de\/coaching-koeln\/"]}]},{"@type":"BreadcrumbList","@id":"https:\/\/www.sibyllekaminski.de\/coaching-koeln\/#breadcrumb","itemListElement":[{"@type":"ListItem","position":1,"name":"Startseite","item":"https:\/\/www.sibyllekaminski.de\/coaching-koeln\/"},{"@type":"ListItem","position":2,"name":"Coaching K\u00f6ln \u2022 Souver\u00e4n auftreten \u2022 Mental gesund bleiben"}]},{"@type":"WebSite","@id":"https:\/\/www.sibyllekaminski.de\/coaching-koeln\/#website","url":"https:\/\/www.sibyllekaminski.de\/coaching-koeln\/","name":"Coaching K\u00f6ln. Sibylle Kaminski.","description":"Systemisches Business Coaching und Life Coaching in K\u00f6ln. Stressbew\u00e4ltigungsseminare. Achtsamkeitsseminar im Kloster. Durchsetzungstraining f\u00fcr Frauen.","publisher":{"@id":"https:\/\/www.sibyllekaminski.de\/coaching-koeln\/#organization"},"potentialAction":[{"@type":"SearchAction","target":{"@type":"EntryPoint","urlTemplate":"https:\/\/www.sibyllekaminski.de\/coaching-koeln\/?s={search_term_string}"},"query-input":{"@type":"PropertyValueSpecification","valueRequired":true,"valueName":"search_term_string"}}],"inLanguage":"de"},{"@type":"Organization","@id":"https:\/\/www.sibyllekaminski.de\/coaching-koeln\/#organization","name":"Erfolgswege f\u00fcr Menschen und Unternehmen","url":"https:\/\/www.sibyllekaminski.de\/coaching-koeln\/","logo":{"@type":"ImageObject","inLanguage":"de","@id":"https:\/\/www.sibyllekaminski.de\/coaching-koeln\/#\/schema\/logo\/image\/","url":"https:\/\/www.sibyllekaminski.de\/coaching-koeln\/wp-content\/uploads\/2016\/10\/logo.png","contentUrl":"https:\/\/www.sibyllekaminski.de\/coaching-koeln\/wp-content\/uploads\/2016\/10\/logo.png","width":534,"height":78,"caption":"Erfolgswege f\u00fcr Menschen und Unternehmen"},"image":{"@id":"https:\/\/www.sibyllekaminski.de\/coaching-koeln\/#\/schema\/logo\/image\/"},"sameAs":["https:\/\/www.facebook.com\/relax.your.work\/"]}]}},"_links":{"self":[{"href":"https:\/\/www.sibyllekaminski.de\/coaching-koeln\/wp-json\/wp\/v2\/pages\/8","targetHints":{"allow":["GET"]}}],"collection":[{"href":"https:\/\/www.sibyllekaminski.de\/coaching-koeln\/wp-json\/wp\/v2\/pages"}],"about":[{"href":"https:\/\/www.sibyllekaminski.de\/coaching-koeln\/wp-json\/wp\/v2\/types\/page"}],"author":[{"embeddable":true,"href":"https:\/\/www.sibyllekaminski.de\/coaching-koeln\/wp-json\/wp\/v2\/users\/6"}],"replies":[{"embeddable":true,"href":"https:\/\/www.sibyllekaminski.de\/coaching-koeln\/wp-json\/wp\/v2\/comments?post=8"}],"version-history":[{"count":249,"href":"https:\/\/www.sibyllekaminski.de\/coaching-koeln\/wp-json\/wp\/v2\/pages\/8\/revisions"}],"predecessor-version":[{"id":3615,"href":"https:\/\/www.sibyllekaminski.de\/coaching-koeln\/wp-json\/wp\/v2\/pages\/8\/revisions\/3615"}],"wp:attachment":[{"href":"https:\/\/www.sibyllekaminski.de\/coaching-koeln\/wp-json\/wp\/v2\/media?parent=8"}],"curies":[{"name":"wp","href":"https:\/\/api.w.org\/{rel}","templated":true}]}}